{"id":156516,"date":"2025-01-26T17:11:16","date_gmt":"2025-01-26T16:11:16","guid":{"rendered":"https:\/\/www.metrica.it\/prodotto\/bravo-laser-rotativo-incligrad-2-green-4\/"},"modified":"2025-05-15T14:27:51","modified_gmt":"2025-05-15T12:27:51","slug":"bravo-laser-rotativo-incligrad-2-green-4","status":"publish","type":"product","link":"https:\/\/www.metrica.it\/fr\/produit\/bravo-laser-rotativo-incligrad-2-green-4\/","title":{"rendered":"BRAVO LASER ROTATIVO INCLIGRAD 2 GREEN"},"content":{"rendered":"<ul>\n<li>G\u00e9n\u00e8re un plan horizontal, vertical ou inclin\u00e9e, ce-dernier r\u00e9glable \u00e0 \u00b1 10% dans les axes X et Y, et le point d\u2019aplomb<\/li>\n<li>R\u00e9cepteur haute sensibilit\u00e9 avec indication d&rsquo;\u00e9cart en mm<\/li>\n<li>Capot en alliage<\/li>\n<li>En faisant tourner le dispositif de 90\u00b0, il g\u00e9n\u00e8re un plan laser vertical et un rayon horizontal auto-stabilis\u00e9<\/li>\n<li>Le plan inclin\u00e9 est affich\u00e9 sur le display<\/li>\n<li>Fonction SCANNER: pour tracer une ligne plus visible et plus courte sur 4 longueurs \u00e0 choix: 10\u00b0 &#8211; 45\u00b0- 90\u00b0 &#8211; 180\u00b0<\/li>\n<li>Fonction TILT: alarme sonore en cas de d\u00e9placement involontaire.<\/li>\n<li>Fonction de rotation PAS-\u00c0-PAS<\/li>\n<li>Fonction MANUELLE qui exclut le nivellement automatique<\/li>\n<li>4 poign\u00e9es en caoutchouc pour une prise facilite et une meilleure protection<\/li>\n<li>R\u00e9ception t\u00e9l\u00e9commande sur le 4 c\u00f4t\u00e9s de l&rsquo;appareil pour r\u00e9glage des axes X et Y<\/li>\n<li>Pile rechargeable Li-ion pour une longue dur\u00e9e.<\/li>\n<\/ul>\n","protected":false},"excerpt":{"rendered":"<p>G\u00e9n\u00e8re un plan horizontal, vertical ou inclin\u00e9e, ce-dernier r\u00e9glable \u00e0 \u00b1 10% dans les axes X et Y, et le point d\u2019aplomb<br \/>\nR\u00e9cepteur haute sensibilit\u00e9 avec indication d&rsquo;\u00e9cart en mm<br \/>\nCapot en alliage<br \/>\nEn faisant tourner le dispositif de 90\u00b0, il g\u00e9n\u00e8re un plan laser vertical et un rayon horizontal auto-stabilis\u00e9<br \/>\nLe plan inclin\u00e9 est affich\u00e9 sur le display<br \/>\nFonction SCANNER: pour tracer une ligne plus visible et plus courte sur 4 longueurs \u00e0 choix: 10\u00b0 &#8211; 45\u00b0- 90\u00b0 &#8211; 180\u00b0<br \/>\nFonction TILT: alarme sonore en cas de d\u00e9placement involontaire.<br \/>\nFonction de rotation PAS-\u00c0-PAS<br \/>\nFonction MANUELLE qui exclut le nivellement automatique<br \/>\n4 poign\u00e9es en caoutchouc pour une prise facilite et une meilleure protection<br \/>\nR\u00e9ception t\u00e9l\u00e9commande sur le 4 c\u00f4t\u00e9s de l&rsquo;appareil pour r\u00e9glage des axes X et Y<br \/>\nPile rechargeable Li-ion pour une longue dur\u00e9e.<\/p>\n","protected":false},"featured_media":156503,"template":"","meta":[],"product_cat":[515,522],"product_tag":[],"class_list":{"0":"post-156516","1":"product","2":"type-product","3":"status-publish","4":"has-post-thumbnail","6":"product_cat-laser-et-cameras-thermiques","7":"product_cat-lasers-rotatifs","9":"first","10":"instock","11":"sold-individually","12":"product-type-simple"},"yoast_head":"<title>BRAVO LASER ROTATIVO INCLIGRAD 2 GREEN - Metrica<\/title>\n<meta name=\"robots\" content=\"index, follow, max-snippet:-1, max-image-preview:large, max-video-preview:-1\" \/>\n<link rel=\"canonical\" href=\"https:\/\/www.metrica.it\/fr\/produit\/bravo-laser-rotativo-incligrad-2-green-4\/\" \/>\n<meta property=\"og:locale\" content=\"fr_FR\" \/>\n<meta property=\"og:type\" content=\"article\" \/>\n<meta property=\"og:title\" content=\"BRAVO LASER ROTATIVO INCLIGRAD 2 GREEN - Metrica\" \/>\n<meta property=\"og:description\" content=\"G\u00e9n\u00e8re un plan horizontal, vertical ou inclin\u00e9e, ce-dernier r\u00e9glable \u00e0 \u00b1 10% dans les axes X et Y, et le point d\u2019aplomb R\u00e9cepteur haute sensibilit\u00e9 avec indication d&#039;\u00e9cart en mm Capot en alliage En faisant tourner le dispositif de 90\u00b0, il g\u00e9n\u00e8re un plan laser vertical et un rayon horizontal auto-stabilis\u00e9 Le plan inclin\u00e9 est affich\u00e9 sur le display Fonction SCANNER: pour tracer une ligne plus visible et plus courte sur 4 longueurs \u00e0 choix: 10\u00b0 - 45\u00b0- 90\u00b0 - 180\u00b0 Fonction TILT: alarme sonore en cas de d\u00e9placement involontaire. Fonction de rotation PAS-\u00c0-PAS Fonction MANUELLE qui exclut le nivellement automatique 4 poign\u00e9es en caoutchouc pour une prise facilite et une meilleure protection R\u00e9ception t\u00e9l\u00e9commande sur le 4 c\u00f4t\u00e9s de l&#039;appareil pour r\u00e9glage des axes X et Y Pile rechargeable Li-ion pour une longue dur\u00e9e.\" \/>\n<meta property=\"og:url\" content=\"https:\/\/www.metrica.it\/fr\/produit\/bravo-laser-rotativo-incligrad-2-green-4\/\" \/>\n<meta property=\"og:site_name\" content=\"Metrica\" \/>\n<meta property=\"article:modified_time\" content=\"2025-05-15T12:27:51+00:00\" \/>\n<meta property=\"og:image\" content=\"https:\/\/www.metrica.it\/wp-content\/uploads\/2025\/01\/61392-scaled.jpg\" \/>\n\t<meta property=\"og:image:width\" content=\"2560\" \/>\n\t<meta property=\"og:image:height\" content=\"2560\" \/>\n\t<meta property=\"og:image:type\" content=\"image\/jpeg\" \/>\n<meta name=\"twitter:card\" content=\"summary_large_image\" \/>\n<meta name=\"twitter:label1\" content=\"Dur\u00e9e de lecture estim\u00e9e\" \/>\n\t<meta name=\"twitter:data1\" content=\"1 minute\" \/>\n<script type=\"application\/ld+json\" class=\"yoast-schema-graph\">{\"@context\":\"https:\\\/\\\/schema.org\",\"@graph\":[{\"@type\":\"WebPage\",\"@id\":\"https:\\\/\\\/www.metrica.it\\\/fr\\\/produit\\\/bravo-laser-rotativo-incligrad-2-green-4\\\/\",\"url\":\"https:\\\/\\\/www.metrica.it\\\/fr\\\/produit\\\/bravo-laser-rotativo-incligrad-2-green-4\\\/\",\"name\":\"BRAVO LASER ROTATIVO INCLIGRAD 2 GREEN - Metrica\",\"isPartOf\":{\"@id\":\"https:\\\/\\\/www.metrica.it\\\/fr\\\/#website\"},\"primaryImageOfPage\":{\"@id\":\"https:\\\/\\\/www.metrica.it\\\/fr\\\/produit\\\/bravo-laser-rotativo-incligrad-2-green-4\\\/#primaryimage\"},\"image\":{\"@id\":\"https:\\\/\\\/www.metrica.it\\\/fr\\\/produit\\\/bravo-laser-rotativo-incligrad-2-green-4\\\/#primaryimage\"},\"thumbnailUrl\":\"https:\\\/\\\/www.metrica.it\\\/wp-content\\\/uploads\\\/2025\\\/01\\\/61392-scaled.jpg\",\"datePublished\":\"2025-01-26T16:11:16+00:00\",\"dateModified\":\"2025-05-15T12:27:51+00:00\",\"breadcrumb\":{\"@id\":\"https:\\\/\\\/www.metrica.it\\\/fr\\\/produit\\\/bravo-laser-rotativo-incligrad-2-green-4\\\/#breadcrumb\"},\"inLanguage\":\"fr-FR\",\"potentialAction\":[{\"@type\":\"ReadAction\",\"target\":[\"https:\\\/\\\/www.metrica.it\\\/fr\\\/produit\\\/bravo-laser-rotativo-incligrad-2-green-4\\\/\"]}]},{\"@type\":\"ImageObject\",\"inLanguage\":\"fr-FR\",\"@id\":\"https:\\\/\\\/www.metrica.it\\\/fr\\\/produit\\\/bravo-laser-rotativo-incligrad-2-green-4\\\/#primaryimage\",\"url\":\"https:\\\/\\\/www.metrica.it\\\/wp-content\\\/uploads\\\/2025\\\/01\\\/61392-scaled.jpg\",\"contentUrl\":\"https:\\\/\\\/www.metrica.it\\\/wp-content\\\/uploads\\\/2025\\\/01\\\/61392-scaled.jpg\",\"width\":2560,\"height\":2560},{\"@type\":\"BreadcrumbList\",\"@id\":\"https:\\\/\\\/www.metrica.it\\\/fr\\\/produit\\\/bravo-laser-rotativo-incligrad-2-green-4\\\/#breadcrumb\",\"itemListElement\":[{\"@type\":\"ListItem\",\"position\":1,\"name\":\"Home\",\"item\":\"https:\\\/\\\/www.metrica.it\\\/fr\\\/\"},{\"@type\":\"ListItem\",\"position\":2,\"name\":\"Catalogue\",\"item\":\"https:\\\/\\\/www.metrica.it\\\/fr\\\/catalogue\\\/\"},{\"@type\":\"ListItem\",\"position\":3,\"name\":\"BRAVO LASER ROTATIVO INCLIGRAD 2 GREEN\"}]},{\"@type\":\"WebSite\",\"@id\":\"https:\\\/\\\/www.metrica.it\\\/fr\\\/#website\",\"url\":\"https:\\\/\\\/www.metrica.it\\\/fr\\\/\",\"name\":\"Metrica\",\"description\":\"Made to measure\",\"potentialAction\":[{\"@type\":\"SearchAction\",\"target\":{\"@type\":\"EntryPoint\",\"urlTemplate\":\"https:\\\/\\\/www.metrica.it\\\/fr\\\/?s={search_term_string}\"},\"query-input\":{\"@type\":\"PropertyValueSpecification\",\"valueRequired\":true,\"valueName\":\"search_term_string\"}}],\"inLanguage\":\"fr-FR\"}]}<\/script>","yoast_head_json":{"title":"BRAVO LASER ROTATIVO INCLIGRAD 2 GREEN - Metrica","robots":{"index":"index","follow":"follow","max-snippet":"max-snippet:-1","max-image-preview":"max-image-preview:large","max-video-preview":"max-video-preview:-1"},"canonical":"https:\/\/www.metrica.it\/fr\/produit\/bravo-laser-rotativo-incligrad-2-green-4\/","og_locale":"fr_FR","og_type":"article","og_title":"BRAVO LASER ROTATIVO INCLIGRAD 2 GREEN - Metrica","og_description":"G\u00e9n\u00e8re un plan horizontal, vertical ou inclin\u00e9e, ce-dernier r\u00e9glable \u00e0 \u00b1 10% dans les axes X et Y, et le point d\u2019aplomb R\u00e9cepteur haute sensibilit\u00e9 avec indication d'\u00e9cart en mm Capot en alliage En faisant tourner le dispositif de 90\u00b0, il g\u00e9n\u00e8re un plan laser vertical et un rayon horizontal auto-stabilis\u00e9 Le plan inclin\u00e9 est affich\u00e9 sur le display Fonction SCANNER: pour tracer une ligne plus visible et plus courte sur 4 longueurs \u00e0 choix: 10\u00b0 - 45\u00b0- 90\u00b0 - 180\u00b0 Fonction TILT: alarme sonore en cas de d\u00e9placement involontaire. Fonction de rotation PAS-\u00c0-PAS Fonction MANUELLE qui exclut le nivellement automatique 4 poign\u00e9es en caoutchouc pour une prise facilite et une meilleure protection R\u00e9ception t\u00e9l\u00e9commande sur le 4 c\u00f4t\u00e9s de l'appareil pour r\u00e9glage des axes X et Y Pile rechargeable Li-ion pour une longue dur\u00e9e.","og_url":"https:\/\/www.metrica.it\/fr\/produit\/bravo-laser-rotativo-incligrad-2-green-4\/","og_site_name":"Metrica","article_modified_time":"2025-05-15T12:27:51+00:00","og_image":[{"width":2560,"height":2560,"url":"https:\/\/www.metrica.it\/wp-content\/uploads\/2025\/01\/61392-scaled.jpg","type":"image\/jpeg"}],"twitter_card":"summary_large_image","twitter_misc":{"Dur\u00e9e de lecture estim\u00e9e":"1 minute"},"schema":{"@context":"https:\/\/schema.org","@graph":[{"@type":"WebPage","@id":"https:\/\/www.metrica.it\/fr\/produit\/bravo-laser-rotativo-incligrad-2-green-4\/","url":"https:\/\/www.metrica.it\/fr\/produit\/bravo-laser-rotativo-incligrad-2-green-4\/","name":"BRAVO LASER ROTATIVO INCLIGRAD 2 GREEN - Metrica","isPartOf":{"@id":"https:\/\/www.metrica.it\/fr\/#website"},"primaryImageOfPage":{"@id":"https:\/\/www.metrica.it\/fr\/produit\/bravo-laser-rotativo-incligrad-2-green-4\/#primaryimage"},"image":{"@id":"https:\/\/www.metrica.it\/fr\/produit\/bravo-laser-rotativo-incligrad-2-green-4\/#primaryimage"},"thumbnailUrl":"https:\/\/www.metrica.it\/wp-content\/uploads\/2025\/01\/61392-scaled.jpg","datePublished":"2025-01-26T16:11:16+00:00","dateModified":"2025-05-15T12:27:51+00:00","breadcrumb":{"@id":"https:\/\/www.metrica.it\/fr\/produit\/bravo-laser-rotativo-incligrad-2-green-4\/#breadcrumb"},"inLanguage":"fr-FR","potentialAction":[{"@type":"ReadAction","target":["https:\/\/www.metrica.it\/fr\/produit\/bravo-laser-rotativo-incligrad-2-green-4\/"]}]},{"@type":"ImageObject","inLanguage":"fr-FR","@id":"https:\/\/www.metrica.it\/fr\/produit\/bravo-laser-rotativo-incligrad-2-green-4\/#primaryimage","url":"https:\/\/www.metrica.it\/wp-content\/uploads\/2025\/01\/61392-scaled.jpg","contentUrl":"https:\/\/www.metrica.it\/wp-content\/uploads\/2025\/01\/61392-scaled.jpg","width":2560,"height":2560},{"@type":"BreadcrumbList","@id":"https:\/\/www.metrica.it\/fr\/produit\/bravo-laser-rotativo-incligrad-2-green-4\/#breadcrumb","itemListElement":[{"@type":"ListItem","position":1,"name":"Home","item":"https:\/\/www.metrica.it\/fr\/"},{"@type":"ListItem","position":2,"name":"Catalogue","item":"https:\/\/www.metrica.it\/fr\/catalogue\/"},{"@type":"ListItem","position":3,"name":"BRAVO LASER ROTATIVO INCLIGRAD 2 GREEN"}]},{"@type":"WebSite","@id":"https:\/\/www.metrica.it\/fr\/#website","url":"https:\/\/www.metrica.it\/fr\/","name":"Metrica","description":"Made to measure","potentialAction":[{"@type":"SearchAction","target":{"@type":"EntryPoint","urlTemplate":"https:\/\/www.metrica.it\/fr\/?s={search_term_string}"},"query-input":{"@type":"PropertyValueSpecification","valueRequired":true,"valueName":"search_term_string"}}],"inLanguage":"fr-FR"}]}},"meta_box":{"awr_documentation":[{"filesize":5120325,"ID":"156502","name":"61392.pdf","path":"\/var\/www\/html\/wp-content\/uploads\/2025\/01\/61392.pdf","url":"https:\/\/www.metrica.it\/wp-content\/uploads\/2025\/01\/61392.pdf","title":"61392.pdf"}],"awr_manuale":[],"awr_scheda_tecnica":"<table>\n<tbody>\n<tr>\n<td>Pr\u00e9cision de nivellement<\/td>\n<td>horizontal \u00b1 3 mm \/ 30 m<\/td>\n<\/tr>\n<tr>\n<td>Pr\u00e9cision de nivellement<\/td>\n<td>vertical \u00b1 5 mm \/ 30 m<\/td>\n<\/tr>\n<tr>\n<td>Plage d'auto-nivellement<\/td>\n<td>\u00b1 5\u00b0<\/td>\n<\/tr>\n<tr>\n<td>Plage de r\u00e9glage des pentes<\/td>\n<td>\u00b1 10%<\/td>\n<\/tr>\n<tr>\n<td>Syst\u00e8me de nivellement<\/td>\n<td>Senseur \u00e9lectronique rapide<\/td>\n<\/tr>\n<tr>\n<td>Autonomie<\/td>\n<td>~ 35 heure<\/td>\n<\/tr>\n<tr>\n<td>Port\u00e9e<\/td>\n<td>500 m \u00d8<\/td>\n<\/tr>\n<tr>\n<td>Vitesses de rotation<\/td>\n<td>0-60-120-300-600 t\/min<\/td>\n<\/tr>\n<tr>\n<td>Fonction Scanner<\/td>\n<td>10\u00b0 - 45\u00b0 - 90\u00b0 - 180\u00b0<\/td>\n<\/tr>\n<tr>\n<td>Fonction Tilt<\/td>\n<td>oui<\/td>\n<\/tr>\n<tr>\n<td>Type de laser<\/td>\n<td>515\/638nm,<\/td>\n<\/tr>\n<tr>\n<td>Puissance du laser<\/td>\n<td>Classe 2<\/td>\n<\/tr>\n<tr>\n<td>Piles<\/td>\n<td>4 x Li-ion 4000mAh 1,2 V<\/td>\n<\/tr>\n<tr>\n<td>Dimensions<\/td>\n<td>220 x 220 x 210<\/td>\n<\/tr>\n<tr>\n<td>Temp\u00e9rature d\u2019exercice<\/td>\n<td>-10 \u00b0C \/ +50 \u00b0C<\/td>\n<\/tr>\n<tr>\n<td>Poids (sans les piles)<\/td>\n<td>3,5 Kg<\/td>\n<\/tr>\n<tr>\n<td>Etanch\u00e9it\u00e9<\/td>\n<td>IP 54<\/td>\n<\/tr>\n<tr>\n<td>Filetage pour tr\u00e9pied<\/td>\n<td>5\/8\u201d<\/td>\n<\/tr>\n<tr>\n<td>Port\u00e9e de la t\u00e9l\u00e9commande<\/td>\n<td>~ 30 \/ 10 m (in\/out)<\/td>\n<\/tr>\n<tr>\n<td>Piles pour t\u00e9l\u00e9commande<\/td>\n<td>2 x 1,5 V DC<\/td>\n<\/tr>\n<tr>\n<td>Pile pour le r\u00e9cepteur<\/td>\n<td>1 x 9 V DC<\/td>\n<\/tr>\n<\/tbody>\n<\/table>\n","awr_youtube_video":"","awr_classe_prodotto":"","awr_customize_product":"0","awr_custom_image":false,"awr_related_products":[{"awr_product_references":"ref:61392|ean:800106661392|pack:1"}],"awr_consumabili":"61393,61394,61389,61391,60712","awr_alternativi":"61385,61386,61350,61395,61345","awr_aliases":"61392","awr_skuid":"61392-it"},"_links":{"self":[{"href":"https:\/\/www.metrica.it\/fr\/wp-json\/wp\/v2\/product\/156516","targetHints":{"allow":["GET"]}}],"collection":[{"href":"https:\/\/www.metrica.it\/fr\/wp-json\/wp\/v2\/product"}],"about":[{"href":"https:\/\/www.metrica.it\/fr\/wp-json\/wp\/v2\/types\/product"}],"wp:featuredmedia":[{"embeddable":true,"href":"https:\/\/www.metrica.it\/fr\/wp-json\/wp\/v2\/media\/156503"}],"wp:attachment":[{"href":"https:\/\/www.metrica.it\/fr\/wp-json\/wp\/v2\/media?parent=156516"}],"wp:term":[{"taxonomy":"product_cat","embeddable":true,"href":"https:\/\/www.metrica.it\/fr\/wp-json\/wp\/v2\/product_cat?post=156516"},{"taxonomy":"product_tag","embeddable":true,"href":"https:\/\/www.metrica.it\/fr\/wp-json\/wp\/v2\/product_tag?post=156516"}],"curies":[{"name":"wp","href":"https:\/\/api.w.org\/{rel}","templated":true}]}}