{"id":156682,"date":"2025-02-02T13:03:57","date_gmt":"2025-02-02T12:03:57","guid":{"rendered":"https:\/\/www.metrica.it\/prodotto\/300-zoom-4\/"},"modified":"2025-02-03T15:38:53","modified_gmt":"2025-02-03T14:38:53","slug":"300-zoom-4","status":"publish","type":"product","link":"https:\/\/www.metrica.it\/fr\/produit\/300-zoom-4\/","title":{"rendered":"300 ZOOM"},"content":{"rendered":"<ul>\n<li>Cam\u00e9ra jusqu\u2019\u00e0 300 m<\/li>\n<li>Zoom 4x et viseur avec Point Finder<\/li>\n<li>Photos avec mesures<\/li>\n<li>Capture d\u2019\u00e9cran avec mesure enregistr\u00e9e<\/li>\n<li>M\u00e9moire 100 photos avec mesures<\/li>\n<li>Fonction exclusive HSA (Horizontal Sound Assistant)<\/li>\n<li>Inclinom\u00e8tre horizontal\/vertical avec indicateur<\/li>\n<li>Fonction Point2Point : fournit les distances entre 2 points horizontaux<\/li>\n<li>Pr\u00e9cision \u00b1 2 mm<\/li>\n<li>IP 65<\/li>\n<li>Batterie rechargeable par c\u00e2ble ou par induction<\/li>\n<li>Fonction trap\u00e8ze triangle surface, cylindre et volume du cylindre<\/li>\n<li>Rotation de l\u2019\u00e9cran<\/li>\n<li>Filetage 1\/4\u201d pour connexion au tr\u00e9pied<\/li>\n<li>5 fonctions Pythagore<\/li>\n<li>S\u00e9lection de l\u2019\u00e9cran en noir ou blanc<\/li>\n<\/ul>\n","protected":false},"excerpt":{"rendered":"<p>Cam\u00e9ra jusqu\u2019\u00e0 300 m <br \/>Zoom 4x et viseur avec Point Finder <br \/>Photos avec mesures <br \/>Capture d\u2019\u00e9cran avec mesure enregistr\u00e9e <br \/>M\u00e9moire 100 photos avec mesures <br \/>Fonction exclusive HSA (Horizontal Sound Assistant) <br \/>Inclinom\u00e8tre horizontal\/vertical avec indicateur <br \/>Fonction Point2Point : fournit les distances entre 2 points horizontaux <br \/>Pr\u00e9cision \u00b1 2 mm <br \/>IP 65 <br \/>Batterie rechargeable par c\u00e2ble ou par induction <br \/>Fonction trap\u00e8ze triangle surface, cylindre et volume du cylindre <br \/>Rotation de l\u2019\u00e9cran <br \/>Filetage 1\/4\u201d pour connexion au tr\u00e9pied <br \/>5 fonctions Pythagore <br \/>S\u00e9lection de l\u2019\u00e9cran en noir ou blanc <\/p>\n","protected":false},"featured_media":156670,"template":"","meta":[],"product_cat":[526,515],"product_tag":[],"class_list":{"0":"post-156682","1":"product","2":"type-product","3":"status-publish","4":"has-post-thumbnail","6":"product_cat-distancemetres-laser","7":"product_cat-laser-et-cameras-thermiques","9":"first","10":"instock","11":"sold-individually","12":"product-type-simple"},"yoast_head":"<title>300 ZOOM - Metrica<\/title>\n<meta name=\"robots\" content=\"index, follow, max-snippet:-1, max-image-preview:large, max-video-preview:-1\" \/>\n<link rel=\"canonical\" href=\"https:\/\/www.metrica.it\/fr\/produit\/300-zoom-4\/\" \/>\n<meta property=\"og:locale\" content=\"fr_FR\" \/>\n<meta property=\"og:type\" content=\"article\" \/>\n<meta property=\"og:title\" content=\"300 ZOOM - Metrica\" \/>\n<meta property=\"og:description\" content=\"Cam\u00e9ra jusqu\u2019\u00e0 300 m Zoom 4x et viseur avec Point Finder Photos avec mesures Capture d\u2019\u00e9cran avec mesure enregistr\u00e9e M\u00e9moire 100 photos avec mesures Fonction exclusive HSA (Horizontal Sound Assistant) Inclinom\u00e8tre horizontal\/vertical avec indicateur Fonction Point2Point : fournit les distances entre 2 points horizontaux Pr\u00e9cision \u00b1 2 mm IP 65 Batterie rechargeable par c\u00e2ble ou par induction Fonction trap\u00e8ze triangle surface, cylindre et volume du cylindre Rotation de l\u2019\u00e9cran Filetage 1\/4\u201d pour connexion au tr\u00e9pied 5 fonctions Pythagore S\u00e9lection de l\u2019\u00e9cran en noir ou blanc\" \/>\n<meta property=\"og:url\" content=\"https:\/\/www.metrica.it\/fr\/produit\/300-zoom-4\/\" \/>\n<meta property=\"og:site_name\" content=\"Metrica\" \/>\n<meta property=\"article:modified_time\" content=\"2025-02-03T14:38:53+00:00\" \/>\n<meta property=\"og:image\" content=\"https:\/\/www.metrica.it\/wp-content\/uploads\/2025\/02\/61270.jpg\" \/>\n\t<meta property=\"og:image:width\" content=\"1200\" \/>\n\t<meta property=\"og:image:height\" content=\"1200\" \/>\n\t<meta property=\"og:image:type\" content=\"image\/jpeg\" \/>\n<meta name=\"twitter:card\" content=\"summary_large_image\" \/>\n<meta name=\"twitter:label1\" content=\"Dur\u00e9e de lecture estim\u00e9e\" \/>\n\t<meta name=\"twitter:data1\" content=\"1 minute\" \/>\n<script type=\"application\/ld+json\" class=\"yoast-schema-graph\">{\"@context\":\"https:\\\/\\\/schema.org\",\"@graph\":[{\"@type\":\"WebPage\",\"@id\":\"https:\\\/\\\/www.metrica.it\\\/fr\\\/produit\\\/300-zoom-4\\\/\",\"url\":\"https:\\\/\\\/www.metrica.it\\\/fr\\\/produit\\\/300-zoom-4\\\/\",\"name\":\"300 ZOOM - Metrica\",\"isPartOf\":{\"@id\":\"https:\\\/\\\/www.metrica.it\\\/fr\\\/#website\"},\"primaryImageOfPage\":{\"@id\":\"https:\\\/\\\/www.metrica.it\\\/fr\\\/produit\\\/300-zoom-4\\\/#primaryimage\"},\"image\":{\"@id\":\"https:\\\/\\\/www.metrica.it\\\/fr\\\/produit\\\/300-zoom-4\\\/#primaryimage\"},\"thumbnailUrl\":\"https:\\\/\\\/www.metrica.it\\\/wp-content\\\/uploads\\\/2025\\\/02\\\/61270.jpg\",\"datePublished\":\"2025-02-02T12:03:57+00:00\",\"dateModified\":\"2025-02-03T14:38:53+00:00\",\"breadcrumb\":{\"@id\":\"https:\\\/\\\/www.metrica.it\\\/fr\\\/produit\\\/300-zoom-4\\\/#breadcrumb\"},\"inLanguage\":\"fr-FR\",\"potentialAction\":[{\"@type\":\"ReadAction\",\"target\":[\"https:\\\/\\\/www.metrica.it\\\/fr\\\/produit\\\/300-zoom-4\\\/\"]}]},{\"@type\":\"ImageObject\",\"inLanguage\":\"fr-FR\",\"@id\":\"https:\\\/\\\/www.metrica.it\\\/fr\\\/produit\\\/300-zoom-4\\\/#primaryimage\",\"url\":\"https:\\\/\\\/www.metrica.it\\\/wp-content\\\/uploads\\\/2025\\\/02\\\/61270.jpg\",\"contentUrl\":\"https:\\\/\\\/www.metrica.it\\\/wp-content\\\/uploads\\\/2025\\\/02\\\/61270.jpg\",\"width\":1200,\"height\":1200},{\"@type\":\"BreadcrumbList\",\"@id\":\"https:\\\/\\\/www.metrica.it\\\/fr\\\/produit\\\/300-zoom-4\\\/#breadcrumb\",\"itemListElement\":[{\"@type\":\"ListItem\",\"position\":1,\"name\":\"Home\",\"item\":\"https:\\\/\\\/www.metrica.it\\\/fr\\\/\"},{\"@type\":\"ListItem\",\"position\":2,\"name\":\"Catalogue\",\"item\":\"https:\\\/\\\/www.metrica.it\\\/fr\\\/catalogue\\\/\"},{\"@type\":\"ListItem\",\"position\":3,\"name\":\"300 ZOOM\"}]},{\"@type\":\"WebSite\",\"@id\":\"https:\\\/\\\/www.metrica.it\\\/fr\\\/#website\",\"url\":\"https:\\\/\\\/www.metrica.it\\\/fr\\\/\",\"name\":\"Metrica\",\"description\":\"Made to measure\",\"potentialAction\":[{\"@type\":\"SearchAction\",\"target\":{\"@type\":\"EntryPoint\",\"urlTemplate\":\"https:\\\/\\\/www.metrica.it\\\/fr\\\/?s={search_term_string}\"},\"query-input\":{\"@type\":\"PropertyValueSpecification\",\"valueRequired\":true,\"valueName\":\"search_term_string\"}}],\"inLanguage\":\"fr-FR\"}]}<\/script>","yoast_head_json":{"title":"300 ZOOM - Metrica","robots":{"index":"index","follow":"follow","max-snippet":"max-snippet:-1","max-image-preview":"max-image-preview:large","max-video-preview":"max-video-preview:-1"},"canonical":"https:\/\/www.metrica.it\/fr\/produit\/300-zoom-4\/","og_locale":"fr_FR","og_type":"article","og_title":"300 ZOOM - Metrica","og_description":"Cam\u00e9ra jusqu\u2019\u00e0 300 m Zoom 4x et viseur avec Point Finder Photos avec mesures Capture d\u2019\u00e9cran avec mesure enregistr\u00e9e M\u00e9moire 100 photos avec mesures Fonction exclusive HSA (Horizontal Sound Assistant) Inclinom\u00e8tre horizontal\/vertical avec indicateur Fonction Point2Point : fournit les distances entre 2 points horizontaux Pr\u00e9cision \u00b1 2 mm IP 65 Batterie rechargeable par c\u00e2ble ou par induction Fonction trap\u00e8ze triangle surface, cylindre et volume du cylindre Rotation de l\u2019\u00e9cran Filetage 1\/4\u201d pour connexion au tr\u00e9pied 5 fonctions Pythagore S\u00e9lection de l\u2019\u00e9cran en noir ou blanc","og_url":"https:\/\/www.metrica.it\/fr\/produit\/300-zoom-4\/","og_site_name":"Metrica","article_modified_time":"2025-02-03T14:38:53+00:00","og_image":[{"width":1200,"height":1200,"url":"https:\/\/www.metrica.it\/wp-content\/uploads\/2025\/02\/61270.jpg","type":"image\/jpeg"}],"twitter_card":"summary_large_image","twitter_misc":{"Dur\u00e9e de lecture estim\u00e9e":"1 minute"},"schema":{"@context":"https:\/\/schema.org","@graph":[{"@type":"WebPage","@id":"https:\/\/www.metrica.it\/fr\/produit\/300-zoom-4\/","url":"https:\/\/www.metrica.it\/fr\/produit\/300-zoom-4\/","name":"300 ZOOM - Metrica","isPartOf":{"@id":"https:\/\/www.metrica.it\/fr\/#website"},"primaryImageOfPage":{"@id":"https:\/\/www.metrica.it\/fr\/produit\/300-zoom-4\/#primaryimage"},"image":{"@id":"https:\/\/www.metrica.it\/fr\/produit\/300-zoom-4\/#primaryimage"},"thumbnailUrl":"https:\/\/www.metrica.it\/wp-content\/uploads\/2025\/02\/61270.jpg","datePublished":"2025-02-02T12:03:57+00:00","dateModified":"2025-02-03T14:38:53+00:00","breadcrumb":{"@id":"https:\/\/www.metrica.it\/fr\/produit\/300-zoom-4\/#breadcrumb"},"inLanguage":"fr-FR","potentialAction":[{"@type":"ReadAction","target":["https:\/\/www.metrica.it\/fr\/produit\/300-zoom-4\/"]}]},{"@type":"ImageObject","inLanguage":"fr-FR","@id":"https:\/\/www.metrica.it\/fr\/produit\/300-zoom-4\/#primaryimage","url":"https:\/\/www.metrica.it\/wp-content\/uploads\/2025\/02\/61270.jpg","contentUrl":"https:\/\/www.metrica.it\/wp-content\/uploads\/2025\/02\/61270.jpg","width":1200,"height":1200},{"@type":"BreadcrumbList","@id":"https:\/\/www.metrica.it\/fr\/produit\/300-zoom-4\/#breadcrumb","itemListElement":[{"@type":"ListItem","position":1,"name":"Home","item":"https:\/\/www.metrica.it\/fr\/"},{"@type":"ListItem","position":2,"name":"Catalogue","item":"https:\/\/www.metrica.it\/fr\/catalogue\/"},{"@type":"ListItem","position":3,"name":"300 ZOOM"}]},{"@type":"WebSite","@id":"https:\/\/www.metrica.it\/fr\/#website","url":"https:\/\/www.metrica.it\/fr\/","name":"Metrica","description":"Made to measure","potentialAction":[{"@type":"SearchAction","target":{"@type":"EntryPoint","urlTemplate":"https:\/\/www.metrica.it\/fr\/?s={search_term_string}"},"query-input":{"@type":"PropertyValueSpecification","valueRequired":true,"valueName":"search_term_string"}}],"inLanguage":"fr-FR"}]}},"meta_box":{"awr_documentation":[{"filesize":1653524,"ID":"156669","name":"61270.pdf","path":"\/var\/www\/html\/wp-content\/uploads\/2025\/02\/61270.pdf","url":"https:\/\/www.metrica.it\/wp-content\/uploads\/2025\/02\/61270.pdf","title":"61270.pdf"}],"awr_manuale":[],"awr_scheda_tecnica":"<table>\n<tr>\n<td>Port\u00e9e<\/td>\n<td>0,2-300 m<\/td>\n<\/tr>\n<tr>\n<td>Pr\u00e9cision<\/td>\n<td>+\/- (2,0 mm+5x10-5 D)<\/td>\n<\/tr>\n<tr>\n<td>HSA Technology<\/td>\n<td> oui<\/td>\n<\/tr>\n<tr>\n<td>Mesure individuelle<\/td>\n<td> oui<\/td>\n<\/tr>\n<tr>\n<td>Mesure continue<\/td>\n<td> oui<\/td>\n<\/tr>\n<tr>\n<td>Superficie<\/td>\n<td> oui<\/td>\n<\/tr>\n<tr>\n<td>Volume<\/td>\n<td> oui<\/td>\n<\/tr>\n<tr>\n<td>Pythagore<\/td>\n<td> oui<\/td>\n<\/tr>\n<tr>\n<td>Niveau automatique<\/td>\n<td> oui<\/td>\n<\/tr>\n<tr>\n<td>Hauteur automatique<\/td>\n<td> oui<\/td>\n<\/tr>\n<tr>\n<td>Point \u00e0 point (P2P)<\/td>\n<td> oui<\/td>\n<\/tr>\n<tr>\n<td>Trap\u00e8ze<\/td>\n<td> oui<\/td>\n<\/tr>\n<tr>\n<td>Superficie du triangle<\/td>\n<td> oui<\/td>\n<\/tr>\n<tr>\n<td>Volume cylindrique<\/td>\n<td> oui<\/td>\n<\/tr>\n<tr>\n<td>Fonction pas-\u00e0-pas<\/td>\n<td> oui<\/td>\n<\/tr>\n<tr>\n<td>Mesure retard\u00e9e<\/td>\n<td> oui<\/td>\n<\/tr>\n<tr>\n<td>Cam\u00e9ra de recherche de point<\/td>\n<td> oui<\/td>\n<\/tr>\n<tr>\n<td>R\u00e9glage constant<\/td>\n<td> oui<\/td>\n<\/tr>\n<tr>\n<td>Addition\/soustraction<\/td>\n<td> oui<\/td>\n<\/tr>\n<tr>\n<td>Capteur d\u2019inclinaison<\/td>\n<td> oui<\/td>\n<\/tr>\n<tr>\n<td>Recharge sans fil<\/td>\n<td> oui<\/td>\n<\/tr>\n<tr>\n<td>Rotation de l\u2019\u00e9cran<\/td>\n<td> oui<\/td>\n<\/tr>\n<tr>\n<td>Affichage couleur 3\" HD<\/td>\n<td> oui<\/td>\n<\/tr>\n<tr>\n<td>Luminosit\u00e9 de l\u2019affichage int\u00e9rieur\/ext\u00e9rieur<\/td>\n<td> oui<\/td>\n<\/tr>\n<tr>\n<td>Interface USB Micro USB<\/td>\n<td> oui<\/td>\n<\/tr>\n<tr>\n<td>Stockage des captures d\u2019\u00e9cran <\/td>\n<td>100<\/td>\n<\/tr>\n<tr>\n<td>M\u00e9moire <\/td>\n<td>1000 mesures<\/td>\n<\/tr>\n<tr>\n<td>R\u00e9f\u00e9rence mesure : sup\/inf\/tr\u00e9pied<\/td>\n<td> oui<\/td>\n<\/tr>\n<tr>\n<td>Unit\u00e9 m\/ft\/in\/ft+in\/mm<\/td>\n<td> oui<\/td>\n<\/tr>\n<tr>\n<td>Arr\u00eat automatique <\/td>\n<td>apr\u00e8s d\u2019inactivit\u00e9 180s<\/td>\n<\/tr>\n<tr>\n<td>Indice de protection<\/td>\n<td> IP65<\/td>\n<\/tr>\n<tr>\n<td>Classe laser<\/td>\n<td> Classe 2<\/td>\n<\/tr>\n<tr>\n<td>Type de laser <\/td>\n<td> 630-670nm, &lt;1mW<\/td>\n<\/tr>\n<tr>\n<td>Type de batterie<\/td>\n<td> 3*AAA NI-MH rechargeable<\/td>\n<\/tr>\n<tr>\n<td>Temp\u00e9rature de fonctionnement 0 du C~+40 du C (32 du F~+104 du F)<\/td>\n<td> 0\u00b0C~+40\u00b0C (32\u00b0F~+104\u00b0F)<\/td>\n<\/tr>\n<tr>\n<td>Dimensions mm <\/td>\n<td> 130x54x28<\/td>\n<\/tr>\n<tr>\n<td>Poids avec batterie<\/td>\n<td> 190 g<\/td>\n<\/tr>\n<\/table>\n","awr_youtube_video":"https:\/\/www.youtube.com\/embed\/IJ_LHgrntVU","awr_classe_prodotto":"","awr_customize_product":"0","awr_custom_image":false,"awr_related_products":[{"awr_product_references":"ref:61270|l:0,05 - 300 m|ean:8001066612703|pack:1"}],"awr_consumabili":"","awr_alternativi":"61190,6126","awr_aliases":"61270","awr_skuid":"61270-it"},"_links":{"self":[{"href":"https:\/\/www.metrica.it\/fr\/wp-json\/wp\/v2\/product\/156682","targetHints":{"allow":["GET"]}}],"collection":[{"href":"https:\/\/www.metrica.it\/fr\/wp-json\/wp\/v2\/product"}],"about":[{"href":"https:\/\/www.metrica.it\/fr\/wp-json\/wp\/v2\/types\/product"}],"wp:featuredmedia":[{"embeddable":true,"href":"https:\/\/www.metrica.it\/fr\/wp-json\/wp\/v2\/media\/156670"}],"wp:attachment":[{"href":"https:\/\/www.metrica.it\/fr\/wp-json\/wp\/v2\/media?parent=156682"}],"wp:term":[{"taxonomy":"product_cat","embeddable":true,"href":"https:\/\/www.metrica.it\/fr\/wp-json\/wp\/v2\/product_cat?post=156682"},{"taxonomy":"product_tag","embeddable":true,"href":"https:\/\/www.metrica.it\/fr\/wp-json\/wp\/v2\/product_tag?post=156682"}],"curies":[{"name":"wp","href":"https:\/\/api.w.org\/{rel}","templated":true}]}}