{"id":156911,"date":"2025-02-09T14:18:54","date_gmt":"2025-02-09T13:18:54","guid":{"rendered":"https:\/\/www.metrica.it\/prodotto\/support-magnetique-pour-murs-plaquistes\/"},"modified":"2025-03-29T12:36:06","modified_gmt":"2025-03-29T11:36:06","slug":"support-magnetique-pour-murs-plaquistes-60849","status":"publish","type":"product","link":"https:\/\/www.metrica.it\/fr\/produit\/support-magnetique-pour-murs-plaquistes-60849\/","title":{"rendered":"SUPPORT MAGN\u00c9TIQUE POUR MURS\/PLAQUISTES"},"content":{"rendered":"<ul>\n<li>Support magn\u00e9tique<\/li>\n<li>Utilisation possible sur: murs en m\u00e9taux ferreux, avec goujons, clous<\/li>\n<li>Peut \u00eatre utilis\u00e9 avec des lasers \u00e0 filetage 1\/4&Prime;<\/li>\n<li>Peut \u00eatre utilis\u00e9 sur des tr\u00e9pieds avec un filetage de 1\/4&Prime; ou 5\/8&Prime;<\/li>\n<\/ul>\n","protected":false},"excerpt":{"rendered":"<p>Support magn\u00e9tique<br \/>\nUtilisation possible sur: murs en m\u00e9taux ferreux, avec goujons, clous<br \/>\nPeut \u00eatre utilis\u00e9 avec des lasers \u00e0 filetage 1\/4&Prime;<br \/>\nPeut \u00eatre utilis\u00e9 sur des tr\u00e9pieds avec un filetage de 1\/4&Prime; ou 5\/8&Prime;<\/p>\n","protected":false},"featured_media":156906,"template":"","meta":[],"product_cat":[521,515],"product_tag":[],"class_list":{"0":"post-156911","1":"product","2":"type-product","3":"status-publish","4":"has-post-thumbnail","6":"product_cat-accessoires-pour-lasers","7":"product_cat-laser-et-cameras-thermiques","9":"first","10":"instock","11":"sold-individually","12":"product-type-simple"},"yoast_head":"<title>SUPPORT MAGN\u00c9TIQUE POUR MURS\/PLAQUISTES - Metrica<\/title>\n<meta name=\"robots\" content=\"index, follow, max-snippet:-1, max-image-preview:large, max-video-preview:-1\" \/>\n<link rel=\"canonical\" href=\"https:\/\/www.metrica.it\/fr\/produit\/support-magnetique-pour-murs-plaquistes-60849\/\" \/>\n<meta property=\"og:locale\" content=\"fr_FR\" \/>\n<meta property=\"og:type\" content=\"article\" \/>\n<meta property=\"og:title\" content=\"SUPPORT MAGN\u00c9TIQUE POUR MURS\/PLAQUISTES - Metrica\" \/>\n<meta property=\"og:description\" content=\"Support magn\u00e9tique Utilisation possible sur: murs en m\u00e9taux ferreux, avec goujons, clous Peut \u00eatre utilis\u00e9 avec des lasers \u00e0 filetage 1\/4&quot; Peut \u00eatre utilis\u00e9 sur des tr\u00e9pieds avec un filetage de 1\/4&quot; ou 5\/8&quot;\" \/>\n<meta property=\"og:url\" content=\"https:\/\/www.metrica.it\/fr\/produit\/support-magnetique-pour-murs-plaquistes-60849\/\" \/>\n<meta property=\"og:site_name\" content=\"Metrica\" \/>\n<meta property=\"article:modified_time\" content=\"2025-03-29T11:36:06+00:00\" \/>\n<meta property=\"og:image\" content=\"https:\/\/www.metrica.it\/wp-content\/uploads\/2025\/02\/60849.jpg\" \/>\n\t<meta property=\"og:image:width\" content=\"1200\" \/>\n\t<meta property=\"og:image:height\" content=\"1200\" \/>\n\t<meta property=\"og:image:type\" content=\"image\/jpeg\" \/>\n<meta name=\"twitter:card\" content=\"summary_large_image\" \/>\n<meta name=\"twitter:label1\" content=\"Dur\u00e9e de lecture estim\u00e9e\" \/>\n\t<meta name=\"twitter:data1\" content=\"1 minute\" \/>\n<script type=\"application\/ld+json\" class=\"yoast-schema-graph\">{\"@context\":\"https:\\\/\\\/schema.org\",\"@graph\":[{\"@type\":\"WebPage\",\"@id\":\"https:\\\/\\\/www.metrica.it\\\/fr\\\/produit\\\/support-magnetique-pour-murs-plaquistes-60849\\\/\",\"url\":\"https:\\\/\\\/www.metrica.it\\\/fr\\\/produit\\\/support-magnetique-pour-murs-plaquistes-60849\\\/\",\"name\":\"SUPPORT MAGN\u00c9TIQUE POUR MURS\\\/PLAQUISTES - Metrica\",\"isPartOf\":{\"@id\":\"https:\\\/\\\/www.metrica.it\\\/fr\\\/#website\"},\"primaryImageOfPage\":{\"@id\":\"https:\\\/\\\/www.metrica.it\\\/fr\\\/produit\\\/support-magnetique-pour-murs-plaquistes-60849\\\/#primaryimage\"},\"image\":{\"@id\":\"https:\\\/\\\/www.metrica.it\\\/fr\\\/produit\\\/support-magnetique-pour-murs-plaquistes-60849\\\/#primaryimage\"},\"thumbnailUrl\":\"https:\\\/\\\/www.metrica.it\\\/wp-content\\\/uploads\\\/2025\\\/02\\\/60849.jpg\",\"datePublished\":\"2025-02-09T13:18:54+00:00\",\"dateModified\":\"2025-03-29T11:36:06+00:00\",\"breadcrumb\":{\"@id\":\"https:\\\/\\\/www.metrica.it\\\/fr\\\/produit\\\/support-magnetique-pour-murs-plaquistes-60849\\\/#breadcrumb\"},\"inLanguage\":\"fr-FR\",\"potentialAction\":[{\"@type\":\"ReadAction\",\"target\":[\"https:\\\/\\\/www.metrica.it\\\/fr\\\/produit\\\/support-magnetique-pour-murs-plaquistes-60849\\\/\"]}]},{\"@type\":\"ImageObject\",\"inLanguage\":\"fr-FR\",\"@id\":\"https:\\\/\\\/www.metrica.it\\\/fr\\\/produit\\\/support-magnetique-pour-murs-plaquistes-60849\\\/#primaryimage\",\"url\":\"https:\\\/\\\/www.metrica.it\\\/wp-content\\\/uploads\\\/2025\\\/02\\\/60849.jpg\",\"contentUrl\":\"https:\\\/\\\/www.metrica.it\\\/wp-content\\\/uploads\\\/2025\\\/02\\\/60849.jpg\",\"width\":1200,\"height\":1200},{\"@type\":\"BreadcrumbList\",\"@id\":\"https:\\\/\\\/www.metrica.it\\\/fr\\\/produit\\\/support-magnetique-pour-murs-plaquistes-60849\\\/#breadcrumb\",\"itemListElement\":[{\"@type\":\"ListItem\",\"position\":1,\"name\":\"Home\",\"item\":\"https:\\\/\\\/www.metrica.it\\\/fr\\\/\"},{\"@type\":\"ListItem\",\"position\":2,\"name\":\"Catalogue\",\"item\":\"https:\\\/\\\/www.metrica.it\\\/fr\\\/catalogue\\\/\"},{\"@type\":\"ListItem\",\"position\":3,\"name\":\"SUPPORT MAGN\u00c9TIQUE POUR MURS\\\/PLAQUISTES\"}]},{\"@type\":\"WebSite\",\"@id\":\"https:\\\/\\\/www.metrica.it\\\/fr\\\/#website\",\"url\":\"https:\\\/\\\/www.metrica.it\\\/fr\\\/\",\"name\":\"Metrica\",\"description\":\"Made to measure\",\"potentialAction\":[{\"@type\":\"SearchAction\",\"target\":{\"@type\":\"EntryPoint\",\"urlTemplate\":\"https:\\\/\\\/www.metrica.it\\\/fr\\\/?s={search_term_string}\"},\"query-input\":{\"@type\":\"PropertyValueSpecification\",\"valueRequired\":true,\"valueName\":\"search_term_string\"}}],\"inLanguage\":\"fr-FR\"}]}<\/script>","yoast_head_json":{"title":"SUPPORT MAGN\u00c9TIQUE POUR MURS\/PLAQUISTES - Metrica","robots":{"index":"index","follow":"follow","max-snippet":"max-snippet:-1","max-image-preview":"max-image-preview:large","max-video-preview":"max-video-preview:-1"},"canonical":"https:\/\/www.metrica.it\/fr\/produit\/support-magnetique-pour-murs-plaquistes-60849\/","og_locale":"fr_FR","og_type":"article","og_title":"SUPPORT MAGN\u00c9TIQUE POUR MURS\/PLAQUISTES - Metrica","og_description":"Support magn\u00e9tique Utilisation possible sur: murs en m\u00e9taux ferreux, avec goujons, clous Peut \u00eatre utilis\u00e9 avec des lasers \u00e0 filetage 1\/4\" Peut \u00eatre utilis\u00e9 sur des tr\u00e9pieds avec un filetage de 1\/4\" ou 5\/8\"","og_url":"https:\/\/www.metrica.it\/fr\/produit\/support-magnetique-pour-murs-plaquistes-60849\/","og_site_name":"Metrica","article_modified_time":"2025-03-29T11:36:06+00:00","og_image":[{"width":1200,"height":1200,"url":"https:\/\/www.metrica.it\/wp-content\/uploads\/2025\/02\/60849.jpg","type":"image\/jpeg"}],"twitter_card":"summary_large_image","twitter_misc":{"Dur\u00e9e de lecture estim\u00e9e":"1 minute"},"schema":{"@context":"https:\/\/schema.org","@graph":[{"@type":"WebPage","@id":"https:\/\/www.metrica.it\/fr\/produit\/support-magnetique-pour-murs-plaquistes-60849\/","url":"https:\/\/www.metrica.it\/fr\/produit\/support-magnetique-pour-murs-plaquistes-60849\/","name":"SUPPORT MAGN\u00c9TIQUE POUR MURS\/PLAQUISTES - Metrica","isPartOf":{"@id":"https:\/\/www.metrica.it\/fr\/#website"},"primaryImageOfPage":{"@id":"https:\/\/www.metrica.it\/fr\/produit\/support-magnetique-pour-murs-plaquistes-60849\/#primaryimage"},"image":{"@id":"https:\/\/www.metrica.it\/fr\/produit\/support-magnetique-pour-murs-plaquistes-60849\/#primaryimage"},"thumbnailUrl":"https:\/\/www.metrica.it\/wp-content\/uploads\/2025\/02\/60849.jpg","datePublished":"2025-02-09T13:18:54+00:00","dateModified":"2025-03-29T11:36:06+00:00","breadcrumb":{"@id":"https:\/\/www.metrica.it\/fr\/produit\/support-magnetique-pour-murs-plaquistes-60849\/#breadcrumb"},"inLanguage":"fr-FR","potentialAction":[{"@type":"ReadAction","target":["https:\/\/www.metrica.it\/fr\/produit\/support-magnetique-pour-murs-plaquistes-60849\/"]}]},{"@type":"ImageObject","inLanguage":"fr-FR","@id":"https:\/\/www.metrica.it\/fr\/produit\/support-magnetique-pour-murs-plaquistes-60849\/#primaryimage","url":"https:\/\/www.metrica.it\/wp-content\/uploads\/2025\/02\/60849.jpg","contentUrl":"https:\/\/www.metrica.it\/wp-content\/uploads\/2025\/02\/60849.jpg","width":1200,"height":1200},{"@type":"BreadcrumbList","@id":"https:\/\/www.metrica.it\/fr\/produit\/support-magnetique-pour-murs-plaquistes-60849\/#breadcrumb","itemListElement":[{"@type":"ListItem","position":1,"name":"Home","item":"https:\/\/www.metrica.it\/fr\/"},{"@type":"ListItem","position":2,"name":"Catalogue","item":"https:\/\/www.metrica.it\/fr\/catalogue\/"},{"@type":"ListItem","position":3,"name":"SUPPORT MAGN\u00c9TIQUE POUR MURS\/PLAQUISTES"}]},{"@type":"WebSite","@id":"https:\/\/www.metrica.it\/fr\/#website","url":"https:\/\/www.metrica.it\/fr\/","name":"Metrica","description":"Made to measure","potentialAction":[{"@type":"SearchAction","target":{"@type":"EntryPoint","urlTemplate":"https:\/\/www.metrica.it\/fr\/?s={search_term_string}"},"query-input":{"@type":"PropertyValueSpecification","valueRequired":true,"valueName":"search_term_string"}}],"inLanguage":"fr-FR"}]}},"meta_box":{"awr_documentation":[],"awr_manuale":[],"awr_scheda_tecnica":"","awr_youtube_video":"","awr_classe_prodotto":"","awr_customize_product":"0","awr_custom_image":false,"awr_related_products":[{"awr_product_references":"ref:60849|ean:8001066608492|pack:1"}],"awr_consumabili":"","awr_alternativi":"61340,61440,61342,61447","awr_aliases":"60849","awr_skuid":"60849-it"},"_links":{"self":[{"href":"https:\/\/www.metrica.it\/fr\/wp-json\/wp\/v2\/product\/156911","targetHints":{"allow":["GET"]}}],"collection":[{"href":"https:\/\/www.metrica.it\/fr\/wp-json\/wp\/v2\/product"}],"about":[{"href":"https:\/\/www.metrica.it\/fr\/wp-json\/wp\/v2\/types\/product"}],"wp:featuredmedia":[{"embeddable":true,"href":"https:\/\/www.metrica.it\/fr\/wp-json\/wp\/v2\/media\/156906"}],"wp:attachment":[{"href":"https:\/\/www.metrica.it\/fr\/wp-json\/wp\/v2\/media?parent=156911"}],"wp:term":[{"taxonomy":"product_cat","embeddable":true,"href":"https:\/\/www.metrica.it\/fr\/wp-json\/wp\/v2\/product_cat?post=156911"},{"taxonomy":"product_tag","embeddable":true,"href":"https:\/\/www.metrica.it\/fr\/wp-json\/wp\/v2\/product_tag?post=156911"}],"curies":[{"name":"wp","href":"https:\/\/api.w.org\/{rel}","templated":true}]}}