{"id":156925,"date":"2025-02-09T14:19:10","date_gmt":"2025-02-09T13:19:10","guid":{"rendered":"https:\/\/www.metrica.it\/prodotto\/recepteur-pour-machines-de-terrassement\/"},"modified":"2025-02-09T14:19:52","modified_gmt":"2025-02-09T13:19:52","slug":"recepteur-pour-machines-de-terrassement","status":"publish","type":"product","link":"https:\/\/www.metrica.it\/fr\/produit\/recepteur-pour-machines-de-terrassement\/","title":{"rendered":"R\u00e9cepteur Pour Machines De Terrassement"},"content":{"rendered":"<ul>\n<li>Peut \u00eatre utilis\u00e9 pour les lasers rouges et verts<\/li>\n<li>Permet le contr\u00f4le du nivellement sur les machines de terrassement<\/li>\n<li>Intercepte le signal de n\u2019importe quel laser rotatif rouge<\/li>\n<li>Longueur de la barre de r\u00e9ception 25 cm et 360\u00b0 de port\u00e9e de r\u00e9ception<\/li>\n<li>Les diodes \u00e9lectroluminescentes interceptent le faisceau laser<\/li>\n<li>Fourni avec colliers ou aimants pour fixation sur le bras de l&rsquo;engin<\/li>\n<li>Double pr\u00e9cision \u00e0 choix<\/li>\n<li>Protection IP 66 \u00e9tanche \u00e0 la poussi\u00e8re et \u00e0 l\u2019eau (cellule)<\/li>\n<li>Dispositif de r\u00e9ception \u00e0 distance<\/li>\n<li>\u00c9quip\u00e9 d\u2019un chargeur 220 v, c\u00e2ble pour piles de v\u00e9hicule 12 v et c\u00e2ble de raccordement entre r\u00e9cepteur et r\u00e9cepteur \u00e0 distance<\/li>\n<li>Dur\u00e9e des piles env. 40 heures<\/li>\n<li>R\u00e9f. 60871 &#8211; 2 colliers de fixation (pi\u00e8ce de rechange)<\/li>\n<li>R\u00e9f. 60872 &#8211; 2 aimants de fixation (pi\u00e8ce de rechange)<\/li>\n<\/ul>\n","protected":false},"excerpt":{"rendered":"<p>Peut \u00eatre utilis\u00e9 pour les lasers rouges et verts <br \/>Permet le contr\u00f4le du nivellement sur les machines de terrassement <br \/>Intercepte le signal de n\u2019importe quel laser rotatif rouge <br \/>Longueur de la barre de r\u00e9ception 25 cm et 360\u00b0 de port\u00e9e de r\u00e9ception <br \/>Les diodes \u00e9lectroluminescentes interceptent le faisceau laser <br \/>Fourni avec colliers ou aimants pour fixation sur le bras de l&rsquo;engin <br \/>Double pr\u00e9cision \u00e0 choix <br \/>Protection IP 66 \u00e9tanche \u00e0 la poussi\u00e8re et \u00e0 l\u2019eau (cellule) <br \/>Dispositif de r\u00e9ception \u00e0 distance <br \/>\u00c9quip\u00e9 d\u2019un chargeur 220 v, c\u00e2ble pour piles de v\u00e9hicule 12 v et c\u00e2ble de raccordement entre r\u00e9cepteur et r\u00e9cepteur \u00e0 distance <br \/>Dur\u00e9e des piles env. 40 heures <br \/>R\u00e9f. 60871 &#8211; 2 colliers de fixation (pi\u00e8ce de rechange) <br \/>R\u00e9f. 60872 &#8211; 2 aimants de fixation (pi\u00e8ce de rechange) <\/p>\n","protected":false},"featured_media":156915,"template":"","meta":[],"product_cat":[521,515],"product_tag":[],"class_list":{"0":"post-156925","1":"product","2":"type-product","3":"status-publish","4":"has-post-thumbnail","6":"product_cat-accessoires-pour-lasers","7":"product_cat-laser-et-cameras-thermiques","9":"first","10":"instock","11":"sold-individually","12":"product-type-simple"},"yoast_head":"<title>R\u00e9cepteur Pour Machines De Terrassement - Metrica<\/title>\n<meta name=\"robots\" content=\"index, follow, max-snippet:-1, max-image-preview:large, max-video-preview:-1\" \/>\n<link rel=\"canonical\" href=\"https:\/\/www.metrica.it\/fr\/produit\/recepteur-pour-machines-de-terrassement\/\" \/>\n<meta property=\"og:locale\" content=\"fr_FR\" \/>\n<meta property=\"og:type\" content=\"article\" \/>\n<meta property=\"og:title\" content=\"R\u00e9cepteur Pour Machines De Terrassement - Metrica\" \/>\n<meta property=\"og:description\" content=\"Peut \u00eatre utilis\u00e9 pour les lasers rouges et verts Permet le contr\u00f4le du nivellement sur les machines de terrassement Intercepte le signal de n\u2019importe quel laser rotatif rouge Longueur de la barre de r\u00e9ception 25 cm et 360\u00b0 de port\u00e9e de r\u00e9ception Les diodes \u00e9lectroluminescentes interceptent le faisceau laser Fourni avec colliers ou aimants pour fixation sur le bras de l&#039;engin Double pr\u00e9cision \u00e0 choix Protection IP 66 \u00e9tanche \u00e0 la poussi\u00e8re et \u00e0 l\u2019eau (cellule) Dispositif de r\u00e9ception \u00e0 distance \u00c9quip\u00e9 d\u2019un chargeur 220 v, c\u00e2ble pour piles de v\u00e9hicule 12 v et c\u00e2ble de raccordement entre r\u00e9cepteur et r\u00e9cepteur \u00e0 distance Dur\u00e9e des piles env. 40 heures R\u00e9f. 60871 - 2 colliers de fixation (pi\u00e8ce de rechange) R\u00e9f. 60872 - 2 aimants de fixation (pi\u00e8ce de rechange)\" \/>\n<meta property=\"og:url\" content=\"https:\/\/www.metrica.it\/fr\/produit\/recepteur-pour-machines-de-terrassement\/\" \/>\n<meta property=\"og:site_name\" content=\"Metrica\" \/>\n<meta property=\"article:modified_time\" content=\"2025-02-09T13:19:52+00:00\" \/>\n<meta property=\"og:image\" content=\"https:\/\/www.metrica.it\/wp-content\/uploads\/2025\/02\/60895.jpg\" \/>\n\t<meta property=\"og:image:width\" content=\"660\" \/>\n\t<meta property=\"og:image:height\" content=\"660\" \/>\n\t<meta property=\"og:image:type\" content=\"image\/jpeg\" \/>\n<meta name=\"twitter:card\" content=\"summary_large_image\" \/>\n<meta name=\"twitter:label1\" content=\"Dur\u00e9e de lecture estim\u00e9e\" \/>\n\t<meta name=\"twitter:data1\" content=\"1 minute\" \/>\n<script type=\"application\/ld+json\" class=\"yoast-schema-graph\">{\"@context\":\"https:\\\/\\\/schema.org\",\"@graph\":[{\"@type\":\"WebPage\",\"@id\":\"https:\\\/\\\/www.metrica.it\\\/fr\\\/produit\\\/recepteur-pour-machines-de-terrassement\\\/\",\"url\":\"https:\\\/\\\/www.metrica.it\\\/fr\\\/produit\\\/recepteur-pour-machines-de-terrassement\\\/\",\"name\":\"R\u00e9cepteur Pour Machines De Terrassement - Metrica\",\"isPartOf\":{\"@id\":\"https:\\\/\\\/www.metrica.it\\\/fr\\\/#website\"},\"primaryImageOfPage\":{\"@id\":\"https:\\\/\\\/www.metrica.it\\\/fr\\\/produit\\\/recepteur-pour-machines-de-terrassement\\\/#primaryimage\"},\"image\":{\"@id\":\"https:\\\/\\\/www.metrica.it\\\/fr\\\/produit\\\/recepteur-pour-machines-de-terrassement\\\/#primaryimage\"},\"thumbnailUrl\":\"https:\\\/\\\/www.metrica.it\\\/wp-content\\\/uploads\\\/2025\\\/02\\\/60895.jpg\",\"datePublished\":\"2025-02-09T13:19:10+00:00\",\"dateModified\":\"2025-02-09T13:19:52+00:00\",\"breadcrumb\":{\"@id\":\"https:\\\/\\\/www.metrica.it\\\/fr\\\/produit\\\/recepteur-pour-machines-de-terrassement\\\/#breadcrumb\"},\"inLanguage\":\"fr-FR\",\"potentialAction\":[{\"@type\":\"ReadAction\",\"target\":[\"https:\\\/\\\/www.metrica.it\\\/fr\\\/produit\\\/recepteur-pour-machines-de-terrassement\\\/\"]}]},{\"@type\":\"ImageObject\",\"inLanguage\":\"fr-FR\",\"@id\":\"https:\\\/\\\/www.metrica.it\\\/fr\\\/produit\\\/recepteur-pour-machines-de-terrassement\\\/#primaryimage\",\"url\":\"https:\\\/\\\/www.metrica.it\\\/wp-content\\\/uploads\\\/2025\\\/02\\\/60895.jpg\",\"contentUrl\":\"https:\\\/\\\/www.metrica.it\\\/wp-content\\\/uploads\\\/2025\\\/02\\\/60895.jpg\",\"width\":660,\"height\":660},{\"@type\":\"BreadcrumbList\",\"@id\":\"https:\\\/\\\/www.metrica.it\\\/fr\\\/produit\\\/recepteur-pour-machines-de-terrassement\\\/#breadcrumb\",\"itemListElement\":[{\"@type\":\"ListItem\",\"position\":1,\"name\":\"Home\",\"item\":\"https:\\\/\\\/www.metrica.it\\\/fr\\\/\"},{\"@type\":\"ListItem\",\"position\":2,\"name\":\"Catalogue\",\"item\":\"https:\\\/\\\/www.metrica.it\\\/fr\\\/catalogue\\\/\"},{\"@type\":\"ListItem\",\"position\":3,\"name\":\"R\u00e9cepteur Pour Machines De Terrassement\"}]},{\"@type\":\"WebSite\",\"@id\":\"https:\\\/\\\/www.metrica.it\\\/fr\\\/#website\",\"url\":\"https:\\\/\\\/www.metrica.it\\\/fr\\\/\",\"name\":\"Metrica\",\"description\":\"Made to measure\",\"potentialAction\":[{\"@type\":\"SearchAction\",\"target\":{\"@type\":\"EntryPoint\",\"urlTemplate\":\"https:\\\/\\\/www.metrica.it\\\/fr\\\/?s={search_term_string}\"},\"query-input\":{\"@type\":\"PropertyValueSpecification\",\"valueRequired\":true,\"valueName\":\"search_term_string\"}}],\"inLanguage\":\"fr-FR\"}]}<\/script>","yoast_head_json":{"title":"R\u00e9cepteur Pour Machines De Terrassement - Metrica","robots":{"index":"index","follow":"follow","max-snippet":"max-snippet:-1","max-image-preview":"max-image-preview:large","max-video-preview":"max-video-preview:-1"},"canonical":"https:\/\/www.metrica.it\/fr\/produit\/recepteur-pour-machines-de-terrassement\/","og_locale":"fr_FR","og_type":"article","og_title":"R\u00e9cepteur Pour Machines De Terrassement - Metrica","og_description":"Peut \u00eatre utilis\u00e9 pour les lasers rouges et verts Permet le contr\u00f4le du nivellement sur les machines de terrassement Intercepte le signal de n\u2019importe quel laser rotatif rouge Longueur de la barre de r\u00e9ception 25 cm et 360\u00b0 de port\u00e9e de r\u00e9ception Les diodes \u00e9lectroluminescentes interceptent le faisceau laser Fourni avec colliers ou aimants pour fixation sur le bras de l'engin Double pr\u00e9cision \u00e0 choix Protection IP 66 \u00e9tanche \u00e0 la poussi\u00e8re et \u00e0 l\u2019eau (cellule) Dispositif de r\u00e9ception \u00e0 distance \u00c9quip\u00e9 d\u2019un chargeur 220 v, c\u00e2ble pour piles de v\u00e9hicule 12 v et c\u00e2ble de raccordement entre r\u00e9cepteur et r\u00e9cepteur \u00e0 distance Dur\u00e9e des piles env. 40 heures R\u00e9f. 60871 - 2 colliers de fixation (pi\u00e8ce de rechange) R\u00e9f. 60872 - 2 aimants de fixation (pi\u00e8ce de rechange)","og_url":"https:\/\/www.metrica.it\/fr\/produit\/recepteur-pour-machines-de-terrassement\/","og_site_name":"Metrica","article_modified_time":"2025-02-09T13:19:52+00:00","og_image":[{"width":660,"height":660,"url":"https:\/\/www.metrica.it\/wp-content\/uploads\/2025\/02\/60895.jpg","type":"image\/jpeg"}],"twitter_card":"summary_large_image","twitter_misc":{"Dur\u00e9e de lecture estim\u00e9e":"1 minute"},"schema":{"@context":"https:\/\/schema.org","@graph":[{"@type":"WebPage","@id":"https:\/\/www.metrica.it\/fr\/produit\/recepteur-pour-machines-de-terrassement\/","url":"https:\/\/www.metrica.it\/fr\/produit\/recepteur-pour-machines-de-terrassement\/","name":"R\u00e9cepteur Pour Machines De Terrassement - Metrica","isPartOf":{"@id":"https:\/\/www.metrica.it\/fr\/#website"},"primaryImageOfPage":{"@id":"https:\/\/www.metrica.it\/fr\/produit\/recepteur-pour-machines-de-terrassement\/#primaryimage"},"image":{"@id":"https:\/\/www.metrica.it\/fr\/produit\/recepteur-pour-machines-de-terrassement\/#primaryimage"},"thumbnailUrl":"https:\/\/www.metrica.it\/wp-content\/uploads\/2025\/02\/60895.jpg","datePublished":"2025-02-09T13:19:10+00:00","dateModified":"2025-02-09T13:19:52+00:00","breadcrumb":{"@id":"https:\/\/www.metrica.it\/fr\/produit\/recepteur-pour-machines-de-terrassement\/#breadcrumb"},"inLanguage":"fr-FR","potentialAction":[{"@type":"ReadAction","target":["https:\/\/www.metrica.it\/fr\/produit\/recepteur-pour-machines-de-terrassement\/"]}]},{"@type":"ImageObject","inLanguage":"fr-FR","@id":"https:\/\/www.metrica.it\/fr\/produit\/recepteur-pour-machines-de-terrassement\/#primaryimage","url":"https:\/\/www.metrica.it\/wp-content\/uploads\/2025\/02\/60895.jpg","contentUrl":"https:\/\/www.metrica.it\/wp-content\/uploads\/2025\/02\/60895.jpg","width":660,"height":660},{"@type":"BreadcrumbList","@id":"https:\/\/www.metrica.it\/fr\/produit\/recepteur-pour-machines-de-terrassement\/#breadcrumb","itemListElement":[{"@type":"ListItem","position":1,"name":"Home","item":"https:\/\/www.metrica.it\/fr\/"},{"@type":"ListItem","position":2,"name":"Catalogue","item":"https:\/\/www.metrica.it\/fr\/catalogue\/"},{"@type":"ListItem","position":3,"name":"R\u00e9cepteur Pour Machines De Terrassement"}]},{"@type":"WebSite","@id":"https:\/\/www.metrica.it\/fr\/#website","url":"https:\/\/www.metrica.it\/fr\/","name":"Metrica","description":"Made to measure","potentialAction":[{"@type":"SearchAction","target":{"@type":"EntryPoint","urlTemplate":"https:\/\/www.metrica.it\/fr\/?s={search_term_string}"},"query-input":{"@type":"PropertyValueSpecification","valueRequired":true,"valueName":"search_term_string"}}],"inLanguage":"fr-FR"}]}},"meta_box":{"awr_documentation":[{"filesize":1430386,"ID":"244874","name":"60895.pdf","path":"\/var\/www\/html\/wp-content\/uploads\/2025\/02\/60895.pdf","url":"https:\/\/www.metrica.it\/wp-content\/uploads\/2025\/02\/60895.pdf","title":"60895"}],"awr_manuale":[],"awr_scheda_tecnica":"<table>\n<tr>\n<td>Pr\u00e9cision fine<\/td>\n<td>\u00b1 2 mm \/ \u00b1 10 mm<\/td>\n<\/tr>\n<tr>\n<td>Pr\u00e9cision moyenne<\/td>\n<td>\u00b1 5 mm \/ \u00b1 23 mm<\/td>\n<\/tr>\n<tr>\n<td>Piles<\/td>\n<td>7,2 V NiMh\/2500 mAh, Chargeur<\/td>\n<\/tr>\n<tr>\n<td>Autonomie<\/td>\n<td>env. 40 heures<\/td>\n<\/tr>\n<tr>\n<td>Temps de recharge<\/td>\n<td>env. 15 heures<\/td>\n<\/tr>\n<tr>\n<td>Dimensions<\/td>\n<td>376 x 180 x 60 mm<\/td>\n<\/tr>\n<tr>\n<td>Temp\u00e9rature d\u2019exercice<\/td>\n<td>-20 \u00b0C \/ +50 \u00b0C<\/td>\n<\/tr>\n<tr>\n<td>Poids (sans piles)<\/td>\n<td>3,10 Kg<\/td>\n<\/tr>\n<tr>\n<td>\u00c9tanch\u00e9it\u00e9<\/td>\n<td>IP 66<\/td>\n<\/tr>\n<\/table>\n","awr_youtube_video":"","awr_classe_prodotto":"","awr_customize_product":"0","awr_custom_image":false,"awr_related_products":[{"awr_product_references":"ref:60895|ean:8001066608959|pack:1"}],"awr_consumabili":"","awr_alternativi":"61385,61386,61350,61395,61345","awr_aliases":"60895","awr_skuid":"60895-it"},"_links":{"self":[{"href":"https:\/\/www.metrica.it\/fr\/wp-json\/wp\/v2\/product\/156925","targetHints":{"allow":["GET"]}}],"collection":[{"href":"https:\/\/www.metrica.it\/fr\/wp-json\/wp\/v2\/product"}],"about":[{"href":"https:\/\/www.metrica.it\/fr\/wp-json\/wp\/v2\/types\/product"}],"wp:featuredmedia":[{"embeddable":true,"href":"https:\/\/www.metrica.it\/fr\/wp-json\/wp\/v2\/media\/156915"}],"wp:attachment":[{"href":"https:\/\/www.metrica.it\/fr\/wp-json\/wp\/v2\/media?parent=156925"}],"wp:term":[{"taxonomy":"product_cat","embeddable":true,"href":"https:\/\/www.metrica.it\/fr\/wp-json\/wp\/v2\/product_cat?post=156925"},{"taxonomy":"product_tag","embeddable":true,"href":"https:\/\/www.metrica.it\/fr\/wp-json\/wp\/v2\/product_tag?post=156925"}],"curies":[{"name":"wp","href":"https:\/\/api.w.org\/{rel}","templated":true}]}}