{"id":157172,"date":"2025-02-16T11:53:33","date_gmt":"2025-02-16T10:53:33","guid":{"rendered":"https:\/\/www.metrica.it\/prodotto\/recepteur-pour-exterieur-pour-laser-a-pendule\/"},"modified":"2025-02-16T11:53:43","modified_gmt":"2025-02-16T10:53:43","slug":"recepteur-pour-exterieur-pour-laser-a-pendule","status":"publish","type":"product","link":"https:\/\/www.metrica.it\/fr\/produit\/recepteur-pour-exterieur-pour-laser-a-pendule\/","title":{"rendered":"R\u00e9cepteur pour Ext\u00e9rieur pour Laser \u00c0 Pendule"},"content":{"rendered":"<ul>\n<li>R\u00e9cepteur laser vert compatible avec : <\/li>\n<li>61302, 61342, 61425, 61435, 61375M, 60845, 61415MPLUS, 61438, 61410MPLUS, 61470<\/li>\n<li>Fourni avec un support de fixation &#8211; R\u00e9f. 60741 inclus ou vendu individuellement<\/li>\n<\/ul>\n","protected":false},"excerpt":{"rendered":"<p>R\u00e9cepteur laser vert compatible avec : <br \/>61302, 61342, 61425, 61435, 61375M, 60845, 61415MPLUS, 61438, 61410MPLUS, 61470 <br \/>Fourni avec un support de fixation &#8211; R\u00e9f. 60741 inclus ou vendu individuellement <\/p>\n","protected":false},"featured_media":157168,"template":"","meta":[],"product_cat":[521,515],"product_tag":[],"class_list":{"0":"post-157172","1":"product","2":"type-product","3":"status-publish","4":"has-post-thumbnail","6":"product_cat-accessoires-pour-lasers","7":"product_cat-laser-et-cameras-thermiques","9":"first","10":"instock","11":"sold-individually","12":"product-type-simple"},"yoast_head":"<title>R\u00e9cepteur pour Ext\u00e9rieur pour Laser \u00c0 Pendule - Metrica<\/title>\n<meta name=\"robots\" content=\"index, follow, max-snippet:-1, max-image-preview:large, max-video-preview:-1\" \/>\n<link rel=\"canonical\" href=\"https:\/\/www.metrica.it\/fr\/produit\/recepteur-pour-exterieur-pour-laser-a-pendule\/\" \/>\n<meta property=\"og:locale\" content=\"fr_FR\" \/>\n<meta property=\"og:type\" content=\"article\" \/>\n<meta property=\"og:title\" content=\"R\u00e9cepteur pour Ext\u00e9rieur pour Laser \u00c0 Pendule - Metrica\" \/>\n<meta property=\"og:description\" content=\"R\u00e9cepteur laser vert compatible avec : 61302, 61342, 61425, 61435, 61375M, 60845, 61415MPLUS, 61438, 61410MPLUS, 61470 Fourni avec un support de fixation - R\u00e9f. 60741 inclus ou vendu individuellement\" \/>\n<meta property=\"og:url\" content=\"https:\/\/www.metrica.it\/fr\/produit\/recepteur-pour-exterieur-pour-laser-a-pendule\/\" \/>\n<meta property=\"og:site_name\" content=\"Metrica\" \/>\n<meta property=\"article:modified_time\" content=\"2025-02-16T10:53:43+00:00\" \/>\n<meta property=\"og:image\" content=\"https:\/\/www.metrica.it\/wp-content\/uploads\/2025\/02\/60749.jpg\" \/>\n\t<meta property=\"og:image:width\" content=\"1200\" \/>\n\t<meta property=\"og:image:height\" content=\"1200\" \/>\n\t<meta property=\"og:image:type\" content=\"image\/jpeg\" \/>\n<meta name=\"twitter:card\" content=\"summary_large_image\" \/>\n<script type=\"application\/ld+json\" class=\"yoast-schema-graph\">{\"@context\":\"https:\\\/\\\/schema.org\",\"@graph\":[{\"@type\":\"WebPage\",\"@id\":\"https:\\\/\\\/www.metrica.it\\\/fr\\\/produit\\\/recepteur-pour-exterieur-pour-laser-a-pendule\\\/\",\"url\":\"https:\\\/\\\/www.metrica.it\\\/fr\\\/produit\\\/recepteur-pour-exterieur-pour-laser-a-pendule\\\/\",\"name\":\"R\u00e9cepteur pour Ext\u00e9rieur pour Laser \u00c0 Pendule - Metrica\",\"isPartOf\":{\"@id\":\"https:\\\/\\\/www.metrica.it\\\/fr\\\/#website\"},\"primaryImageOfPage\":{\"@id\":\"https:\\\/\\\/www.metrica.it\\\/fr\\\/produit\\\/recepteur-pour-exterieur-pour-laser-a-pendule\\\/#primaryimage\"},\"image\":{\"@id\":\"https:\\\/\\\/www.metrica.it\\\/fr\\\/produit\\\/recepteur-pour-exterieur-pour-laser-a-pendule\\\/#primaryimage\"},\"thumbnailUrl\":\"https:\\\/\\\/www.metrica.it\\\/wp-content\\\/uploads\\\/2025\\\/02\\\/60749.jpg\",\"datePublished\":\"2025-02-16T10:53:33+00:00\",\"dateModified\":\"2025-02-16T10:53:43+00:00\",\"breadcrumb\":{\"@id\":\"https:\\\/\\\/www.metrica.it\\\/fr\\\/produit\\\/recepteur-pour-exterieur-pour-laser-a-pendule\\\/#breadcrumb\"},\"inLanguage\":\"fr-FR\",\"potentialAction\":[{\"@type\":\"ReadAction\",\"target\":[\"https:\\\/\\\/www.metrica.it\\\/fr\\\/produit\\\/recepteur-pour-exterieur-pour-laser-a-pendule\\\/\"]}]},{\"@type\":\"ImageObject\",\"inLanguage\":\"fr-FR\",\"@id\":\"https:\\\/\\\/www.metrica.it\\\/fr\\\/produit\\\/recepteur-pour-exterieur-pour-laser-a-pendule\\\/#primaryimage\",\"url\":\"https:\\\/\\\/www.metrica.it\\\/wp-content\\\/uploads\\\/2025\\\/02\\\/60749.jpg\",\"contentUrl\":\"https:\\\/\\\/www.metrica.it\\\/wp-content\\\/uploads\\\/2025\\\/02\\\/60749.jpg\",\"width\":1200,\"height\":1200},{\"@type\":\"BreadcrumbList\",\"@id\":\"https:\\\/\\\/www.metrica.it\\\/fr\\\/produit\\\/recepteur-pour-exterieur-pour-laser-a-pendule\\\/#breadcrumb\",\"itemListElement\":[{\"@type\":\"ListItem\",\"position\":1,\"name\":\"Home\",\"item\":\"https:\\\/\\\/www.metrica.it\\\/fr\\\/\"},{\"@type\":\"ListItem\",\"position\":2,\"name\":\"Catalogue\",\"item\":\"https:\\\/\\\/www.metrica.it\\\/fr\\\/catalogue\\\/\"},{\"@type\":\"ListItem\",\"position\":3,\"name\":\"R\u00e9cepteur pour Ext\u00e9rieur pour Laser \u00c0 Pendule\"}]},{\"@type\":\"WebSite\",\"@id\":\"https:\\\/\\\/www.metrica.it\\\/fr\\\/#website\",\"url\":\"https:\\\/\\\/www.metrica.it\\\/fr\\\/\",\"name\":\"Metrica\",\"description\":\"Made to measure\",\"potentialAction\":[{\"@type\":\"SearchAction\",\"target\":{\"@type\":\"EntryPoint\",\"urlTemplate\":\"https:\\\/\\\/www.metrica.it\\\/fr\\\/?s={search_term_string}\"},\"query-input\":{\"@type\":\"PropertyValueSpecification\",\"valueRequired\":true,\"valueName\":\"search_term_string\"}}],\"inLanguage\":\"fr-FR\"}]}<\/script>","yoast_head_json":{"title":"R\u00e9cepteur pour Ext\u00e9rieur pour Laser \u00c0 Pendule - Metrica","robots":{"index":"index","follow":"follow","max-snippet":"max-snippet:-1","max-image-preview":"max-image-preview:large","max-video-preview":"max-video-preview:-1"},"canonical":"https:\/\/www.metrica.it\/fr\/produit\/recepteur-pour-exterieur-pour-laser-a-pendule\/","og_locale":"fr_FR","og_type":"article","og_title":"R\u00e9cepteur pour Ext\u00e9rieur pour Laser \u00c0 Pendule - Metrica","og_description":"R\u00e9cepteur laser vert compatible avec : 61302, 61342, 61425, 61435, 61375M, 60845, 61415MPLUS, 61438, 61410MPLUS, 61470 Fourni avec un support de fixation - R\u00e9f. 60741 inclus ou vendu individuellement","og_url":"https:\/\/www.metrica.it\/fr\/produit\/recepteur-pour-exterieur-pour-laser-a-pendule\/","og_site_name":"Metrica","article_modified_time":"2025-02-16T10:53:43+00:00","og_image":[{"width":1200,"height":1200,"url":"https:\/\/www.metrica.it\/wp-content\/uploads\/2025\/02\/60749.jpg","type":"image\/jpeg"}],"twitter_card":"summary_large_image","schema":{"@context":"https:\/\/schema.org","@graph":[{"@type":"WebPage","@id":"https:\/\/www.metrica.it\/fr\/produit\/recepteur-pour-exterieur-pour-laser-a-pendule\/","url":"https:\/\/www.metrica.it\/fr\/produit\/recepteur-pour-exterieur-pour-laser-a-pendule\/","name":"R\u00e9cepteur pour Ext\u00e9rieur pour Laser \u00c0 Pendule - Metrica","isPartOf":{"@id":"https:\/\/www.metrica.it\/fr\/#website"},"primaryImageOfPage":{"@id":"https:\/\/www.metrica.it\/fr\/produit\/recepteur-pour-exterieur-pour-laser-a-pendule\/#primaryimage"},"image":{"@id":"https:\/\/www.metrica.it\/fr\/produit\/recepteur-pour-exterieur-pour-laser-a-pendule\/#primaryimage"},"thumbnailUrl":"https:\/\/www.metrica.it\/wp-content\/uploads\/2025\/02\/60749.jpg","datePublished":"2025-02-16T10:53:33+00:00","dateModified":"2025-02-16T10:53:43+00:00","breadcrumb":{"@id":"https:\/\/www.metrica.it\/fr\/produit\/recepteur-pour-exterieur-pour-laser-a-pendule\/#breadcrumb"},"inLanguage":"fr-FR","potentialAction":[{"@type":"ReadAction","target":["https:\/\/www.metrica.it\/fr\/produit\/recepteur-pour-exterieur-pour-laser-a-pendule\/"]}]},{"@type":"ImageObject","inLanguage":"fr-FR","@id":"https:\/\/www.metrica.it\/fr\/produit\/recepteur-pour-exterieur-pour-laser-a-pendule\/#primaryimage","url":"https:\/\/www.metrica.it\/wp-content\/uploads\/2025\/02\/60749.jpg","contentUrl":"https:\/\/www.metrica.it\/wp-content\/uploads\/2025\/02\/60749.jpg","width":1200,"height":1200},{"@type":"BreadcrumbList","@id":"https:\/\/www.metrica.it\/fr\/produit\/recepteur-pour-exterieur-pour-laser-a-pendule\/#breadcrumb","itemListElement":[{"@type":"ListItem","position":1,"name":"Home","item":"https:\/\/www.metrica.it\/fr\/"},{"@type":"ListItem","position":2,"name":"Catalogue","item":"https:\/\/www.metrica.it\/fr\/catalogue\/"},{"@type":"ListItem","position":3,"name":"R\u00e9cepteur pour Ext\u00e9rieur pour Laser \u00c0 Pendule"}]},{"@type":"WebSite","@id":"https:\/\/www.metrica.it\/fr\/#website","url":"https:\/\/www.metrica.it\/fr\/","name":"Metrica","description":"Made to measure","potentialAction":[{"@type":"SearchAction","target":{"@type":"EntryPoint","urlTemplate":"https:\/\/www.metrica.it\/fr\/?s={search_term_string}"},"query-input":{"@type":"PropertyValueSpecification","valueRequired":true,"valueName":"search_term_string"}}],"inLanguage":"fr-FR"}]}},"meta_box":{"awr_documentation":[{"filesize":214116,"ID":"157167","name":"60749.pdf","path":"\/var\/www\/html\/wp-content\/uploads\/2025\/02\/60749.pdf","url":"https:\/\/www.metrica.it\/wp-content\/uploads\/2025\/02\/60749.pdf","title":"60749.pdf"}],"awr_manuale":[],"awr_scheda_tecnica":"<table>\n<tr>\n<td>Port\u00e9e*<\/td>\n<td> 50m<\/td>\n<\/tr>\n<tr>\n<td>2 valeurs de pr\u00e9cision de d\u00e9tection<\/td>\n<td> \u00b11mm \/ \u00b12,5mm<\/td>\n<\/tr>\n<tr>\n<td>Alimentation <\/td>\n<td>1 pile 9V.<\/td>\n<\/tr>\n<tr>\n<td>Autonomie de la pile<\/td>\n<td> 30 heures.<\/td>\n<\/tr>\n<tr>\n<td>Arr\u00eat automatique<\/td>\n<td> 15 minutes sans op\u00e9ration, et pas de r\u00e9ception.<\/td>\n<\/tr>\n<tr>\n<td>Temp\u00e9rature de fonctionnement <\/td>\n<td><\/td>\n<\/tr>\n<tr>\n<td>IP<\/td>\n<td>43<\/td>\n<\/tr>\n<tr>\n<td>* selon les conditions climatiques<\/td>\n<td><\/td>\n<\/tr>\n<\/table>\n","awr_youtube_video":"","awr_classe_prodotto":"","awr_customize_product":"0","awr_custom_image":false,"awr_related_products":[{"awr_product_references":"ref:60749|ean:8001066607495|pack:1"}],"awr_consumabili":"60741","awr_alternativi":"","awr_aliases":"60749","awr_skuid":"60749-it"},"_links":{"self":[{"href":"https:\/\/www.metrica.it\/fr\/wp-json\/wp\/v2\/product\/157172","targetHints":{"allow":["GET"]}}],"collection":[{"href":"https:\/\/www.metrica.it\/fr\/wp-json\/wp\/v2\/product"}],"about":[{"href":"https:\/\/www.metrica.it\/fr\/wp-json\/wp\/v2\/types\/product"}],"wp:featuredmedia":[{"embeddable":true,"href":"https:\/\/www.metrica.it\/fr\/wp-json\/wp\/v2\/media\/157168"}],"wp:attachment":[{"href":"https:\/\/www.metrica.it\/fr\/wp-json\/wp\/v2\/media?parent=157172"}],"wp:term":[{"taxonomy":"product_cat","embeddable":true,"href":"https:\/\/www.metrica.it\/fr\/wp-json\/wp\/v2\/product_cat?post=157172"},{"taxonomy":"product_tag","embeddable":true,"href":"https:\/\/www.metrica.it\/fr\/wp-json\/wp\/v2\/product_tag?post=157172"}],"curies":[{"name":"wp","href":"https:\/\/api.w.org\/{rel}","templated":true}]}}