{"id":157194,"date":"2025-02-23T12:10:01","date_gmt":"2025-02-23T11:10:01","guid":{"rendered":"https:\/\/www.metrica.it\/prodotto\/recepteur-professionnel-avec-lecture-en-mm\/"},"modified":"2025-02-23T12:10:11","modified_gmt":"2025-02-23T11:10:11","slug":"recepteur-professionnel-avec-lecture-en-mm","status":"publish","type":"product","link":"https:\/\/www.metrica.it\/fr\/produit\/recepteur-professionnel-avec-lecture-en-mm\/","title":{"rendered":"R\u00c9CEPTEUR PROFESSIONNEL AVEC LECTURE EN MM"},"content":{"rendered":"<ul>\n<li>Lecture en mm\/inch de l&rsquo;\u00e9cart par rapport au centre du r\u00e9cepteur<\/li>\n<li>R\u00e9cepteur laser rouge compatible avec : <\/li>\n<li>Ref. 61385, 61350, 61345<\/li>\n<li>Deux \u00e9crans LCD : avant et arri\u00e8re<\/li>\n<li>Signal : lumi\u00e8re LED<\/li>\n<li>Avec buzzer et indication audio, trois sons de buzzer : fort, normal, pas de son. <\/li>\n<li>Fourni avec un support de fixation &#8211; R\u00e9f. 61319 inclus ou vendu individuellement<\/li>\n<\/ul>\n","protected":false},"excerpt":{"rendered":"<p>Lecture en mm\/inch de l&rsquo;\u00e9cart par rapport au centre du r\u00e9cepteur <br \/>R\u00e9cepteur laser rouge compatible avec : <br \/>Ref. 61385, 61350, 61345 <br \/>Deux \u00e9crans LCD : avant et arri\u00e8re <br \/>Signal : lumi\u00e8re LED <br \/>Avec buzzer et indication audio, trois sons de buzzer : fort, normal, pas de son. <br \/>Fourni avec un support de fixation &#8211; R\u00e9f. 61319 inclus ou vendu individuellement <\/p>\n","protected":false},"featured_media":157189,"template":"","meta":[],"product_cat":[521,515],"product_tag":[],"class_list":{"0":"post-157194","1":"product","2":"type-product","3":"status-publish","4":"has-post-thumbnail","6":"product_cat-accessoires-pour-lasers","7":"product_cat-laser-et-cameras-thermiques","9":"first","10":"instock","11":"sold-individually","12":"product-type-simple"},"yoast_head":"<title>R\u00c9CEPTEUR PROFESSIONNEL AVEC LECTURE EN MM - Metrica<\/title>\n<meta name=\"robots\" content=\"index, follow, max-snippet:-1, max-image-preview:large, max-video-preview:-1\" \/>\n<link rel=\"canonical\" href=\"https:\/\/www.metrica.it\/fr\/produit\/recepteur-professionnel-avec-lecture-en-mm\/\" \/>\n<meta property=\"og:locale\" content=\"fr_FR\" \/>\n<meta property=\"og:type\" content=\"article\" \/>\n<meta property=\"og:title\" content=\"R\u00c9CEPTEUR PROFESSIONNEL AVEC LECTURE EN MM - Metrica\" \/>\n<meta property=\"og:description\" content=\"Lecture en mm\/inch de l&#039;\u00e9cart par rapport au centre du r\u00e9cepteur R\u00e9cepteur laser rouge compatible avec : Ref. 61385, 61350, 61345 Deux \u00e9crans LCD : avant et arri\u00e8re Signal : lumi\u00e8re LED Avec buzzer et indication audio, trois sons de buzzer : fort, normal, pas de son. Fourni avec un support de fixation - R\u00e9f. 61319 inclus ou vendu individuellement\" \/>\n<meta property=\"og:url\" content=\"https:\/\/www.metrica.it\/fr\/produit\/recepteur-professionnel-avec-lecture-en-mm\/\" \/>\n<meta property=\"og:site_name\" content=\"Metrica\" \/>\n<meta property=\"article:modified_time\" content=\"2025-02-23T11:10:11+00:00\" \/>\n<meta property=\"og:image\" content=\"https:\/\/www.metrica.it\/wp-content\/uploads\/2025\/02\/61326.jpg\" \/>\n\t<meta property=\"og:image:width\" content=\"1200\" \/>\n\t<meta property=\"og:image:height\" content=\"1200\" \/>\n\t<meta property=\"og:image:type\" content=\"image\/jpeg\" \/>\n<meta name=\"twitter:card\" content=\"summary_large_image\" \/>\n<script type=\"application\/ld+json\" class=\"yoast-schema-graph\">{\"@context\":\"https:\\\/\\\/schema.org\",\"@graph\":[{\"@type\":\"WebPage\",\"@id\":\"https:\\\/\\\/www.metrica.it\\\/fr\\\/produit\\\/recepteur-professionnel-avec-lecture-en-mm\\\/\",\"url\":\"https:\\\/\\\/www.metrica.it\\\/fr\\\/produit\\\/recepteur-professionnel-avec-lecture-en-mm\\\/\",\"name\":\"R\u00c9CEPTEUR PROFESSIONNEL AVEC LECTURE EN MM - Metrica\",\"isPartOf\":{\"@id\":\"https:\\\/\\\/www.metrica.it\\\/fr\\\/#website\"},\"primaryImageOfPage\":{\"@id\":\"https:\\\/\\\/www.metrica.it\\\/fr\\\/produit\\\/recepteur-professionnel-avec-lecture-en-mm\\\/#primaryimage\"},\"image\":{\"@id\":\"https:\\\/\\\/www.metrica.it\\\/fr\\\/produit\\\/recepteur-professionnel-avec-lecture-en-mm\\\/#primaryimage\"},\"thumbnailUrl\":\"https:\\\/\\\/www.metrica.it\\\/wp-content\\\/uploads\\\/2025\\\/02\\\/61326.jpg\",\"datePublished\":\"2025-02-23T11:10:01+00:00\",\"dateModified\":\"2025-02-23T11:10:11+00:00\",\"breadcrumb\":{\"@id\":\"https:\\\/\\\/www.metrica.it\\\/fr\\\/produit\\\/recepteur-professionnel-avec-lecture-en-mm\\\/#breadcrumb\"},\"inLanguage\":\"fr-FR\",\"potentialAction\":[{\"@type\":\"ReadAction\",\"target\":[\"https:\\\/\\\/www.metrica.it\\\/fr\\\/produit\\\/recepteur-professionnel-avec-lecture-en-mm\\\/\"]}]},{\"@type\":\"ImageObject\",\"inLanguage\":\"fr-FR\",\"@id\":\"https:\\\/\\\/www.metrica.it\\\/fr\\\/produit\\\/recepteur-professionnel-avec-lecture-en-mm\\\/#primaryimage\",\"url\":\"https:\\\/\\\/www.metrica.it\\\/wp-content\\\/uploads\\\/2025\\\/02\\\/61326.jpg\",\"contentUrl\":\"https:\\\/\\\/www.metrica.it\\\/wp-content\\\/uploads\\\/2025\\\/02\\\/61326.jpg\",\"width\":1200,\"height\":1200},{\"@type\":\"BreadcrumbList\",\"@id\":\"https:\\\/\\\/www.metrica.it\\\/fr\\\/produit\\\/recepteur-professionnel-avec-lecture-en-mm\\\/#breadcrumb\",\"itemListElement\":[{\"@type\":\"ListItem\",\"position\":1,\"name\":\"Home\",\"item\":\"https:\\\/\\\/www.metrica.it\\\/fr\\\/\"},{\"@type\":\"ListItem\",\"position\":2,\"name\":\"Catalogue\",\"item\":\"https:\\\/\\\/www.metrica.it\\\/fr\\\/catalogue\\\/\"},{\"@type\":\"ListItem\",\"position\":3,\"name\":\"R\u00c9CEPTEUR PROFESSIONNEL AVEC LECTURE EN MM\"}]},{\"@type\":\"WebSite\",\"@id\":\"https:\\\/\\\/www.metrica.it\\\/fr\\\/#website\",\"url\":\"https:\\\/\\\/www.metrica.it\\\/fr\\\/\",\"name\":\"Metrica\",\"description\":\"Made to measure\",\"potentialAction\":[{\"@type\":\"SearchAction\",\"target\":{\"@type\":\"EntryPoint\",\"urlTemplate\":\"https:\\\/\\\/www.metrica.it\\\/fr\\\/?s={search_term_string}\"},\"query-input\":{\"@type\":\"PropertyValueSpecification\",\"valueRequired\":true,\"valueName\":\"search_term_string\"}}],\"inLanguage\":\"fr-FR\"}]}<\/script>","yoast_head_json":{"title":"R\u00c9CEPTEUR PROFESSIONNEL AVEC LECTURE EN MM - Metrica","robots":{"index":"index","follow":"follow","max-snippet":"max-snippet:-1","max-image-preview":"max-image-preview:large","max-video-preview":"max-video-preview:-1"},"canonical":"https:\/\/www.metrica.it\/fr\/produit\/recepteur-professionnel-avec-lecture-en-mm\/","og_locale":"fr_FR","og_type":"article","og_title":"R\u00c9CEPTEUR PROFESSIONNEL AVEC LECTURE EN MM - Metrica","og_description":"Lecture en mm\/inch de l'\u00e9cart par rapport au centre du r\u00e9cepteur R\u00e9cepteur laser rouge compatible avec : Ref. 61385, 61350, 61345 Deux \u00e9crans LCD : avant et arri\u00e8re Signal : lumi\u00e8re LED Avec buzzer et indication audio, trois sons de buzzer : fort, normal, pas de son. Fourni avec un support de fixation - R\u00e9f. 61319 inclus ou vendu individuellement","og_url":"https:\/\/www.metrica.it\/fr\/produit\/recepteur-professionnel-avec-lecture-en-mm\/","og_site_name":"Metrica","article_modified_time":"2025-02-23T11:10:11+00:00","og_image":[{"width":1200,"height":1200,"url":"https:\/\/www.metrica.it\/wp-content\/uploads\/2025\/02\/61326.jpg","type":"image\/jpeg"}],"twitter_card":"summary_large_image","schema":{"@context":"https:\/\/schema.org","@graph":[{"@type":"WebPage","@id":"https:\/\/www.metrica.it\/fr\/produit\/recepteur-professionnel-avec-lecture-en-mm\/","url":"https:\/\/www.metrica.it\/fr\/produit\/recepteur-professionnel-avec-lecture-en-mm\/","name":"R\u00c9CEPTEUR PROFESSIONNEL AVEC LECTURE EN MM - Metrica","isPartOf":{"@id":"https:\/\/www.metrica.it\/fr\/#website"},"primaryImageOfPage":{"@id":"https:\/\/www.metrica.it\/fr\/produit\/recepteur-professionnel-avec-lecture-en-mm\/#primaryimage"},"image":{"@id":"https:\/\/www.metrica.it\/fr\/produit\/recepteur-professionnel-avec-lecture-en-mm\/#primaryimage"},"thumbnailUrl":"https:\/\/www.metrica.it\/wp-content\/uploads\/2025\/02\/61326.jpg","datePublished":"2025-02-23T11:10:01+00:00","dateModified":"2025-02-23T11:10:11+00:00","breadcrumb":{"@id":"https:\/\/www.metrica.it\/fr\/produit\/recepteur-professionnel-avec-lecture-en-mm\/#breadcrumb"},"inLanguage":"fr-FR","potentialAction":[{"@type":"ReadAction","target":["https:\/\/www.metrica.it\/fr\/produit\/recepteur-professionnel-avec-lecture-en-mm\/"]}]},{"@type":"ImageObject","inLanguage":"fr-FR","@id":"https:\/\/www.metrica.it\/fr\/produit\/recepteur-professionnel-avec-lecture-en-mm\/#primaryimage","url":"https:\/\/www.metrica.it\/wp-content\/uploads\/2025\/02\/61326.jpg","contentUrl":"https:\/\/www.metrica.it\/wp-content\/uploads\/2025\/02\/61326.jpg","width":1200,"height":1200},{"@type":"BreadcrumbList","@id":"https:\/\/www.metrica.it\/fr\/produit\/recepteur-professionnel-avec-lecture-en-mm\/#breadcrumb","itemListElement":[{"@type":"ListItem","position":1,"name":"Home","item":"https:\/\/www.metrica.it\/fr\/"},{"@type":"ListItem","position":2,"name":"Catalogue","item":"https:\/\/www.metrica.it\/fr\/catalogue\/"},{"@type":"ListItem","position":3,"name":"R\u00c9CEPTEUR PROFESSIONNEL AVEC LECTURE EN MM"}]},{"@type":"WebSite","@id":"https:\/\/www.metrica.it\/fr\/#website","url":"https:\/\/www.metrica.it\/fr\/","name":"Metrica","description":"Made to measure","potentialAction":[{"@type":"SearchAction","target":{"@type":"EntryPoint","urlTemplate":"https:\/\/www.metrica.it\/fr\/?s={search_term_string}"},"query-input":{"@type":"PropertyValueSpecification","valueRequired":true,"valueName":"search_term_string"}}],"inLanguage":"fr-FR"}]}},"meta_box":{"awr_documentation":[{"filesize":374714,"ID":"157377","name":"61326_61328_61393_61396.pdf","path":"\/var\/www\/html\/wp-content\/uploads\/2025\/02\/61326_61328_61393_61396.pdf","url":"https:\/\/www.metrica.it\/wp-content\/uploads\/2025\/02\/61326_61328_61393_61396.pdf","title":"61326_61328_61393_61396.pdf"}],"awr_manuale":[],"awr_scheda_tecnica":"<table>\n<tr>\n<td>Port\u00e9e*<\/td>\n<td> 350m<\/td>\n<\/tr>\n<tr>\n<td>2 valeurs de pr\u00e9cision de d\u00e9tection<\/td>\n<td>\u00b1 1 mm \/ \u00b1 2,5 mm \/ \u00b1 5 mm<\/td>\n<\/tr>\n<tr>\n<td>Alimentation <\/td>\n<td>1 pile 9V.<\/td>\n<\/tr>\n<tr>\n<td>Autonomie de la pile<\/td>\n<td> 30 heures.<\/td>\n<\/tr>\n<tr>\n<td>Arr\u00eat automatique<\/td>\n<td> 15 minutes sans op\u00e9ration, et pas de r\u00e9ception.<\/td>\n<\/tr>\n<tr>\n<td>Temp\u00e9rature de fonctionnement <\/td>\n<td> - 20\u00b0C~+50\u00b0C (-4\u00b0F~122\u00b0F)<\/td>\n<\/tr>\n<tr>\n<td>IP<\/td>\n<td>43<\/td>\n<\/tr>\n<tr>\n<td>* selon les conditions climatiques<\/td>\n<td><\/td>\n<\/tr>\n<\/table>\n","awr_youtube_video":"","awr_classe_prodotto":"","awr_customize_product":"0","awr_custom_image":false,"awr_related_products":[{"awr_product_references":"ref:61326|ean:8001066613267|pack:1"}],"awr_consumabili":"61319","awr_alternativi":"61328,6072","awr_aliases":"61385,61350,61345,ricevitore,rosso","awr_skuid":"61326-it"},"_links":{"self":[{"href":"https:\/\/www.metrica.it\/fr\/wp-json\/wp\/v2\/product\/157194","targetHints":{"allow":["GET"]}}],"collection":[{"href":"https:\/\/www.metrica.it\/fr\/wp-json\/wp\/v2\/product"}],"about":[{"href":"https:\/\/www.metrica.it\/fr\/wp-json\/wp\/v2\/types\/product"}],"wp:featuredmedia":[{"embeddable":true,"href":"https:\/\/www.metrica.it\/fr\/wp-json\/wp\/v2\/media\/157189"}],"wp:attachment":[{"href":"https:\/\/www.metrica.it\/fr\/wp-json\/wp\/v2\/media?parent=157194"}],"wp:term":[{"taxonomy":"product_cat","embeddable":true,"href":"https:\/\/www.metrica.it\/fr\/wp-json\/wp\/v2\/product_cat?post=157194"},{"taxonomy":"product_tag","embeddable":true,"href":"https:\/\/www.metrica.it\/fr\/wp-json\/wp\/v2\/product_tag?post=157194"}],"curies":[{"name":"wp","href":"https:\/\/api.w.org\/{rel}","templated":true}]}}