{"id":157352,"date":"2025-02-23T12:08:54","date_gmt":"2025-02-23T11:08:54","guid":{"rendered":"https:\/\/www.metrica.it\/prodotto\/flir-one-edge-edge-pro-4\/"},"modified":"2025-02-23T12:09:10","modified_gmt":"2025-02-23T11:09:10","slug":"flir-one-edge-edge-pro-4","status":"publish","type":"product","link":"https:\/\/www.metrica.it\/fr\/produit\/flir-one-edge-edge-pro-4\/","title":{"rendered":"FLIR ONE EDGE \/ EDGE PRO"},"content":{"rendered":"<ul>\n<li>Cam\u00e9ras thermiques avec connectivit\u00e9 sans fil pour appareils mobiles<\/li>\n<li>R\u00e9solution de l&rsquo;image thermique 160 x 120 (19.200 pixels) pour la EDGE PRO (ref. 60378) et de 80 x 60 (4.800) pour la EDGE (ref. 60370)<\/li>\n<li>Mesure des temp\u00e9ratures jusqu&rsquo;\u00e0 400\u00b0C (EDGE PRO) et 120\u00b0C (EDGE)<\/li>\n<li>Conception robuste avec une dur\u00e9e de vie de la batterie allant jusqu&rsquo;\u00e0 1h 30 minutes<\/li>\n<li>Fonction MSX\u00ae<\/li>\n<li>D\u00e9tection automatique des points les plus chauds, les plus froids et trois points r\u00e9glables<\/li>\n<li>Identification et localisation des intrusions d\u2019humidit\u00e9 et des d\u00e9fauts d\u2019isolation<\/li>\n<li>Diagnostic des probl\u00e8mes dans les inspections CVC\/R<\/li>\n<li>Identification des anomalies dans les composants \u00e9lectriques et m\u00e9caniques<\/li>\n<li>FLIR EDGE &#8211; (ref. 60370)<\/li>\n<li>FLIR EDGE PRO &#8211; ref. 60378 <\/li>\n<\/ul>\n","protected":false},"excerpt":{"rendered":"<p>Cam\u00e9ras thermiques avec connectivit\u00e9 sans fil pour appareils mobiles <br \/>R\u00e9solution de l&rsquo;image thermique 160 x 120 (19.200 pixels) pour la EDGE PRO (ref. 60378) et de 80 x 60 (4.800) pour la EDGE (ref. 60370) <br \/>Mesure des temp\u00e9ratures jusqu&rsquo;\u00e0 400\u00b0C (EDGE PRO) et 120\u00b0C (EDGE) <br \/>Conception robuste avec une dur\u00e9e de vie de la batterie allant jusqu&rsquo;\u00e0 1h 30 minutes <br \/>Fonction MSX\u00ae <br \/>D\u00e9tection automatique des points les plus chauds, les plus froids et trois points r\u00e9glables <br \/>Identification et localisation des intrusions d\u2019humidit\u00e9 et des d\u00e9fauts d\u2019isolation <br \/>Diagnostic des probl\u00e8mes dans les inspections CVC\/R <br \/>Identification des anomalies dans les composants \u00e9lectriques et m\u00e9caniques <br \/>FLIR EDGE &#8211; (ref. 60370) <br \/>FLIR EDGE PRO &#8211; ref. 60378 <\/p>\n","protected":false},"featured_media":157346,"template":"","meta":[],"product_cat":[542,515],"product_tag":[],"class_list":{"0":"post-157352","1":"product","2":"type-product","3":"status-publish","4":"has-post-thumbnail","6":"product_cat-cameras-thermiques","7":"product_cat-laser-et-cameras-thermiques","9":"first","10":"instock","11":"sold-individually","12":"product-type-simple"},"yoast_head":"<title>FLIR ONE EDGE \/ EDGE PRO - Metrica<\/title>\n<meta name=\"robots\" content=\"index, follow, max-snippet:-1, max-image-preview:large, max-video-preview:-1\" \/>\n<link rel=\"canonical\" href=\"https:\/\/www.metrica.it\/fr\/produit\/flir-one-edge-edge-pro-4\/\" \/>\n<meta property=\"og:locale\" content=\"fr_FR\" \/>\n<meta property=\"og:type\" content=\"article\" \/>\n<meta property=\"og:title\" content=\"FLIR ONE EDGE \/ EDGE PRO - Metrica\" \/>\n<meta property=\"og:description\" content=\"Cam\u00e9ras thermiques avec connectivit\u00e9 sans fil pour appareils mobiles R\u00e9solution de l&#039;image thermique 160 x 120 (19.200 pixels) pour la EDGE PRO (ref. 60378) et de 80 x 60 (4.800) pour la EDGE (ref. 60370) Mesure des temp\u00e9ratures jusqu&#039;\u00e0 400\u00b0C (EDGE PRO) et 120\u00b0C (EDGE) Conception robuste avec une dur\u00e9e de vie de la batterie allant jusqu&#039;\u00e0 1h 30 minutes Fonction MSX\u00ae D\u00e9tection automatique des points les plus chauds, les plus froids et trois points r\u00e9glables Identification et localisation des intrusions d\u2019humidit\u00e9 et des d\u00e9fauts d\u2019isolation Diagnostic des probl\u00e8mes dans les inspections CVC\/R Identification des anomalies dans les composants \u00e9lectriques et m\u00e9caniques FLIR EDGE - (ref. 60370) FLIR EDGE PRO - ref. 60378\" \/>\n<meta property=\"og:url\" content=\"https:\/\/www.metrica.it\/fr\/produit\/flir-one-edge-edge-pro-4\/\" \/>\n<meta property=\"og:site_name\" content=\"Metrica\" \/>\n<meta property=\"article:modified_time\" content=\"2025-02-23T11:09:10+00:00\" \/>\n<meta property=\"og:image\" content=\"https:\/\/www.metrica.it\/wp-content\/uploads\/2025\/02\/60370.jpg\" \/>\n\t<meta property=\"og:image:width\" content=\"1200\" \/>\n\t<meta property=\"og:image:height\" content=\"1200\" \/>\n\t<meta property=\"og:image:type\" content=\"image\/jpeg\" \/>\n<meta name=\"twitter:card\" content=\"summary_large_image\" \/>\n<meta name=\"twitter:label1\" content=\"Dur\u00e9e de lecture estim\u00e9e\" \/>\n\t<meta name=\"twitter:data1\" content=\"1 minute\" \/>\n<script type=\"application\/ld+json\" class=\"yoast-schema-graph\">{\"@context\":\"https:\\\/\\\/schema.org\",\"@graph\":[{\"@type\":\"WebPage\",\"@id\":\"https:\\\/\\\/www.metrica.it\\\/fr\\\/produit\\\/flir-one-edge-edge-pro-4\\\/\",\"url\":\"https:\\\/\\\/www.metrica.it\\\/fr\\\/produit\\\/flir-one-edge-edge-pro-4\\\/\",\"name\":\"FLIR ONE EDGE \\\/ EDGE PRO - Metrica\",\"isPartOf\":{\"@id\":\"https:\\\/\\\/www.metrica.it\\\/fr\\\/#website\"},\"primaryImageOfPage\":{\"@id\":\"https:\\\/\\\/www.metrica.it\\\/fr\\\/produit\\\/flir-one-edge-edge-pro-4\\\/#primaryimage\"},\"image\":{\"@id\":\"https:\\\/\\\/www.metrica.it\\\/fr\\\/produit\\\/flir-one-edge-edge-pro-4\\\/#primaryimage\"},\"thumbnailUrl\":\"https:\\\/\\\/www.metrica.it\\\/wp-content\\\/uploads\\\/2025\\\/02\\\/60370.jpg\",\"datePublished\":\"2025-02-23T11:08:54+00:00\",\"dateModified\":\"2025-02-23T11:09:10+00:00\",\"breadcrumb\":{\"@id\":\"https:\\\/\\\/www.metrica.it\\\/fr\\\/produit\\\/flir-one-edge-edge-pro-4\\\/#breadcrumb\"},\"inLanguage\":\"fr-FR\",\"potentialAction\":[{\"@type\":\"ReadAction\",\"target\":[\"https:\\\/\\\/www.metrica.it\\\/fr\\\/produit\\\/flir-one-edge-edge-pro-4\\\/\"]}]},{\"@type\":\"ImageObject\",\"inLanguage\":\"fr-FR\",\"@id\":\"https:\\\/\\\/www.metrica.it\\\/fr\\\/produit\\\/flir-one-edge-edge-pro-4\\\/#primaryimage\",\"url\":\"https:\\\/\\\/www.metrica.it\\\/wp-content\\\/uploads\\\/2025\\\/02\\\/60370.jpg\",\"contentUrl\":\"https:\\\/\\\/www.metrica.it\\\/wp-content\\\/uploads\\\/2025\\\/02\\\/60370.jpg\",\"width\":1200,\"height\":1200},{\"@type\":\"BreadcrumbList\",\"@id\":\"https:\\\/\\\/www.metrica.it\\\/fr\\\/produit\\\/flir-one-edge-edge-pro-4\\\/#breadcrumb\",\"itemListElement\":[{\"@type\":\"ListItem\",\"position\":1,\"name\":\"Home\",\"item\":\"https:\\\/\\\/www.metrica.it\\\/fr\\\/\"},{\"@type\":\"ListItem\",\"position\":2,\"name\":\"Catalogue\",\"item\":\"https:\\\/\\\/www.metrica.it\\\/fr\\\/catalogue\\\/\"},{\"@type\":\"ListItem\",\"position\":3,\"name\":\"FLIR ONE EDGE \\\/ EDGE PRO\"}]},{\"@type\":\"WebSite\",\"@id\":\"https:\\\/\\\/www.metrica.it\\\/fr\\\/#website\",\"url\":\"https:\\\/\\\/www.metrica.it\\\/fr\\\/\",\"name\":\"Metrica\",\"description\":\"Made to measure\",\"potentialAction\":[{\"@type\":\"SearchAction\",\"target\":{\"@type\":\"EntryPoint\",\"urlTemplate\":\"https:\\\/\\\/www.metrica.it\\\/fr\\\/?s={search_term_string}\"},\"query-input\":{\"@type\":\"PropertyValueSpecification\",\"valueRequired\":true,\"valueName\":\"search_term_string\"}}],\"inLanguage\":\"fr-FR\"}]}<\/script>","yoast_head_json":{"title":"FLIR ONE EDGE \/ EDGE PRO - Metrica","robots":{"index":"index","follow":"follow","max-snippet":"max-snippet:-1","max-image-preview":"max-image-preview:large","max-video-preview":"max-video-preview:-1"},"canonical":"https:\/\/www.metrica.it\/fr\/produit\/flir-one-edge-edge-pro-4\/","og_locale":"fr_FR","og_type":"article","og_title":"FLIR ONE EDGE \/ EDGE PRO - Metrica","og_description":"Cam\u00e9ras thermiques avec connectivit\u00e9 sans fil pour appareils mobiles R\u00e9solution de l'image thermique 160 x 120 (19.200 pixels) pour la EDGE PRO (ref. 60378) et de 80 x 60 (4.800) pour la EDGE (ref. 60370) Mesure des temp\u00e9ratures jusqu'\u00e0 400\u00b0C (EDGE PRO) et 120\u00b0C (EDGE) Conception robuste avec une dur\u00e9e de vie de la batterie allant jusqu'\u00e0 1h 30 minutes Fonction MSX\u00ae D\u00e9tection automatique des points les plus chauds, les plus froids et trois points r\u00e9glables Identification et localisation des intrusions d\u2019humidit\u00e9 et des d\u00e9fauts d\u2019isolation Diagnostic des probl\u00e8mes dans les inspections CVC\/R Identification des anomalies dans les composants \u00e9lectriques et m\u00e9caniques FLIR EDGE - (ref. 60370) FLIR EDGE PRO - ref. 60378","og_url":"https:\/\/www.metrica.it\/fr\/produit\/flir-one-edge-edge-pro-4\/","og_site_name":"Metrica","article_modified_time":"2025-02-23T11:09:10+00:00","og_image":[{"width":1200,"height":1200,"url":"https:\/\/www.metrica.it\/wp-content\/uploads\/2025\/02\/60370.jpg","type":"image\/jpeg"}],"twitter_card":"summary_large_image","twitter_misc":{"Dur\u00e9e de lecture estim\u00e9e":"1 minute"},"schema":{"@context":"https:\/\/schema.org","@graph":[{"@type":"WebPage","@id":"https:\/\/www.metrica.it\/fr\/produit\/flir-one-edge-edge-pro-4\/","url":"https:\/\/www.metrica.it\/fr\/produit\/flir-one-edge-edge-pro-4\/","name":"FLIR ONE EDGE \/ EDGE PRO - Metrica","isPartOf":{"@id":"https:\/\/www.metrica.it\/fr\/#website"},"primaryImageOfPage":{"@id":"https:\/\/www.metrica.it\/fr\/produit\/flir-one-edge-edge-pro-4\/#primaryimage"},"image":{"@id":"https:\/\/www.metrica.it\/fr\/produit\/flir-one-edge-edge-pro-4\/#primaryimage"},"thumbnailUrl":"https:\/\/www.metrica.it\/wp-content\/uploads\/2025\/02\/60370.jpg","datePublished":"2025-02-23T11:08:54+00:00","dateModified":"2025-02-23T11:09:10+00:00","breadcrumb":{"@id":"https:\/\/www.metrica.it\/fr\/produit\/flir-one-edge-edge-pro-4\/#breadcrumb"},"inLanguage":"fr-FR","potentialAction":[{"@type":"ReadAction","target":["https:\/\/www.metrica.it\/fr\/produit\/flir-one-edge-edge-pro-4\/"]}]},{"@type":"ImageObject","inLanguage":"fr-FR","@id":"https:\/\/www.metrica.it\/fr\/produit\/flir-one-edge-edge-pro-4\/#primaryimage","url":"https:\/\/www.metrica.it\/wp-content\/uploads\/2025\/02\/60370.jpg","contentUrl":"https:\/\/www.metrica.it\/wp-content\/uploads\/2025\/02\/60370.jpg","width":1200,"height":1200},{"@type":"BreadcrumbList","@id":"https:\/\/www.metrica.it\/fr\/produit\/flir-one-edge-edge-pro-4\/#breadcrumb","itemListElement":[{"@type":"ListItem","position":1,"name":"Home","item":"https:\/\/www.metrica.it\/fr\/"},{"@type":"ListItem","position":2,"name":"Catalogue","item":"https:\/\/www.metrica.it\/fr\/catalogue\/"},{"@type":"ListItem","position":3,"name":"FLIR ONE EDGE \/ EDGE PRO"}]},{"@type":"WebSite","@id":"https:\/\/www.metrica.it\/fr\/#website","url":"https:\/\/www.metrica.it\/fr\/","name":"Metrica","description":"Made to measure","potentialAction":[{"@type":"SearchAction","target":{"@type":"EntryPoint","urlTemplate":"https:\/\/www.metrica.it\/fr\/?s={search_term_string}"},"query-input":{"@type":"PropertyValueSpecification","valueRequired":true,"valueName":"search_term_string"}}],"inLanguage":"fr-FR"}]}},"meta_box":{"awr_documentation":[],"awr_manuale":[],"awr_scheda_tecnica":"","awr_youtube_video":"","awr_classe_prodotto":"","awr_customize_product":"0","awr_custom_image":false,"awr_related_products":[{"awr_product_references":"ref:60370|ean:8001066603701|pack:1"},{"awr_product_references":"ref:60378|ean:8001066603787|pack:1"},{"awr_product_references":"ref:60379|ean:8001066603794|pack:1"}],"awr_consumabili":"","awr_alternativi":"","awr_aliases":"60370,60378,60379","awr_skuid":"60370-it"},"_links":{"self":[{"href":"https:\/\/www.metrica.it\/fr\/wp-json\/wp\/v2\/product\/157352","targetHints":{"allow":["GET"]}}],"collection":[{"href":"https:\/\/www.metrica.it\/fr\/wp-json\/wp\/v2\/product"}],"about":[{"href":"https:\/\/www.metrica.it\/fr\/wp-json\/wp\/v2\/types\/product"}],"wp:featuredmedia":[{"embeddable":true,"href":"https:\/\/www.metrica.it\/fr\/wp-json\/wp\/v2\/media\/157346"}],"wp:attachment":[{"href":"https:\/\/www.metrica.it\/fr\/wp-json\/wp\/v2\/media?parent=157352"}],"wp:term":[{"taxonomy":"product_cat","embeddable":true,"href":"https:\/\/www.metrica.it\/fr\/wp-json\/wp\/v2\/product_cat?post=157352"},{"taxonomy":"product_tag","embeddable":true,"href":"https:\/\/www.metrica.it\/fr\/wp-json\/wp\/v2\/product_tag?post=157352"}],"curies":[{"name":"wp","href":"https:\/\/api.w.org\/{rel}","templated":true}]}}