{"id":157359,"date":"2025-02-23T12:09:12","date_gmt":"2025-02-23T11:09:12","guid":{"rendered":"https:\/\/www.metrica.it\/prodotto\/camera-thermique-flir-tg275\/"},"modified":"2025-02-23T12:09:25","modified_gmt":"2025-02-23T11:09:25","slug":"camera-thermique-flir-tg275","status":"publish","type":"product","link":"https:\/\/www.metrica.it\/fr\/produit\/camera-thermique-flir-tg275\/","title":{"rendered":"CAM\u00c9RA THERMIQUE FLIR TG275"},"content":{"rendered":"<ul>\n<li>Con\u00e7ue sp\u00e9cifiquement pour les techniciens de maintenance et d&rsquo;entretien et de r\u00e9paration dans le l&rsquo;industrie automobile: probl\u00e8mes de relais et de l&rsquo;appareillage de commutation, du drainage parasite de la batterie, les composants du groupe motopropulseur, les syst\u00e8mes de climatisation syst\u00e8mes de climatisation (conduits) <\/li>\n<li>Plage de mesure jusqu&rsquo;\u00e0 550\u00b0 C<\/li>\n<li>Fonction MSX et Bluetooth<\/li>\n<li>Cam\u00e9ra de 19 200 pixels<\/li>\n<li>Ajustement automatique de l&rsquo;image<\/li>\n<li>IP54<\/li>\n<li>M\u00e9moire: 50 000 images<\/li>\n<li>Batterie rechargeable Li-Ion<\/li>\n<li>R\u00e9sistant aux chutes de 2 m<\/li>\n<li>Torche LED int\u00e9gr\u00e9e<\/li>\n<\/ul>\n","protected":false},"excerpt":{"rendered":"<p>Con\u00e7ue sp\u00e9cifiquement pour les techniciens de maintenance et d&rsquo;entretien et de r\u00e9paration dans le l&rsquo;industrie automobile: probl\u00e8mes de relais et de l&rsquo;appareillage de commutation, du drainage parasite de la batterie, les composants du groupe motopropulseur, les syst\u00e8mes de climatisation syst\u00e8mes de climatisation (conduits) <br \/>Plage de mesure jusqu&rsquo;\u00e0 550\u00b0 C <br \/>Fonction MSX et Bluetooth <br \/>Cam\u00e9ra de 19 200 pixels <br \/>Ajustement automatique de l&rsquo;image <br \/>IP54 <br \/>M\u00e9moire: 50 000 images <br \/>Batterie rechargeable Li-Ion <br \/>R\u00e9sistant aux chutes de 2 m <br \/>Torche LED int\u00e9gr\u00e9e <\/p>\n","protected":false},"featured_media":157355,"template":"","meta":[],"product_cat":[542,515],"product_tag":[],"class_list":{"0":"post-157359","1":"product","2":"type-product","3":"status-publish","4":"has-post-thumbnail","6":"product_cat-cameras-thermiques","7":"product_cat-laser-et-cameras-thermiques","9":"first","10":"instock","11":"sold-individually","12":"product-type-simple"},"yoast_head":"<title>CAM\u00c9RA THERMIQUE FLIR TG275 - Metrica<\/title>\n<meta name=\"robots\" content=\"index, follow, max-snippet:-1, max-image-preview:large, max-video-preview:-1\" \/>\n<link rel=\"canonical\" href=\"https:\/\/www.metrica.it\/fr\/produit\/camera-thermique-flir-tg275\/\" \/>\n<meta property=\"og:locale\" content=\"fr_FR\" \/>\n<meta property=\"og:type\" content=\"article\" \/>\n<meta property=\"og:title\" content=\"CAM\u00c9RA THERMIQUE FLIR TG275 - Metrica\" \/>\n<meta property=\"og:description\" content=\"Con\u00e7ue sp\u00e9cifiquement pour les techniciens de maintenance et d&#039;entretien et de r\u00e9paration dans le l&#039;industrie automobile: probl\u00e8mes de relais et de l&#039;appareillage de commutation, du drainage parasite de la batterie, les composants du groupe motopropulseur, les syst\u00e8mes de climatisation syst\u00e8mes de climatisation (conduits) Plage de mesure jusqu&#039;\u00e0 550\u00b0 C Fonction MSX et Bluetooth Cam\u00e9ra de 19 200 pixels Ajustement automatique de l&#039;image IP54 M\u00e9moire: 50 000 images Batterie rechargeable Li-Ion R\u00e9sistant aux chutes de 2 m Torche LED int\u00e9gr\u00e9e\" \/>\n<meta property=\"og:url\" content=\"https:\/\/www.metrica.it\/fr\/produit\/camera-thermique-flir-tg275\/\" \/>\n<meta property=\"og:site_name\" content=\"Metrica\" \/>\n<meta property=\"article:modified_time\" content=\"2025-02-23T11:09:25+00:00\" \/>\n<meta property=\"og:image\" content=\"https:\/\/www.metrica.it\/wp-content\/uploads\/2025\/02\/60375.jpg\" \/>\n\t<meta property=\"og:image:width\" content=\"1200\" \/>\n\t<meta property=\"og:image:height\" content=\"1200\" \/>\n\t<meta property=\"og:image:type\" content=\"image\/jpeg\" \/>\n<meta name=\"twitter:card\" content=\"summary_large_image\" \/>\n<script type=\"application\/ld+json\" class=\"yoast-schema-graph\">{\"@context\":\"https:\\\/\\\/schema.org\",\"@graph\":[{\"@type\":\"WebPage\",\"@id\":\"https:\\\/\\\/www.metrica.it\\\/fr\\\/produit\\\/camera-thermique-flir-tg275\\\/\",\"url\":\"https:\\\/\\\/www.metrica.it\\\/fr\\\/produit\\\/camera-thermique-flir-tg275\\\/\",\"name\":\"CAM\u00c9RA THERMIQUE FLIR TG275 - Metrica\",\"isPartOf\":{\"@id\":\"https:\\\/\\\/www.metrica.it\\\/fr\\\/#website\"},\"primaryImageOfPage\":{\"@id\":\"https:\\\/\\\/www.metrica.it\\\/fr\\\/produit\\\/camera-thermique-flir-tg275\\\/#primaryimage\"},\"image\":{\"@id\":\"https:\\\/\\\/www.metrica.it\\\/fr\\\/produit\\\/camera-thermique-flir-tg275\\\/#primaryimage\"},\"thumbnailUrl\":\"https:\\\/\\\/www.metrica.it\\\/wp-content\\\/uploads\\\/2025\\\/02\\\/60375.jpg\",\"datePublished\":\"2025-02-23T11:09:12+00:00\",\"dateModified\":\"2025-02-23T11:09:25+00:00\",\"breadcrumb\":{\"@id\":\"https:\\\/\\\/www.metrica.it\\\/fr\\\/produit\\\/camera-thermique-flir-tg275\\\/#breadcrumb\"},\"inLanguage\":\"fr-FR\",\"potentialAction\":[{\"@type\":\"ReadAction\",\"target\":[\"https:\\\/\\\/www.metrica.it\\\/fr\\\/produit\\\/camera-thermique-flir-tg275\\\/\"]}]},{\"@type\":\"ImageObject\",\"inLanguage\":\"fr-FR\",\"@id\":\"https:\\\/\\\/www.metrica.it\\\/fr\\\/produit\\\/camera-thermique-flir-tg275\\\/#primaryimage\",\"url\":\"https:\\\/\\\/www.metrica.it\\\/wp-content\\\/uploads\\\/2025\\\/02\\\/60375.jpg\",\"contentUrl\":\"https:\\\/\\\/www.metrica.it\\\/wp-content\\\/uploads\\\/2025\\\/02\\\/60375.jpg\",\"width\":1200,\"height\":1200},{\"@type\":\"BreadcrumbList\",\"@id\":\"https:\\\/\\\/www.metrica.it\\\/fr\\\/produit\\\/camera-thermique-flir-tg275\\\/#breadcrumb\",\"itemListElement\":[{\"@type\":\"ListItem\",\"position\":1,\"name\":\"Home\",\"item\":\"https:\\\/\\\/www.metrica.it\\\/fr\\\/\"},{\"@type\":\"ListItem\",\"position\":2,\"name\":\"Catalogue\",\"item\":\"https:\\\/\\\/www.metrica.it\\\/fr\\\/catalogue\\\/\"},{\"@type\":\"ListItem\",\"position\":3,\"name\":\"CAM\u00c9RA THERMIQUE FLIR TG275\"}]},{\"@type\":\"WebSite\",\"@id\":\"https:\\\/\\\/www.metrica.it\\\/fr\\\/#website\",\"url\":\"https:\\\/\\\/www.metrica.it\\\/fr\\\/\",\"name\":\"Metrica\",\"description\":\"Made to measure\",\"potentialAction\":[{\"@type\":\"SearchAction\",\"target\":{\"@type\":\"EntryPoint\",\"urlTemplate\":\"https:\\\/\\\/www.metrica.it\\\/fr\\\/?s={search_term_string}\"},\"query-input\":{\"@type\":\"PropertyValueSpecification\",\"valueRequired\":true,\"valueName\":\"search_term_string\"}}],\"inLanguage\":\"fr-FR\"}]}<\/script>","yoast_head_json":{"title":"CAM\u00c9RA THERMIQUE FLIR TG275 - Metrica","robots":{"index":"index","follow":"follow","max-snippet":"max-snippet:-1","max-image-preview":"max-image-preview:large","max-video-preview":"max-video-preview:-1"},"canonical":"https:\/\/www.metrica.it\/fr\/produit\/camera-thermique-flir-tg275\/","og_locale":"fr_FR","og_type":"article","og_title":"CAM\u00c9RA THERMIQUE FLIR TG275 - Metrica","og_description":"Con\u00e7ue sp\u00e9cifiquement pour les techniciens de maintenance et d'entretien et de r\u00e9paration dans le l'industrie automobile: probl\u00e8mes de relais et de l'appareillage de commutation, du drainage parasite de la batterie, les composants du groupe motopropulseur, les syst\u00e8mes de climatisation syst\u00e8mes de climatisation (conduits) Plage de mesure jusqu'\u00e0 550\u00b0 C Fonction MSX et Bluetooth Cam\u00e9ra de 19 200 pixels Ajustement automatique de l'image IP54 M\u00e9moire: 50 000 images Batterie rechargeable Li-Ion R\u00e9sistant aux chutes de 2 m Torche LED int\u00e9gr\u00e9e","og_url":"https:\/\/www.metrica.it\/fr\/produit\/camera-thermique-flir-tg275\/","og_site_name":"Metrica","article_modified_time":"2025-02-23T11:09:25+00:00","og_image":[{"width":1200,"height":1200,"url":"https:\/\/www.metrica.it\/wp-content\/uploads\/2025\/02\/60375.jpg","type":"image\/jpeg"}],"twitter_card":"summary_large_image","schema":{"@context":"https:\/\/schema.org","@graph":[{"@type":"WebPage","@id":"https:\/\/www.metrica.it\/fr\/produit\/camera-thermique-flir-tg275\/","url":"https:\/\/www.metrica.it\/fr\/produit\/camera-thermique-flir-tg275\/","name":"CAM\u00c9RA THERMIQUE FLIR TG275 - Metrica","isPartOf":{"@id":"https:\/\/www.metrica.it\/fr\/#website"},"primaryImageOfPage":{"@id":"https:\/\/www.metrica.it\/fr\/produit\/camera-thermique-flir-tg275\/#primaryimage"},"image":{"@id":"https:\/\/www.metrica.it\/fr\/produit\/camera-thermique-flir-tg275\/#primaryimage"},"thumbnailUrl":"https:\/\/www.metrica.it\/wp-content\/uploads\/2025\/02\/60375.jpg","datePublished":"2025-02-23T11:09:12+00:00","dateModified":"2025-02-23T11:09:25+00:00","breadcrumb":{"@id":"https:\/\/www.metrica.it\/fr\/produit\/camera-thermique-flir-tg275\/#breadcrumb"},"inLanguage":"fr-FR","potentialAction":[{"@type":"ReadAction","target":["https:\/\/www.metrica.it\/fr\/produit\/camera-thermique-flir-tg275\/"]}]},{"@type":"ImageObject","inLanguage":"fr-FR","@id":"https:\/\/www.metrica.it\/fr\/produit\/camera-thermique-flir-tg275\/#primaryimage","url":"https:\/\/www.metrica.it\/wp-content\/uploads\/2025\/02\/60375.jpg","contentUrl":"https:\/\/www.metrica.it\/wp-content\/uploads\/2025\/02\/60375.jpg","width":1200,"height":1200},{"@type":"BreadcrumbList","@id":"https:\/\/www.metrica.it\/fr\/produit\/camera-thermique-flir-tg275\/#breadcrumb","itemListElement":[{"@type":"ListItem","position":1,"name":"Home","item":"https:\/\/www.metrica.it\/fr\/"},{"@type":"ListItem","position":2,"name":"Catalogue","item":"https:\/\/www.metrica.it\/fr\/catalogue\/"},{"@type":"ListItem","position":3,"name":"CAM\u00c9RA THERMIQUE FLIR TG275"}]},{"@type":"WebSite","@id":"https:\/\/www.metrica.it\/fr\/#website","url":"https:\/\/www.metrica.it\/fr\/","name":"Metrica","description":"Made to measure","potentialAction":[{"@type":"SearchAction","target":{"@type":"EntryPoint","urlTemplate":"https:\/\/www.metrica.it\/fr\/?s={search_term_string}"},"query-input":{"@type":"PropertyValueSpecification","valueRequired":true,"valueName":"search_term_string"}}],"inLanguage":"fr-FR"}]}},"meta_box":{"awr_documentation":[],"awr_manuale":[],"awr_scheda_tecnica":"","awr_youtube_video":"","awr_classe_prodotto":"","awr_customize_product":"0","awr_custom_image":false,"awr_related_products":[{"awr_product_references":"ref:60375|ean:8001066603756|pack:1"}],"awr_consumabili":"","awr_alternativi":"","awr_aliases":"60375","awr_skuid":"60375-it"},"_links":{"self":[{"href":"https:\/\/www.metrica.it\/fr\/wp-json\/wp\/v2\/product\/157359","targetHints":{"allow":["GET"]}}],"collection":[{"href":"https:\/\/www.metrica.it\/fr\/wp-json\/wp\/v2\/product"}],"about":[{"href":"https:\/\/www.metrica.it\/fr\/wp-json\/wp\/v2\/types\/product"}],"wp:featuredmedia":[{"embeddable":true,"href":"https:\/\/www.metrica.it\/fr\/wp-json\/wp\/v2\/media\/157355"}],"wp:attachment":[{"href":"https:\/\/www.metrica.it\/fr\/wp-json\/wp\/v2\/media?parent=157359"}],"wp:term":[{"taxonomy":"product_cat","embeddable":true,"href":"https:\/\/www.metrica.it\/fr\/wp-json\/wp\/v2\/product_cat?post=157359"},{"taxonomy":"product_tag","embeddable":true,"href":"https:\/\/www.metrica.it\/fr\/wp-json\/wp\/v2\/product_tag?post=157359"}],"curies":[{"name":"wp","href":"https:\/\/api.w.org\/{rel}","templated":true}]}}