{"id":157366,"date":"2025-02-23T12:09:28","date_gmt":"2025-02-23T11:09:28","guid":{"rendered":"https:\/\/www.metrica.it\/prodotto\/camera-thermique-flir-tg297\/"},"modified":"2025-02-23T12:09:37","modified_gmt":"2025-02-23T11:09:37","slug":"camera-thermique-flir-tg297","status":"publish","type":"product","link":"https:\/\/www.metrica.it\/fr\/produit\/camera-thermique-flir-tg297\/","title":{"rendered":"CAM\u00c9RA THERMIQUE FLIR TG297"},"content":{"rendered":"<ul>\n<li>Diagnostic industriel combinant une mesure pr\u00e9cise de la temp\u00e9rature et la possibilit\u00e9 de capturer des images de temp\u00e9ratures allant jusqu&rsquo;\u00e0 1030 \u00b0C<\/li>\n<li>Id\u00e9al pour les applications industrielles \u00e0 haute temp\u00e9rature telles que la mesure de la chaleur des fours \u00e0 verre, des fours de s\u00e9chage et des forges. <\/li>\n<li>Diagnostiquez plus rapidement les probl\u00e8mes sur les cibles de<br \/>\n chaleur extr\u00eame en<\/li>\n<li>Fonctionnalit\u00e9 MSX et Bluetooth<\/li>\n<li>Cam\u00e9ra IR 160 x 120 (19 200 pixels)<\/li>\n<li>Ajustement automatique de l&rsquo;image<\/li>\n<li>IP54<\/li>\n<li>M\u00e9moire: 4 GB<\/li>\n<li>Lampe LED et pointeur laser avec oeil de boeuf<\/li>\n<li>Batterie lithium-ion rechargeable<\/li>\n<li>R\u00e9sistant aux chutes de 2 m<\/li>\n<\/ul>\n","protected":false},"excerpt":{"rendered":"<p>Diagnostic industriel combinant une mesure pr\u00e9cise de la temp\u00e9rature et la possibilit\u00e9 de capturer des images de temp\u00e9ratures allant jusqu&rsquo;\u00e0 1030 \u00b0C <br \/>Id\u00e9al pour les applications industrielles \u00e0 haute temp\u00e9rature telles que la mesure de la chaleur des fours \u00e0 verre, des fours de s\u00e9chage et des forges. <br \/>Diagnostiquez plus rapidement les probl\u00e8mes sur les cibles de<br \/>\n chaleur extr\u00eame en <br \/>Fonctionnalit\u00e9 MSX et Bluetooth <br \/>Cam\u00e9ra IR 160 x 120 (19 200 pixels) <br \/>Ajustement automatique de l&rsquo;image <br \/>IP54 <br \/>M\u00e9moire: 4 GB <br \/>Lampe LED et pointeur laser avec oeil de boeuf <br \/>Batterie lithium-ion rechargeable <br \/>R\u00e9sistant aux chutes de 2 m <\/p>\n","protected":false},"featured_media":157362,"template":"","meta":[],"product_cat":[542,515],"product_tag":[],"class_list":{"0":"post-157366","1":"product","2":"type-product","3":"status-publish","4":"has-post-thumbnail","6":"product_cat-cameras-thermiques","7":"product_cat-laser-et-cameras-thermiques","9":"first","10":"instock","11":"sold-individually","12":"product-type-simple"},"yoast_head":"<title>CAM\u00c9RA THERMIQUE FLIR TG297 - Metrica<\/title>\n<meta name=\"robots\" content=\"index, follow, max-snippet:-1, max-image-preview:large, max-video-preview:-1\" \/>\n<link rel=\"canonical\" href=\"https:\/\/www.metrica.it\/fr\/produit\/camera-thermique-flir-tg297\/\" \/>\n<meta property=\"og:locale\" content=\"fr_FR\" \/>\n<meta property=\"og:type\" content=\"article\" \/>\n<meta property=\"og:title\" content=\"CAM\u00c9RA THERMIQUE FLIR TG297 - Metrica\" \/>\n<meta property=\"og:description\" content=\"Diagnostic industriel combinant une mesure pr\u00e9cise de la temp\u00e9rature et la possibilit\u00e9 de capturer des images de temp\u00e9ratures allant jusqu&#039;\u00e0 1030 \u00b0C Id\u00e9al pour les applications industrielles \u00e0 haute temp\u00e9rature telles que la mesure de la chaleur des fours \u00e0 verre, des fours de s\u00e9chage et des forges. Diagnostiquez plus rapidement les probl\u00e8mes sur les cibles de chaleur extr\u00eame en Fonctionnalit\u00e9 MSX et Bluetooth Cam\u00e9ra IR 160 x 120 (19 200 pixels) Ajustement automatique de l&#039;image IP54 M\u00e9moire: 4 GB Lampe LED et pointeur laser avec oeil de boeuf Batterie lithium-ion rechargeable R\u00e9sistant aux chutes de 2 m\" \/>\n<meta property=\"og:url\" content=\"https:\/\/www.metrica.it\/fr\/produit\/camera-thermique-flir-tg297\/\" \/>\n<meta property=\"og:site_name\" content=\"Metrica\" \/>\n<meta property=\"article:modified_time\" content=\"2025-02-23T11:09:37+00:00\" \/>\n<meta property=\"og:image\" content=\"https:\/\/www.metrica.it\/wp-content\/uploads\/2025\/02\/60376.jpg\" \/>\n\t<meta property=\"og:image:width\" content=\"1200\" \/>\n\t<meta property=\"og:image:height\" content=\"1200\" \/>\n\t<meta property=\"og:image:type\" content=\"image\/jpeg\" \/>\n<meta name=\"twitter:card\" content=\"summary_large_image\" \/>\n<script type=\"application\/ld+json\" class=\"yoast-schema-graph\">{\"@context\":\"https:\\\/\\\/schema.org\",\"@graph\":[{\"@type\":\"WebPage\",\"@id\":\"https:\\\/\\\/www.metrica.it\\\/fr\\\/produit\\\/camera-thermique-flir-tg297\\\/\",\"url\":\"https:\\\/\\\/www.metrica.it\\\/fr\\\/produit\\\/camera-thermique-flir-tg297\\\/\",\"name\":\"CAM\u00c9RA THERMIQUE FLIR TG297 - Metrica\",\"isPartOf\":{\"@id\":\"https:\\\/\\\/www.metrica.it\\\/fr\\\/#website\"},\"primaryImageOfPage\":{\"@id\":\"https:\\\/\\\/www.metrica.it\\\/fr\\\/produit\\\/camera-thermique-flir-tg297\\\/#primaryimage\"},\"image\":{\"@id\":\"https:\\\/\\\/www.metrica.it\\\/fr\\\/produit\\\/camera-thermique-flir-tg297\\\/#primaryimage\"},\"thumbnailUrl\":\"https:\\\/\\\/www.metrica.it\\\/wp-content\\\/uploads\\\/2025\\\/02\\\/60376.jpg\",\"datePublished\":\"2025-02-23T11:09:28+00:00\",\"dateModified\":\"2025-02-23T11:09:37+00:00\",\"breadcrumb\":{\"@id\":\"https:\\\/\\\/www.metrica.it\\\/fr\\\/produit\\\/camera-thermique-flir-tg297\\\/#breadcrumb\"},\"inLanguage\":\"fr-FR\",\"potentialAction\":[{\"@type\":\"ReadAction\",\"target\":[\"https:\\\/\\\/www.metrica.it\\\/fr\\\/produit\\\/camera-thermique-flir-tg297\\\/\"]}]},{\"@type\":\"ImageObject\",\"inLanguage\":\"fr-FR\",\"@id\":\"https:\\\/\\\/www.metrica.it\\\/fr\\\/produit\\\/camera-thermique-flir-tg297\\\/#primaryimage\",\"url\":\"https:\\\/\\\/www.metrica.it\\\/wp-content\\\/uploads\\\/2025\\\/02\\\/60376.jpg\",\"contentUrl\":\"https:\\\/\\\/www.metrica.it\\\/wp-content\\\/uploads\\\/2025\\\/02\\\/60376.jpg\",\"width\":1200,\"height\":1200},{\"@type\":\"BreadcrumbList\",\"@id\":\"https:\\\/\\\/www.metrica.it\\\/fr\\\/produit\\\/camera-thermique-flir-tg297\\\/#breadcrumb\",\"itemListElement\":[{\"@type\":\"ListItem\",\"position\":1,\"name\":\"Home\",\"item\":\"https:\\\/\\\/www.metrica.it\\\/fr\\\/\"},{\"@type\":\"ListItem\",\"position\":2,\"name\":\"Catalogue\",\"item\":\"https:\\\/\\\/www.metrica.it\\\/fr\\\/catalogue\\\/\"},{\"@type\":\"ListItem\",\"position\":3,\"name\":\"CAM\u00c9RA THERMIQUE FLIR TG297\"}]},{\"@type\":\"WebSite\",\"@id\":\"https:\\\/\\\/www.metrica.it\\\/fr\\\/#website\",\"url\":\"https:\\\/\\\/www.metrica.it\\\/fr\\\/\",\"name\":\"Metrica\",\"description\":\"Made to measure\",\"potentialAction\":[{\"@type\":\"SearchAction\",\"target\":{\"@type\":\"EntryPoint\",\"urlTemplate\":\"https:\\\/\\\/www.metrica.it\\\/fr\\\/?s={search_term_string}\"},\"query-input\":{\"@type\":\"PropertyValueSpecification\",\"valueRequired\":true,\"valueName\":\"search_term_string\"}}],\"inLanguage\":\"fr-FR\"}]}<\/script>","yoast_head_json":{"title":"CAM\u00c9RA THERMIQUE FLIR TG297 - Metrica","robots":{"index":"index","follow":"follow","max-snippet":"max-snippet:-1","max-image-preview":"max-image-preview:large","max-video-preview":"max-video-preview:-1"},"canonical":"https:\/\/www.metrica.it\/fr\/produit\/camera-thermique-flir-tg297\/","og_locale":"fr_FR","og_type":"article","og_title":"CAM\u00c9RA THERMIQUE FLIR TG297 - Metrica","og_description":"Diagnostic industriel combinant une mesure pr\u00e9cise de la temp\u00e9rature et la possibilit\u00e9 de capturer des images de temp\u00e9ratures allant jusqu'\u00e0 1030 \u00b0C Id\u00e9al pour les applications industrielles \u00e0 haute temp\u00e9rature telles que la mesure de la chaleur des fours \u00e0 verre, des fours de s\u00e9chage et des forges. Diagnostiquez plus rapidement les probl\u00e8mes sur les cibles de chaleur extr\u00eame en Fonctionnalit\u00e9 MSX et Bluetooth Cam\u00e9ra IR 160 x 120 (19 200 pixels) Ajustement automatique de l'image IP54 M\u00e9moire: 4 GB Lampe LED et pointeur laser avec oeil de boeuf Batterie lithium-ion rechargeable R\u00e9sistant aux chutes de 2 m","og_url":"https:\/\/www.metrica.it\/fr\/produit\/camera-thermique-flir-tg297\/","og_site_name":"Metrica","article_modified_time":"2025-02-23T11:09:37+00:00","og_image":[{"width":1200,"height":1200,"url":"https:\/\/www.metrica.it\/wp-content\/uploads\/2025\/02\/60376.jpg","type":"image\/jpeg"}],"twitter_card":"summary_large_image","schema":{"@context":"https:\/\/schema.org","@graph":[{"@type":"WebPage","@id":"https:\/\/www.metrica.it\/fr\/produit\/camera-thermique-flir-tg297\/","url":"https:\/\/www.metrica.it\/fr\/produit\/camera-thermique-flir-tg297\/","name":"CAM\u00c9RA THERMIQUE FLIR TG297 - Metrica","isPartOf":{"@id":"https:\/\/www.metrica.it\/fr\/#website"},"primaryImageOfPage":{"@id":"https:\/\/www.metrica.it\/fr\/produit\/camera-thermique-flir-tg297\/#primaryimage"},"image":{"@id":"https:\/\/www.metrica.it\/fr\/produit\/camera-thermique-flir-tg297\/#primaryimage"},"thumbnailUrl":"https:\/\/www.metrica.it\/wp-content\/uploads\/2025\/02\/60376.jpg","datePublished":"2025-02-23T11:09:28+00:00","dateModified":"2025-02-23T11:09:37+00:00","breadcrumb":{"@id":"https:\/\/www.metrica.it\/fr\/produit\/camera-thermique-flir-tg297\/#breadcrumb"},"inLanguage":"fr-FR","potentialAction":[{"@type":"ReadAction","target":["https:\/\/www.metrica.it\/fr\/produit\/camera-thermique-flir-tg297\/"]}]},{"@type":"ImageObject","inLanguage":"fr-FR","@id":"https:\/\/www.metrica.it\/fr\/produit\/camera-thermique-flir-tg297\/#primaryimage","url":"https:\/\/www.metrica.it\/wp-content\/uploads\/2025\/02\/60376.jpg","contentUrl":"https:\/\/www.metrica.it\/wp-content\/uploads\/2025\/02\/60376.jpg","width":1200,"height":1200},{"@type":"BreadcrumbList","@id":"https:\/\/www.metrica.it\/fr\/produit\/camera-thermique-flir-tg297\/#breadcrumb","itemListElement":[{"@type":"ListItem","position":1,"name":"Home","item":"https:\/\/www.metrica.it\/fr\/"},{"@type":"ListItem","position":2,"name":"Catalogue","item":"https:\/\/www.metrica.it\/fr\/catalogue\/"},{"@type":"ListItem","position":3,"name":"CAM\u00c9RA THERMIQUE FLIR TG297"}]},{"@type":"WebSite","@id":"https:\/\/www.metrica.it\/fr\/#website","url":"https:\/\/www.metrica.it\/fr\/","name":"Metrica","description":"Made to measure","potentialAction":[{"@type":"SearchAction","target":{"@type":"EntryPoint","urlTemplate":"https:\/\/www.metrica.it\/fr\/?s={search_term_string}"},"query-input":{"@type":"PropertyValueSpecification","valueRequired":true,"valueName":"search_term_string"}}],"inLanguage":"fr-FR"}]}},"meta_box":{"awr_documentation":[],"awr_manuale":[],"awr_scheda_tecnica":"","awr_youtube_video":"","awr_classe_prodotto":"","awr_customize_product":"0","awr_custom_image":false,"awr_related_products":[{"awr_product_references":"ref:60376|ean:8001066603763|pack:1"}],"awr_consumabili":"","awr_alternativi":"","awr_aliases":"60376","awr_skuid":"60376-it"},"_links":{"self":[{"href":"https:\/\/www.metrica.it\/fr\/wp-json\/wp\/v2\/product\/157366","targetHints":{"allow":["GET"]}}],"collection":[{"href":"https:\/\/www.metrica.it\/fr\/wp-json\/wp\/v2\/product"}],"about":[{"href":"https:\/\/www.metrica.it\/fr\/wp-json\/wp\/v2\/types\/product"}],"wp:featuredmedia":[{"embeddable":true,"href":"https:\/\/www.metrica.it\/fr\/wp-json\/wp\/v2\/media\/157362"}],"wp:attachment":[{"href":"https:\/\/www.metrica.it\/fr\/wp-json\/wp\/v2\/media?parent=157366"}],"wp:term":[{"taxonomy":"product_cat","embeddable":true,"href":"https:\/\/www.metrica.it\/fr\/wp-json\/wp\/v2\/product_cat?post=157366"},{"taxonomy":"product_tag","embeddable":true,"href":"https:\/\/www.metrica.it\/fr\/wp-json\/wp\/v2\/product_tag?post=157366"}],"curies":[{"name":"wp","href":"https:\/\/api.w.org\/{rel}","templated":true}]}}