{"id":157375,"date":"2025-02-23T12:09:39","date_gmt":"2025-02-23T11:09:39","guid":{"rendered":"https:\/\/www.metrica.it\/prodotto\/cameras-thermiques-serie-pro\/"},"modified":"2025-02-23T12:09:58","modified_gmt":"2025-02-23T11:09:58","slug":"cameras-thermiques-serie-pro","status":"publish","type":"product","link":"https:\/\/www.metrica.it\/fr\/produit\/cameras-thermiques-serie-pro\/","title":{"rendered":"CAM\u00c9RAS THERMIQUES S\u00c9RIE PRO"},"content":{"rendered":"<ul>\n<li>Mod\u00e8les PRO<\/li>\n<li>R\u00e9solution cam\u00e9ra num\u00e9rique 5 MP<\/li>\n<li>R\u00e9solution d&rsquo;affichage 640 x 480<\/li>\n<li>\u00c9cran 3,5 pouces<\/li>\n<li>Conception moderne &#038; intuitive de l&rsquo;\u00e9cran tactile<\/li>\n<li>Lampe de poche LED int\u00e9gr\u00e9e<\/li>\n<li>Possibilit\u00e9 d&rsquo;ajouter des notes d\u00e9taill\u00e9s aux photos<\/li>\n<li>Nouvelle fonction 1-Touch Level\/Span : il suffit de toucher l\u2019\u00e9cran pour choisir une zone de mise au point sur une image thermique et la cam\u00e9ra ajuste automatiquement le niveau et la plage, en fonction du contraste thermique<\/li>\n<li>L\u00e9g\u00e8res et tr\u00e8s robustes (anti-chute 2 m)<\/li>\n<li>Incrustation d&rsquo;image PiP<\/li>\n<li>Ref. | \u00b0C | Resolution IR | Sensibilit\u00e8 Termique<\/li>\n<li>60435 E5 XT | -20 a 400 C\u00b0 | 19.200 pixel (160 x 120) | < 100 mk (< 0,10 \u00b0C)<\/li>\n<li>60365 E5 PRO | -20 a 400 C\u00b0 | 19.200 pixel (160 x 120) | < 60 mk (<0,06 \u00b0C)<\/li>\n<li>60366 E6 PRO | -20 a 550 C\u00b0 | 43.200 pixel (240 x 180) | < 50 mk (< 0,05 \u00b0C)<\/li>\n<li>60368 E8 PRO | -20 a 550 C\u00b0 | 76.800 pixel (320 x 240) | < 40 mk (< 0,04 \u00b0C)<\/li>\n<\/ul>\n","protected":false},"excerpt":{"rendered":"<p>Mod\u00e8les PRO <br \/>R\u00e9solution cam\u00e9ra num\u00e9rique 5 MP <br \/>R\u00e9solution d&rsquo;affichage 640 x 480 <br \/>\u00c9cran 3,5 pouces <br \/>Conception moderne &#038; intuitive de l&rsquo;\u00e9cran tactile <br \/>Lampe de poche LED int\u00e9gr\u00e9e <br \/>Possibilit\u00e9 d&rsquo;ajouter des notes d\u00e9taill\u00e9s aux photos <br \/>Nouvelle fonction 1-Touch Level\/Span : il suffit de toucher l\u2019\u00e9cran pour choisir une zone de mise au point sur une image thermique et la cam\u00e9ra ajuste automatiquement le niveau et la plage, en fonction du contraste thermique <br \/>L\u00e9g\u00e8res et tr\u00e8s robustes (anti-chute 2 m) <br \/>Incrustation d&rsquo;image PiP <br \/>Ref. | \u00b0C | Resolution IR | Sensibilit\u00e8 Termique <br \/>60435 E5 XT | -20 a 400 C\u00b0 | 19.200 pixel (160 x 120) | < 100 mk (< 0,10 \u00b0C) <br \/>60365 E5 PRO | -20 a 400 C\u00b0 | 19.200 pixel (160 x 120) | < 60 mk (<0,06 \u00b0C) <br \/>60366 E6 PRO | -20 a 550 C\u00b0 | 43.200 pixel (240 x 180) | < 50 mk (< 0,05 \u00b0C) <br \/>60368 E8 PRO | -20 a 550 C\u00b0 | 76.800 pixel (320 x 240) | < 40 mk (< 0,04 \u00b0C) <\/p>\n","protected":false},"featured_media":157369,"template":"","meta":[],"product_cat":[542,515],"product_tag":[],"class_list":{"0":"post-157375","1":"product","2":"type-product","3":"status-publish","4":"has-post-thumbnail","6":"product_cat-cameras-thermiques","7":"product_cat-laser-et-cameras-thermiques","9":"first","10":"instock","11":"sold-individually","12":"product-type-simple"},"yoast_head":"<title>CAM\u00c9RAS THERMIQUES S\u00c9RIE PRO - Metrica<\/title>\n<meta name=\"robots\" content=\"index, follow, max-snippet:-1, max-image-preview:large, max-video-preview:-1\" \/>\n<link rel=\"canonical\" href=\"https:\/\/www.metrica.it\/fr\/produit\/cameras-thermiques-serie-pro\/\" \/>\n<meta property=\"og:locale\" content=\"fr_FR\" \/>\n<meta property=\"og:type\" content=\"article\" \/>\n<meta property=\"og:title\" content=\"CAM\u00c9RAS THERMIQUES S\u00c9RIE PRO - Metrica\" \/>\n<meta property=\"og:description\" content=\"Mod\u00e8les PRO R\u00e9solution cam\u00e9ra num\u00e9rique 5 MP R\u00e9solution d&#039;affichage 640 x 480 \u00c9cran 3,5 pouces Conception moderne &amp; intuitive de l&#039;\u00e9cran tactile Lampe de poche LED int\u00e9gr\u00e9e Possibilit\u00e9 d&#039;ajouter des notes d\u00e9taill\u00e9s aux photos Nouvelle fonction 1-Touch Level\/Span : il suffit de toucher l\u2019\u00e9cran pour choisir une zone de mise au point sur une image thermique et la cam\u00e9ra ajuste automatiquement le niveau et la plage, en fonction du contraste thermique L\u00e9g\u00e8res et tr\u00e8s robustes (anti-chute 2 m) Incrustation d&#039;image PiP Ref. | \u00b0C | Resolution IR | Sensibilit\u00e8 Termique 60435 E5 XT | -20 a 400 C\u00b0 | 19.200 pixel (160 x 120) | &lt; 100 mk (&lt; 0,10 \u00b0C) 60365 E5 PRO | -20 a 400 C\u00b0 | 19.200 pixel (160 x 120) | &lt; 60 mk (\" \/>\n<meta property=\"og:url\" content=\"https:\/\/www.metrica.it\/fr\/produit\/cameras-thermiques-serie-pro\/\" \/>\n<meta property=\"og:site_name\" content=\"Metrica\" \/>\n<meta property=\"article:modified_time\" content=\"2025-02-23T11:09:58+00:00\" \/>\n<meta property=\"og:image\" content=\"https:\/\/www.metrica.it\/wp-content\/uploads\/2025\/02\/60435.jpg\" \/>\n\t<meta property=\"og:image:width\" content=\"1200\" \/>\n\t<meta property=\"og:image:height\" content=\"1200\" \/>\n\t<meta property=\"og:image:type\" content=\"image\/jpeg\" \/>\n<meta name=\"twitter:card\" content=\"summary_large_image\" \/>\n<meta name=\"twitter:label1\" content=\"Dur\u00e9e de lecture estim\u00e9e\" \/>\n\t<meta name=\"twitter:data1\" content=\"1 minute\" \/>\n<script type=\"application\/ld+json\" class=\"yoast-schema-graph\">{\"@context\":\"https:\\\/\\\/schema.org\",\"@graph\":[{\"@type\":\"WebPage\",\"@id\":\"https:\\\/\\\/www.metrica.it\\\/fr\\\/produit\\\/cameras-thermiques-serie-pro\\\/\",\"url\":\"https:\\\/\\\/www.metrica.it\\\/fr\\\/produit\\\/cameras-thermiques-serie-pro\\\/\",\"name\":\"CAM\u00c9RAS THERMIQUES S\u00c9RIE PRO - Metrica\",\"isPartOf\":{\"@id\":\"https:\\\/\\\/www.metrica.it\\\/fr\\\/#website\"},\"primaryImageOfPage\":{\"@id\":\"https:\\\/\\\/www.metrica.it\\\/fr\\\/produit\\\/cameras-thermiques-serie-pro\\\/#primaryimage\"},\"image\":{\"@id\":\"https:\\\/\\\/www.metrica.it\\\/fr\\\/produit\\\/cameras-thermiques-serie-pro\\\/#primaryimage\"},\"thumbnailUrl\":\"https:\\\/\\\/www.metrica.it\\\/wp-content\\\/uploads\\\/2025\\\/02\\\/60435.jpg\",\"datePublished\":\"2025-02-23T11:09:39+00:00\",\"dateModified\":\"2025-02-23T11:09:58+00:00\",\"breadcrumb\":{\"@id\":\"https:\\\/\\\/www.metrica.it\\\/fr\\\/produit\\\/cameras-thermiques-serie-pro\\\/#breadcrumb\"},\"inLanguage\":\"fr-FR\",\"potentialAction\":[{\"@type\":\"ReadAction\",\"target\":[\"https:\\\/\\\/www.metrica.it\\\/fr\\\/produit\\\/cameras-thermiques-serie-pro\\\/\"]}]},{\"@type\":\"ImageObject\",\"inLanguage\":\"fr-FR\",\"@id\":\"https:\\\/\\\/www.metrica.it\\\/fr\\\/produit\\\/cameras-thermiques-serie-pro\\\/#primaryimage\",\"url\":\"https:\\\/\\\/www.metrica.it\\\/wp-content\\\/uploads\\\/2025\\\/02\\\/60435.jpg\",\"contentUrl\":\"https:\\\/\\\/www.metrica.it\\\/wp-content\\\/uploads\\\/2025\\\/02\\\/60435.jpg\",\"width\":1200,\"height\":1200},{\"@type\":\"BreadcrumbList\",\"@id\":\"https:\\\/\\\/www.metrica.it\\\/fr\\\/produit\\\/cameras-thermiques-serie-pro\\\/#breadcrumb\",\"itemListElement\":[{\"@type\":\"ListItem\",\"position\":1,\"name\":\"Home\",\"item\":\"https:\\\/\\\/www.metrica.it\\\/fr\\\/\"},{\"@type\":\"ListItem\",\"position\":2,\"name\":\"Catalogue\",\"item\":\"https:\\\/\\\/www.metrica.it\\\/fr\\\/catalogue\\\/\"},{\"@type\":\"ListItem\",\"position\":3,\"name\":\"CAM\u00c9RAS THERMIQUES S\u00c9RIE PRO\"}]},{\"@type\":\"WebSite\",\"@id\":\"https:\\\/\\\/www.metrica.it\\\/fr\\\/#website\",\"url\":\"https:\\\/\\\/www.metrica.it\\\/fr\\\/\",\"name\":\"Metrica\",\"description\":\"Made to measure\",\"potentialAction\":[{\"@type\":\"SearchAction\",\"target\":{\"@type\":\"EntryPoint\",\"urlTemplate\":\"https:\\\/\\\/www.metrica.it\\\/fr\\\/?s={search_term_string}\"},\"query-input\":{\"@type\":\"PropertyValueSpecification\",\"valueRequired\":true,\"valueName\":\"search_term_string\"}}],\"inLanguage\":\"fr-FR\"}]}<\/script>","yoast_head_json":{"title":"CAM\u00c9RAS THERMIQUES S\u00c9RIE PRO - Metrica","robots":{"index":"index","follow":"follow","max-snippet":"max-snippet:-1","max-image-preview":"max-image-preview:large","max-video-preview":"max-video-preview:-1"},"canonical":"https:\/\/www.metrica.it\/fr\/produit\/cameras-thermiques-serie-pro\/","og_locale":"fr_FR","og_type":"article","og_title":"CAM\u00c9RAS THERMIQUES S\u00c9RIE PRO - Metrica","og_description":"Mod\u00e8les PRO R\u00e9solution cam\u00e9ra num\u00e9rique 5 MP R\u00e9solution d'affichage 640 x 480 \u00c9cran 3,5 pouces Conception moderne & intuitive de l'\u00e9cran tactile Lampe de poche LED int\u00e9gr\u00e9e Possibilit\u00e9 d'ajouter des notes d\u00e9taill\u00e9s aux photos Nouvelle fonction 1-Touch Level\/Span : il suffit de toucher l\u2019\u00e9cran pour choisir une zone de mise au point sur une image thermique et la cam\u00e9ra ajuste automatiquement le niveau et la plage, en fonction du contraste thermique L\u00e9g\u00e8res et tr\u00e8s robustes (anti-chute 2 m) Incrustation d'image PiP Ref. | \u00b0C | Resolution IR | Sensibilit\u00e8 Termique 60435 E5 XT | -20 a 400 C\u00b0 | 19.200 pixel (160 x 120) | < 100 mk (< 0,10 \u00b0C) 60365 E5 PRO | -20 a 400 C\u00b0 | 19.200 pixel (160 x 120) | < 60 mk (","og_url":"https:\/\/www.metrica.it\/fr\/produit\/cameras-thermiques-serie-pro\/","og_site_name":"Metrica","article_modified_time":"2025-02-23T11:09:58+00:00","og_image":[{"width":1200,"height":1200,"url":"https:\/\/www.metrica.it\/wp-content\/uploads\/2025\/02\/60435.jpg","type":"image\/jpeg"}],"twitter_card":"summary_large_image","twitter_misc":{"Dur\u00e9e de lecture estim\u00e9e":"1 minute"},"schema":{"@context":"https:\/\/schema.org","@graph":[{"@type":"WebPage","@id":"https:\/\/www.metrica.it\/fr\/produit\/cameras-thermiques-serie-pro\/","url":"https:\/\/www.metrica.it\/fr\/produit\/cameras-thermiques-serie-pro\/","name":"CAM\u00c9RAS THERMIQUES S\u00c9RIE PRO - Metrica","isPartOf":{"@id":"https:\/\/www.metrica.it\/fr\/#website"},"primaryImageOfPage":{"@id":"https:\/\/www.metrica.it\/fr\/produit\/cameras-thermiques-serie-pro\/#primaryimage"},"image":{"@id":"https:\/\/www.metrica.it\/fr\/produit\/cameras-thermiques-serie-pro\/#primaryimage"},"thumbnailUrl":"https:\/\/www.metrica.it\/wp-content\/uploads\/2025\/02\/60435.jpg","datePublished":"2025-02-23T11:09:39+00:00","dateModified":"2025-02-23T11:09:58+00:00","breadcrumb":{"@id":"https:\/\/www.metrica.it\/fr\/produit\/cameras-thermiques-serie-pro\/#breadcrumb"},"inLanguage":"fr-FR","potentialAction":[{"@type":"ReadAction","target":["https:\/\/www.metrica.it\/fr\/produit\/cameras-thermiques-serie-pro\/"]}]},{"@type":"ImageObject","inLanguage":"fr-FR","@id":"https:\/\/www.metrica.it\/fr\/produit\/cameras-thermiques-serie-pro\/#primaryimage","url":"https:\/\/www.metrica.it\/wp-content\/uploads\/2025\/02\/60435.jpg","contentUrl":"https:\/\/www.metrica.it\/wp-content\/uploads\/2025\/02\/60435.jpg","width":1200,"height":1200},{"@type":"BreadcrumbList","@id":"https:\/\/www.metrica.it\/fr\/produit\/cameras-thermiques-serie-pro\/#breadcrumb","itemListElement":[{"@type":"ListItem","position":1,"name":"Home","item":"https:\/\/www.metrica.it\/fr\/"},{"@type":"ListItem","position":2,"name":"Catalogue","item":"https:\/\/www.metrica.it\/fr\/catalogue\/"},{"@type":"ListItem","position":3,"name":"CAM\u00c9RAS THERMIQUES S\u00c9RIE PRO"}]},{"@type":"WebSite","@id":"https:\/\/www.metrica.it\/fr\/#website","url":"https:\/\/www.metrica.it\/fr\/","name":"Metrica","description":"Made to measure","potentialAction":[{"@type":"SearchAction","target":{"@type":"EntryPoint","urlTemplate":"https:\/\/www.metrica.it\/fr\/?s={search_term_string}"},"query-input":{"@type":"PropertyValueSpecification","valueRequired":true,"valueName":"search_term_string"}}],"inLanguage":"fr-FR"}]}},"meta_box":{"awr_documentation":[],"awr_manuale":[],"awr_scheda_tecnica":"","awr_youtube_video":"https:\/\/www.youtube.com\/embed\/3GSLP0n-nko","awr_classe_prodotto":"","awr_customize_product":"0","awr_custom_image":false,"awr_related_products":[{"awr_product_references":"ref:60435|ean:8001066604357|pack:1"},{"awr_product_references":"ref:60365|ean:8001066603657|pack:1"},{"awr_product_references":"ref:60366|ean:8001066603664|pack:1"},{"awr_product_references":"ref:60368|ean:8001066603688|pack:1"}],"awr_consumabili":"","awr_alternativi":"","awr_aliases":"60435,60365,60366,60368","awr_skuid":"60435-it"},"_links":{"self":[{"href":"https:\/\/www.metrica.it\/fr\/wp-json\/wp\/v2\/product\/157375","targetHints":{"allow":["GET"]}}],"collection":[{"href":"https:\/\/www.metrica.it\/fr\/wp-json\/wp\/v2\/product"}],"about":[{"href":"https:\/\/www.metrica.it\/fr\/wp-json\/wp\/v2\/types\/product"}],"wp:featuredmedia":[{"embeddable":true,"href":"https:\/\/www.metrica.it\/fr\/wp-json\/wp\/v2\/media\/157369"}],"wp:attachment":[{"href":"https:\/\/www.metrica.it\/fr\/wp-json\/wp\/v2\/media?parent=157375"}],"wp:term":[{"taxonomy":"product_cat","embeddable":true,"href":"https:\/\/www.metrica.it\/fr\/wp-json\/wp\/v2\/product_cat?post=157375"},{"taxonomy":"product_tag","embeddable":true,"href":"https:\/\/www.metrica.it\/fr\/wp-json\/wp\/v2\/product_tag?post=157375"}],"curies":[{"name":"wp","href":"https:\/\/api.w.org\/{rel}","templated":true}]}}