{"id":157390,"date":"2025-02-23T12:10:34","date_gmt":"2025-02-23T11:10:34","guid":{"rendered":"https:\/\/www.metrica.it\/prodotto\/multimetre-flir-dm286\/"},"modified":"2025-02-23T12:10:49","modified_gmt":"2025-02-23T11:10:49","slug":"multimetre-flir-dm286","status":"publish","type":"product","link":"https:\/\/www.metrica.it\/fr\/produit\/multimetre-flir-dm286\/","title":{"rendered":"MULTIM\u00c8TRE FLIR DM286"},"content":{"rendered":"<ul>\n<li>Imagerie thermique avec IGM \u00e0 19 200 pixels<\/li>\n<li>Avec IGM\u2122 (mesure guid\u00e9e par infrarouge) et MSX\u00ae (imagerie dynamique multispectrale) pour l&rsquo;am\u00e9lioration de l&rsquo;image<\/li>\n<li>Valeurs TRMS<\/li>\n<li>Tensions sans contact<\/li>\n<li>Temp\u00e9rature (type K) -40 \u00e0 +400 \u00b0C et IR -5 \u00e0 300 \u00b0C<\/li>\n<li>CAT III 1000 V, CAT IV 600 V Display 6000 points<\/li>\n<li>Pointeur laser<\/li>\n<li>Entr\u00e9e thermocouple<\/li>\n<li>Eclairage LED int\u00e9gr\u00e9<\/li>\n<li>M\u00e9moire : 30 000 images<\/li>\n<li>Streaming de donn\u00e9es en temps r\u00e9el<\/li>\n<li>Protection contre les chutes : 2 m<\/li>\n<\/ul>\n","protected":false},"excerpt":{"rendered":"<p>Imagerie thermique avec IGM \u00e0 19 200 pixels <br \/>Avec IGM\u2122 (mesure guid\u00e9e par infrarouge) et MSX\u00ae (imagerie dynamique multispectrale) pour l&rsquo;am\u00e9lioration de l&rsquo;image <br \/>Valeurs TRMS <br \/>Tensions sans contact <br \/>Temp\u00e9rature (type K) -40 \u00e0 +400 \u00b0C et IR -5 \u00e0 300 \u00b0C <br \/>CAT III 1000 V, CAT IV 600 V Display 6000 points <br \/>Pointeur laser <br \/>Entr\u00e9e thermocouple <br \/>Eclairage LED int\u00e9gr\u00e9 <br \/>M\u00e9moire : 30 000 images <br \/>Streaming de donn\u00e9es en temps r\u00e9el <br \/>Protection contre les chutes : 2 m <\/p>\n","protected":false},"featured_media":157384,"template":"","meta":[],"product_cat":[542,515],"product_tag":[],"class_list":{"0":"post-157390","1":"product","2":"type-product","3":"status-publish","4":"has-post-thumbnail","6":"product_cat-cameras-thermiques","7":"product_cat-laser-et-cameras-thermiques","9":"first","10":"instock","11":"sold-individually","12":"product-type-simple"},"yoast_head":"<title>MULTIM\u00c8TRE FLIR DM286 - Metrica<\/title>\n<meta name=\"robots\" content=\"index, follow, max-snippet:-1, max-image-preview:large, max-video-preview:-1\" \/>\n<link rel=\"canonical\" href=\"https:\/\/www.metrica.it\/fr\/produit\/multimetre-flir-dm286\/\" \/>\n<meta property=\"og:locale\" content=\"fr_FR\" \/>\n<meta property=\"og:type\" content=\"article\" \/>\n<meta property=\"og:title\" content=\"MULTIM\u00c8TRE FLIR DM286 - Metrica\" \/>\n<meta property=\"og:description\" content=\"Imagerie thermique avec IGM \u00e0 19 200 pixels Avec IGM\u2122 (mesure guid\u00e9e par infrarouge) et MSX\u00ae (imagerie dynamique multispectrale) pour l&#039;am\u00e9lioration de l&#039;image Valeurs TRMS Tensions sans contact Temp\u00e9rature (type K) -40 \u00e0 +400 \u00b0C et IR -5 \u00e0 300 \u00b0C CAT III 1000 V, CAT IV 600 V Display 6000 points Pointeur laser Entr\u00e9e thermocouple Eclairage LED int\u00e9gr\u00e9 M\u00e9moire : 30 000 images Streaming de donn\u00e9es en temps r\u00e9el Protection contre les chutes : 2 m\" \/>\n<meta property=\"og:url\" content=\"https:\/\/www.metrica.it\/fr\/produit\/multimetre-flir-dm286\/\" \/>\n<meta property=\"og:site_name\" content=\"Metrica\" \/>\n<meta property=\"article:modified_time\" content=\"2025-02-23T11:10:49+00:00\" \/>\n<meta property=\"og:image\" content=\"https:\/\/www.metrica.it\/wp-content\/uploads\/2025\/02\/70807.jpg\" \/>\n\t<meta property=\"og:image:width\" content=\"1200\" \/>\n\t<meta property=\"og:image:height\" content=\"1200\" \/>\n\t<meta property=\"og:image:type\" content=\"image\/jpeg\" \/>\n<meta name=\"twitter:card\" content=\"summary_large_image\" \/>\n<script type=\"application\/ld+json\" class=\"yoast-schema-graph\">{\"@context\":\"https:\\\/\\\/schema.org\",\"@graph\":[{\"@type\":\"WebPage\",\"@id\":\"https:\\\/\\\/www.metrica.it\\\/fr\\\/produit\\\/multimetre-flir-dm286\\\/\",\"url\":\"https:\\\/\\\/www.metrica.it\\\/fr\\\/produit\\\/multimetre-flir-dm286\\\/\",\"name\":\"MULTIM\u00c8TRE FLIR DM286 - Metrica\",\"isPartOf\":{\"@id\":\"https:\\\/\\\/www.metrica.it\\\/fr\\\/#website\"},\"primaryImageOfPage\":{\"@id\":\"https:\\\/\\\/www.metrica.it\\\/fr\\\/produit\\\/multimetre-flir-dm286\\\/#primaryimage\"},\"image\":{\"@id\":\"https:\\\/\\\/www.metrica.it\\\/fr\\\/produit\\\/multimetre-flir-dm286\\\/#primaryimage\"},\"thumbnailUrl\":\"https:\\\/\\\/www.metrica.it\\\/wp-content\\\/uploads\\\/2025\\\/02\\\/70807.jpg\",\"datePublished\":\"2025-02-23T11:10:34+00:00\",\"dateModified\":\"2025-02-23T11:10:49+00:00\",\"breadcrumb\":{\"@id\":\"https:\\\/\\\/www.metrica.it\\\/fr\\\/produit\\\/multimetre-flir-dm286\\\/#breadcrumb\"},\"inLanguage\":\"fr-FR\",\"potentialAction\":[{\"@type\":\"ReadAction\",\"target\":[\"https:\\\/\\\/www.metrica.it\\\/fr\\\/produit\\\/multimetre-flir-dm286\\\/\"]}]},{\"@type\":\"ImageObject\",\"inLanguage\":\"fr-FR\",\"@id\":\"https:\\\/\\\/www.metrica.it\\\/fr\\\/produit\\\/multimetre-flir-dm286\\\/#primaryimage\",\"url\":\"https:\\\/\\\/www.metrica.it\\\/wp-content\\\/uploads\\\/2025\\\/02\\\/70807.jpg\",\"contentUrl\":\"https:\\\/\\\/www.metrica.it\\\/wp-content\\\/uploads\\\/2025\\\/02\\\/70807.jpg\",\"width\":1200,\"height\":1200},{\"@type\":\"BreadcrumbList\",\"@id\":\"https:\\\/\\\/www.metrica.it\\\/fr\\\/produit\\\/multimetre-flir-dm286\\\/#breadcrumb\",\"itemListElement\":[{\"@type\":\"ListItem\",\"position\":1,\"name\":\"Home\",\"item\":\"https:\\\/\\\/www.metrica.it\\\/fr\\\/\"},{\"@type\":\"ListItem\",\"position\":2,\"name\":\"Catalogue\",\"item\":\"https:\\\/\\\/www.metrica.it\\\/fr\\\/catalogue\\\/\"},{\"@type\":\"ListItem\",\"position\":3,\"name\":\"MULTIM\u00c8TRE FLIR DM286\"}]},{\"@type\":\"WebSite\",\"@id\":\"https:\\\/\\\/www.metrica.it\\\/fr\\\/#website\",\"url\":\"https:\\\/\\\/www.metrica.it\\\/fr\\\/\",\"name\":\"Metrica\",\"description\":\"Made to measure\",\"potentialAction\":[{\"@type\":\"SearchAction\",\"target\":{\"@type\":\"EntryPoint\",\"urlTemplate\":\"https:\\\/\\\/www.metrica.it\\\/fr\\\/?s={search_term_string}\"},\"query-input\":{\"@type\":\"PropertyValueSpecification\",\"valueRequired\":true,\"valueName\":\"search_term_string\"}}],\"inLanguage\":\"fr-FR\"}]}<\/script>","yoast_head_json":{"title":"MULTIM\u00c8TRE FLIR DM286 - Metrica","robots":{"index":"index","follow":"follow","max-snippet":"max-snippet:-1","max-image-preview":"max-image-preview:large","max-video-preview":"max-video-preview:-1"},"canonical":"https:\/\/www.metrica.it\/fr\/produit\/multimetre-flir-dm286\/","og_locale":"fr_FR","og_type":"article","og_title":"MULTIM\u00c8TRE FLIR DM286 - Metrica","og_description":"Imagerie thermique avec IGM \u00e0 19 200 pixels Avec IGM\u2122 (mesure guid\u00e9e par infrarouge) et MSX\u00ae (imagerie dynamique multispectrale) pour l'am\u00e9lioration de l'image Valeurs TRMS Tensions sans contact Temp\u00e9rature (type K) -40 \u00e0 +400 \u00b0C et IR -5 \u00e0 300 \u00b0C CAT III 1000 V, CAT IV 600 V Display 6000 points Pointeur laser Entr\u00e9e thermocouple Eclairage LED int\u00e9gr\u00e9 M\u00e9moire : 30 000 images Streaming de donn\u00e9es en temps r\u00e9el Protection contre les chutes : 2 m","og_url":"https:\/\/www.metrica.it\/fr\/produit\/multimetre-flir-dm286\/","og_site_name":"Metrica","article_modified_time":"2025-02-23T11:10:49+00:00","og_image":[{"width":1200,"height":1200,"url":"https:\/\/www.metrica.it\/wp-content\/uploads\/2025\/02\/70807.jpg","type":"image\/jpeg"}],"twitter_card":"summary_large_image","schema":{"@context":"https:\/\/schema.org","@graph":[{"@type":"WebPage","@id":"https:\/\/www.metrica.it\/fr\/produit\/multimetre-flir-dm286\/","url":"https:\/\/www.metrica.it\/fr\/produit\/multimetre-flir-dm286\/","name":"MULTIM\u00c8TRE FLIR DM286 - Metrica","isPartOf":{"@id":"https:\/\/www.metrica.it\/fr\/#website"},"primaryImageOfPage":{"@id":"https:\/\/www.metrica.it\/fr\/produit\/multimetre-flir-dm286\/#primaryimage"},"image":{"@id":"https:\/\/www.metrica.it\/fr\/produit\/multimetre-flir-dm286\/#primaryimage"},"thumbnailUrl":"https:\/\/www.metrica.it\/wp-content\/uploads\/2025\/02\/70807.jpg","datePublished":"2025-02-23T11:10:34+00:00","dateModified":"2025-02-23T11:10:49+00:00","breadcrumb":{"@id":"https:\/\/www.metrica.it\/fr\/produit\/multimetre-flir-dm286\/#breadcrumb"},"inLanguage":"fr-FR","potentialAction":[{"@type":"ReadAction","target":["https:\/\/www.metrica.it\/fr\/produit\/multimetre-flir-dm286\/"]}]},{"@type":"ImageObject","inLanguage":"fr-FR","@id":"https:\/\/www.metrica.it\/fr\/produit\/multimetre-flir-dm286\/#primaryimage","url":"https:\/\/www.metrica.it\/wp-content\/uploads\/2025\/02\/70807.jpg","contentUrl":"https:\/\/www.metrica.it\/wp-content\/uploads\/2025\/02\/70807.jpg","width":1200,"height":1200},{"@type":"BreadcrumbList","@id":"https:\/\/www.metrica.it\/fr\/produit\/multimetre-flir-dm286\/#breadcrumb","itemListElement":[{"@type":"ListItem","position":1,"name":"Home","item":"https:\/\/www.metrica.it\/fr\/"},{"@type":"ListItem","position":2,"name":"Catalogue","item":"https:\/\/www.metrica.it\/fr\/catalogue\/"},{"@type":"ListItem","position":3,"name":"MULTIM\u00c8TRE FLIR DM286"}]},{"@type":"WebSite","@id":"https:\/\/www.metrica.it\/fr\/#website","url":"https:\/\/www.metrica.it\/fr\/","name":"Metrica","description":"Made to measure","potentialAction":[{"@type":"SearchAction","target":{"@type":"EntryPoint","urlTemplate":"https:\/\/www.metrica.it\/fr\/?s={search_term_string}"},"query-input":{"@type":"PropertyValueSpecification","valueRequired":true,"valueName":"search_term_string"}}],"inLanguage":"fr-FR"}]}},"meta_box":{"awr_documentation":[],"awr_manuale":[],"awr_scheda_tecnica":"","awr_youtube_video":"","awr_classe_prodotto":"","awr_customize_product":"0","awr_custom_image":false,"awr_related_products":[{"awr_product_references":"ref:70807|ean:8001066708079|pack:1"}],"awr_consumabili":"","awr_alternativi":"","awr_aliases":"70807","awr_skuid":"70807-it"},"_links":{"self":[{"href":"https:\/\/www.metrica.it\/fr\/wp-json\/wp\/v2\/product\/157390","targetHints":{"allow":["GET"]}}],"collection":[{"href":"https:\/\/www.metrica.it\/fr\/wp-json\/wp\/v2\/product"}],"about":[{"href":"https:\/\/www.metrica.it\/fr\/wp-json\/wp\/v2\/types\/product"}],"wp:featuredmedia":[{"embeddable":true,"href":"https:\/\/www.metrica.it\/fr\/wp-json\/wp\/v2\/media\/157384"}],"wp:attachment":[{"href":"https:\/\/www.metrica.it\/fr\/wp-json\/wp\/v2\/media?parent=157390"}],"wp:term":[{"taxonomy":"product_cat","embeddable":true,"href":"https:\/\/www.metrica.it\/fr\/wp-json\/wp\/v2\/product_cat?post=157390"},{"taxonomy":"product_tag","embeddable":true,"href":"https:\/\/www.metrica.it\/fr\/wp-json\/wp\/v2\/product_tag?post=157390"}],"curies":[{"name":"wp","href":"https:\/\/api.w.org\/{rel}","templated":true}]}}