{"id":157602,"date":"2025-03-03T11:39:44","date_gmt":"2025-03-03T10:39:44","guid":{"rendered":"https:\/\/www.metrica.it\/prodotto\/couteau-metrica-utility\/"},"modified":"2025-03-03T11:40:07","modified_gmt":"2025-03-03T10:40:07","slug":"couteau-metrica-utility","status":"publish","type":"product","link":"https:\/\/www.metrica.it\/fr\/produit\/couteau-metrica-utility\/","title":{"rendered":"COUTEAU METRICA UTILITY"},"content":{"rendered":"<ul>\n<li>Lame \u00ab\u00a0ALL BLACK\u00a0\u00bb 0,6 mm en SK2<\/li>\n<li>R\u00e9glable en 3 positons et repliable (seulement 11 cm en position repli\u00e9e)<\/li>\n<li>Avec clip ceinture<\/li>\n<li>Corps en m\u00e9tal en couleur Flash facilement visible sur chantiers<\/li>\n<li>D\u00e9nudeur de fil<\/li>\n<li>Changement de lame facilit\u00e9<\/li>\n<li>ITEM 49043 &#8211; Lames de remplacement &#8211; 19x59x0,6 mm<\/li>\n<\/ul>\n","protected":false},"excerpt":{"rendered":"<p>Lame \u00ab\u00a0ALL BLACK\u00a0\u00bb 0,6 mm en SK2 <br \/>R\u00e9glable en 3 positons et repliable (seulement 11 cm en position repli\u00e9e) <br \/>Avec clip ceinture <br \/>Corps en m\u00e9tal en couleur Flash facilement visible sur chantiers <br \/>D\u00e9nudeur de fil <br \/>Changement de lame facilit\u00e9 <br \/>ITEM 49043 &#8211; Lames de remplacement &#8211; 19x59x0,6 mm <\/p>\n","protected":false},"featured_media":157593,"template":"","meta":[],"product_cat":[681,673],"product_tag":[],"class_list":{"0":"post-157602","1":"product","2":"type-product","3":"status-publish","4":"has-post-thumbnail","6":"product_cat-couteaux","7":"product_cat-decoupe","9":"first","10":"instock","11":"sold-individually","12":"product-type-simple"},"yoast_head":"<title>COUTEAU METRICA UTILITY - Metrica<\/title>\n<meta name=\"robots\" content=\"index, follow, max-snippet:-1, max-image-preview:large, max-video-preview:-1\" \/>\n<link rel=\"canonical\" href=\"https:\/\/www.metrica.it\/fr\/produit\/couteau-metrica-utility\/\" \/>\n<meta property=\"og:locale\" content=\"fr_FR\" \/>\n<meta property=\"og:type\" content=\"article\" \/>\n<meta property=\"og:title\" content=\"COUTEAU METRICA UTILITY - Metrica\" \/>\n<meta property=\"og:description\" content=\"Lame &quot;ALL BLACK&quot; 0,6 mm en SK2 R\u00e9glable en 3 positons et repliable (seulement 11 cm en position repli\u00e9e) Avec clip ceinture Corps en m\u00e9tal en couleur Flash facilement visible sur chantiers D\u00e9nudeur de fil Changement de lame facilit\u00e9 ITEM 49043 - Lames de remplacement - 19x59x0,6 mm\" \/>\n<meta property=\"og:url\" content=\"https:\/\/www.metrica.it\/fr\/produit\/couteau-metrica-utility\/\" \/>\n<meta property=\"og:site_name\" content=\"Metrica\" \/>\n<meta property=\"article:modified_time\" content=\"2025-03-03T10:40:07+00:00\" \/>\n<meta property=\"og:image\" content=\"https:\/\/www.metrica.it\/wp-content\/uploads\/2025\/03\/09080.jpg\" \/>\n\t<meta property=\"og:image:width\" content=\"1200\" \/>\n\t<meta property=\"og:image:height\" content=\"1200\" \/>\n\t<meta property=\"og:image:type\" content=\"image\/jpeg\" \/>\n<meta name=\"twitter:card\" content=\"summary_large_image\" \/>\n<script type=\"application\/ld+json\" class=\"yoast-schema-graph\">{\"@context\":\"https:\\\/\\\/schema.org\",\"@graph\":[{\"@type\":\"WebPage\",\"@id\":\"https:\\\/\\\/www.metrica.it\\\/fr\\\/produit\\\/couteau-metrica-utility\\\/\",\"url\":\"https:\\\/\\\/www.metrica.it\\\/fr\\\/produit\\\/couteau-metrica-utility\\\/\",\"name\":\"COUTEAU METRICA UTILITY - Metrica\",\"isPartOf\":{\"@id\":\"https:\\\/\\\/www.metrica.it\\\/fr\\\/#website\"},\"primaryImageOfPage\":{\"@id\":\"https:\\\/\\\/www.metrica.it\\\/fr\\\/produit\\\/couteau-metrica-utility\\\/#primaryimage\"},\"image\":{\"@id\":\"https:\\\/\\\/www.metrica.it\\\/fr\\\/produit\\\/couteau-metrica-utility\\\/#primaryimage\"},\"thumbnailUrl\":\"https:\\\/\\\/www.metrica.it\\\/wp-content\\\/uploads\\\/2025\\\/03\\\/09080.jpg\",\"datePublished\":\"2025-03-03T10:39:44+00:00\",\"dateModified\":\"2025-03-03T10:40:07+00:00\",\"breadcrumb\":{\"@id\":\"https:\\\/\\\/www.metrica.it\\\/fr\\\/produit\\\/couteau-metrica-utility\\\/#breadcrumb\"},\"inLanguage\":\"fr-FR\",\"potentialAction\":[{\"@type\":\"ReadAction\",\"target\":[\"https:\\\/\\\/www.metrica.it\\\/fr\\\/produit\\\/couteau-metrica-utility\\\/\"]}]},{\"@type\":\"ImageObject\",\"inLanguage\":\"fr-FR\",\"@id\":\"https:\\\/\\\/www.metrica.it\\\/fr\\\/produit\\\/couteau-metrica-utility\\\/#primaryimage\",\"url\":\"https:\\\/\\\/www.metrica.it\\\/wp-content\\\/uploads\\\/2025\\\/03\\\/09080.jpg\",\"contentUrl\":\"https:\\\/\\\/www.metrica.it\\\/wp-content\\\/uploads\\\/2025\\\/03\\\/09080.jpg\",\"width\":1200,\"height\":1200},{\"@type\":\"BreadcrumbList\",\"@id\":\"https:\\\/\\\/www.metrica.it\\\/fr\\\/produit\\\/couteau-metrica-utility\\\/#breadcrumb\",\"itemListElement\":[{\"@type\":\"ListItem\",\"position\":1,\"name\":\"Home\",\"item\":\"https:\\\/\\\/www.metrica.it\\\/fr\\\/\"},{\"@type\":\"ListItem\",\"position\":2,\"name\":\"Catalogue\",\"item\":\"https:\\\/\\\/www.metrica.it\\\/fr\\\/catalogue\\\/\"},{\"@type\":\"ListItem\",\"position\":3,\"name\":\"COUTEAU METRICA UTILITY\"}]},{\"@type\":\"WebSite\",\"@id\":\"https:\\\/\\\/www.metrica.it\\\/fr\\\/#website\",\"url\":\"https:\\\/\\\/www.metrica.it\\\/fr\\\/\",\"name\":\"Metrica\",\"description\":\"Made to measure\",\"potentialAction\":[{\"@type\":\"SearchAction\",\"target\":{\"@type\":\"EntryPoint\",\"urlTemplate\":\"https:\\\/\\\/www.metrica.it\\\/fr\\\/?s={search_term_string}\"},\"query-input\":{\"@type\":\"PropertyValueSpecification\",\"valueRequired\":true,\"valueName\":\"search_term_string\"}}],\"inLanguage\":\"fr-FR\"}]}<\/script>","yoast_head_json":{"title":"COUTEAU METRICA UTILITY - Metrica","robots":{"index":"index","follow":"follow","max-snippet":"max-snippet:-1","max-image-preview":"max-image-preview:large","max-video-preview":"max-video-preview:-1"},"canonical":"https:\/\/www.metrica.it\/fr\/produit\/couteau-metrica-utility\/","og_locale":"fr_FR","og_type":"article","og_title":"COUTEAU METRICA UTILITY - Metrica","og_description":"Lame \"ALL BLACK\" 0,6 mm en SK2 R\u00e9glable en 3 positons et repliable (seulement 11 cm en position repli\u00e9e) Avec clip ceinture Corps en m\u00e9tal en couleur Flash facilement visible sur chantiers D\u00e9nudeur de fil Changement de lame facilit\u00e9 ITEM 49043 - Lames de remplacement - 19x59x0,6 mm","og_url":"https:\/\/www.metrica.it\/fr\/produit\/couteau-metrica-utility\/","og_site_name":"Metrica","article_modified_time":"2025-03-03T10:40:07+00:00","og_image":[{"width":1200,"height":1200,"url":"https:\/\/www.metrica.it\/wp-content\/uploads\/2025\/03\/09080.jpg","type":"image\/jpeg"}],"twitter_card":"summary_large_image","schema":{"@context":"https:\/\/schema.org","@graph":[{"@type":"WebPage","@id":"https:\/\/www.metrica.it\/fr\/produit\/couteau-metrica-utility\/","url":"https:\/\/www.metrica.it\/fr\/produit\/couteau-metrica-utility\/","name":"COUTEAU METRICA UTILITY - Metrica","isPartOf":{"@id":"https:\/\/www.metrica.it\/fr\/#website"},"primaryImageOfPage":{"@id":"https:\/\/www.metrica.it\/fr\/produit\/couteau-metrica-utility\/#primaryimage"},"image":{"@id":"https:\/\/www.metrica.it\/fr\/produit\/couteau-metrica-utility\/#primaryimage"},"thumbnailUrl":"https:\/\/www.metrica.it\/wp-content\/uploads\/2025\/03\/09080.jpg","datePublished":"2025-03-03T10:39:44+00:00","dateModified":"2025-03-03T10:40:07+00:00","breadcrumb":{"@id":"https:\/\/www.metrica.it\/fr\/produit\/couteau-metrica-utility\/#breadcrumb"},"inLanguage":"fr-FR","potentialAction":[{"@type":"ReadAction","target":["https:\/\/www.metrica.it\/fr\/produit\/couteau-metrica-utility\/"]}]},{"@type":"ImageObject","inLanguage":"fr-FR","@id":"https:\/\/www.metrica.it\/fr\/produit\/couteau-metrica-utility\/#primaryimage","url":"https:\/\/www.metrica.it\/wp-content\/uploads\/2025\/03\/09080.jpg","contentUrl":"https:\/\/www.metrica.it\/wp-content\/uploads\/2025\/03\/09080.jpg","width":1200,"height":1200},{"@type":"BreadcrumbList","@id":"https:\/\/www.metrica.it\/fr\/produit\/couteau-metrica-utility\/#breadcrumb","itemListElement":[{"@type":"ListItem","position":1,"name":"Home","item":"https:\/\/www.metrica.it\/fr\/"},{"@type":"ListItem","position":2,"name":"Catalogue","item":"https:\/\/www.metrica.it\/fr\/catalogue\/"},{"@type":"ListItem","position":3,"name":"COUTEAU METRICA UTILITY"}]},{"@type":"WebSite","@id":"https:\/\/www.metrica.it\/fr\/#website","url":"https:\/\/www.metrica.it\/fr\/","name":"Metrica","description":"Made to measure","potentialAction":[{"@type":"SearchAction","target":{"@type":"EntryPoint","urlTemplate":"https:\/\/www.metrica.it\/fr\/?s={search_term_string}"},"query-input":{"@type":"PropertyValueSpecification","valueRequired":true,"valueName":"search_term_string"}}],"inLanguage":"fr-FR"}]}},"meta_box":{"awr_documentation":[],"awr_manuale":[],"awr_scheda_tecnica":"","awr_youtube_video":"","awr_classe_prodotto":"","awr_customize_product":"0","awr_custom_image":false,"awr_related_products":[{"awr_product_references":"ref:09080|ean:8001066090808|l_mm:180|num_pz_gdo:12"}],"awr_consumabili":"49043","awr_alternativi":"","awr_aliases":"09080","awr_skuid":"09080-it"},"_links":{"self":[{"href":"https:\/\/www.metrica.it\/fr\/wp-json\/wp\/v2\/product\/157602","targetHints":{"allow":["GET"]}}],"collection":[{"href":"https:\/\/www.metrica.it\/fr\/wp-json\/wp\/v2\/product"}],"about":[{"href":"https:\/\/www.metrica.it\/fr\/wp-json\/wp\/v2\/types\/product"}],"wp:featuredmedia":[{"embeddable":true,"href":"https:\/\/www.metrica.it\/fr\/wp-json\/wp\/v2\/media\/157593"}],"wp:attachment":[{"href":"https:\/\/www.metrica.it\/fr\/wp-json\/wp\/v2\/media?parent=157602"}],"wp:term":[{"taxonomy":"product_cat","embeddable":true,"href":"https:\/\/www.metrica.it\/fr\/wp-json\/wp\/v2\/product_cat?post=157602"},{"taxonomy":"product_tag","embeddable":true,"href":"https:\/\/www.metrica.it\/fr\/wp-json\/wp\/v2\/product_tag?post=157602"}],"curies":[{"name":"wp","href":"https:\/\/api.w.org\/{rel}","templated":true}]}}