{"id":157682,"date":"2025-03-03T11:42:22","date_gmt":"2025-03-03T10:42:22","guid":{"rendered":"https:\/\/www.metrica.it\/prodotto\/trepied-equipe-dun-support\/"},"modified":"2025-03-03T11:42:37","modified_gmt":"2025-03-03T10:42:37","slug":"trepied-equipe-dun-support","status":"publish","type":"product","link":"https:\/\/www.metrica.it\/fr\/produit\/trepied-equipe-dun-support\/","title":{"rendered":"TR\u00c9PIED EQUIP\u00c9 D&rsquo;UN SUPPORT"},"content":{"rendered":"<ul>\n<li>\u00c9l\u00e9vation \u00e0 cr\u00e9maill\u00e8re de 25 cm de course<\/li>\n<li>Ouverture \u00e0 3 rayons de s\u00e9curit\u00e9<\/li>\n<li>2 Fioles de centrage<\/li>\n<li>Pieds en caoutchouc<\/li>\n<li>Fourni avec un support de poign\u00e9e amovible pour t\u00e9l\u00e9m\u00e8tres METRICA FLASH et METRICA Bravolaser<\/li>\n<li>R\u00e9glable et inclinable dans toutes les directions<\/li>\n<li>Filetage 1\/4&Prime;<\/li>\n<li>En pochette \u00e0 bandouli\u00e8re<\/li>\n<li>Poids: 0,9 Kg<\/li>\n<\/ul>\n","protected":false},"excerpt":{"rendered":"<p>\u00c9l\u00e9vation \u00e0 cr\u00e9maill\u00e8re de 25 cm de course <br \/>Ouverture \u00e0 3 rayons de s\u00e9curit\u00e9 <br \/>2 Fioles de centrage <br \/>Pieds en caoutchouc <br \/>Fourni avec un support de poign\u00e9e amovible pour t\u00e9l\u00e9m\u00e8tres METRICA FLASH et METRICA Bravolaser <br \/>R\u00e9glable et inclinable dans toutes les directions <br \/>Filetage 1\/4&Prime; <br \/>En pochette \u00e0 bandouli\u00e8re <br \/>Poids: 0,9 Kg <\/p>\n","protected":false},"featured_media":157675,"template":"","meta":[],"product_cat":[515,546],"product_tag":[],"class_list":{"0":"post-157682","1":"product","2":"type-product","3":"status-publish","4":"has-post-thumbnail","6":"product_cat-laser-et-cameras-thermiques","7":"product_cat-trepieds","9":"first","10":"instock","11":"sold-individually","12":"product-type-simple"},"yoast_head":"<title>TR\u00c9PIED EQUIP\u00c9 D&#039;UN SUPPORT - Metrica<\/title>\n<meta name=\"robots\" content=\"index, follow, max-snippet:-1, max-image-preview:large, max-video-preview:-1\" \/>\n<link rel=\"canonical\" href=\"https:\/\/www.metrica.it\/fr\/produit\/trepied-equipe-dun-support\/\" \/>\n<meta property=\"og:locale\" content=\"fr_FR\" \/>\n<meta property=\"og:type\" content=\"article\" \/>\n<meta property=\"og:title\" content=\"TR\u00c9PIED EQUIP\u00c9 D&#039;UN SUPPORT - Metrica\" \/>\n<meta property=\"og:description\" content=\"\u00c9l\u00e9vation \u00e0 cr\u00e9maill\u00e8re de 25 cm de course Ouverture \u00e0 3 rayons de s\u00e9curit\u00e9 2 Fioles de centrage Pieds en caoutchouc Fourni avec un support de poign\u00e9e amovible pour t\u00e9l\u00e9m\u00e8tres METRICA FLASH et METRICA Bravolaser R\u00e9glable et inclinable dans toutes les directions Filetage 1\/4&quot; En pochette \u00e0 bandouli\u00e8re Poids: 0,9 Kg\" \/>\n<meta property=\"og:url\" content=\"https:\/\/www.metrica.it\/fr\/produit\/trepied-equipe-dun-support\/\" \/>\n<meta property=\"og:site_name\" content=\"Metrica\" \/>\n<meta property=\"article:modified_time\" content=\"2025-03-03T10:42:37+00:00\" \/>\n<meta property=\"og:image\" content=\"https:\/\/www.metrica.it\/wp-content\/uploads\/2025\/03\/60599.jpg\" \/>\n\t<meta property=\"og:image:width\" content=\"1200\" \/>\n\t<meta property=\"og:image:height\" content=\"1200\" \/>\n\t<meta property=\"og:image:type\" content=\"image\/jpeg\" \/>\n<meta name=\"twitter:card\" content=\"summary_large_image\" \/>\n<script type=\"application\/ld+json\" class=\"yoast-schema-graph\">{\"@context\":\"https:\\\/\\\/schema.org\",\"@graph\":[{\"@type\":\"WebPage\",\"@id\":\"https:\\\/\\\/www.metrica.it\\\/fr\\\/produit\\\/trepied-equipe-dun-support\\\/\",\"url\":\"https:\\\/\\\/www.metrica.it\\\/fr\\\/produit\\\/trepied-equipe-dun-support\\\/\",\"name\":\"TR\u00c9PIED EQUIP\u00c9 D'UN SUPPORT - Metrica\",\"isPartOf\":{\"@id\":\"https:\\\/\\\/www.metrica.it\\\/fr\\\/#website\"},\"primaryImageOfPage\":{\"@id\":\"https:\\\/\\\/www.metrica.it\\\/fr\\\/produit\\\/trepied-equipe-dun-support\\\/#primaryimage\"},\"image\":{\"@id\":\"https:\\\/\\\/www.metrica.it\\\/fr\\\/produit\\\/trepied-equipe-dun-support\\\/#primaryimage\"},\"thumbnailUrl\":\"https:\\\/\\\/www.metrica.it\\\/wp-content\\\/uploads\\\/2025\\\/03\\\/60599.jpg\",\"datePublished\":\"2025-03-03T10:42:22+00:00\",\"dateModified\":\"2025-03-03T10:42:37+00:00\",\"breadcrumb\":{\"@id\":\"https:\\\/\\\/www.metrica.it\\\/fr\\\/produit\\\/trepied-equipe-dun-support\\\/#breadcrumb\"},\"inLanguage\":\"fr-FR\",\"potentialAction\":[{\"@type\":\"ReadAction\",\"target\":[\"https:\\\/\\\/www.metrica.it\\\/fr\\\/produit\\\/trepied-equipe-dun-support\\\/\"]}]},{\"@type\":\"ImageObject\",\"inLanguage\":\"fr-FR\",\"@id\":\"https:\\\/\\\/www.metrica.it\\\/fr\\\/produit\\\/trepied-equipe-dun-support\\\/#primaryimage\",\"url\":\"https:\\\/\\\/www.metrica.it\\\/wp-content\\\/uploads\\\/2025\\\/03\\\/60599.jpg\",\"contentUrl\":\"https:\\\/\\\/www.metrica.it\\\/wp-content\\\/uploads\\\/2025\\\/03\\\/60599.jpg\",\"width\":1200,\"height\":1200},{\"@type\":\"BreadcrumbList\",\"@id\":\"https:\\\/\\\/www.metrica.it\\\/fr\\\/produit\\\/trepied-equipe-dun-support\\\/#breadcrumb\",\"itemListElement\":[{\"@type\":\"ListItem\",\"position\":1,\"name\":\"Home\",\"item\":\"https:\\\/\\\/www.metrica.it\\\/fr\\\/\"},{\"@type\":\"ListItem\",\"position\":2,\"name\":\"Catalogue\",\"item\":\"https:\\\/\\\/www.metrica.it\\\/fr\\\/catalogue\\\/\"},{\"@type\":\"ListItem\",\"position\":3,\"name\":\"TR\u00c9PIED EQUIP\u00c9 D&#8217;UN SUPPORT\"}]},{\"@type\":\"WebSite\",\"@id\":\"https:\\\/\\\/www.metrica.it\\\/fr\\\/#website\",\"url\":\"https:\\\/\\\/www.metrica.it\\\/fr\\\/\",\"name\":\"Metrica\",\"description\":\"Made to measure\",\"potentialAction\":[{\"@type\":\"SearchAction\",\"target\":{\"@type\":\"EntryPoint\",\"urlTemplate\":\"https:\\\/\\\/www.metrica.it\\\/fr\\\/?s={search_term_string}\"},\"query-input\":{\"@type\":\"PropertyValueSpecification\",\"valueRequired\":true,\"valueName\":\"search_term_string\"}}],\"inLanguage\":\"fr-FR\"}]}<\/script>","yoast_head_json":{"title":"TR\u00c9PIED EQUIP\u00c9 D'UN SUPPORT - Metrica","robots":{"index":"index","follow":"follow","max-snippet":"max-snippet:-1","max-image-preview":"max-image-preview:large","max-video-preview":"max-video-preview:-1"},"canonical":"https:\/\/www.metrica.it\/fr\/produit\/trepied-equipe-dun-support\/","og_locale":"fr_FR","og_type":"article","og_title":"TR\u00c9PIED EQUIP\u00c9 D'UN SUPPORT - Metrica","og_description":"\u00c9l\u00e9vation \u00e0 cr\u00e9maill\u00e8re de 25 cm de course Ouverture \u00e0 3 rayons de s\u00e9curit\u00e9 2 Fioles de centrage Pieds en caoutchouc Fourni avec un support de poign\u00e9e amovible pour t\u00e9l\u00e9m\u00e8tres METRICA FLASH et METRICA Bravolaser R\u00e9glable et inclinable dans toutes les directions Filetage 1\/4\" En pochette \u00e0 bandouli\u00e8re Poids: 0,9 Kg","og_url":"https:\/\/www.metrica.it\/fr\/produit\/trepied-equipe-dun-support\/","og_site_name":"Metrica","article_modified_time":"2025-03-03T10:42:37+00:00","og_image":[{"width":1200,"height":1200,"url":"https:\/\/www.metrica.it\/wp-content\/uploads\/2025\/03\/60599.jpg","type":"image\/jpeg"}],"twitter_card":"summary_large_image","schema":{"@context":"https:\/\/schema.org","@graph":[{"@type":"WebPage","@id":"https:\/\/www.metrica.it\/fr\/produit\/trepied-equipe-dun-support\/","url":"https:\/\/www.metrica.it\/fr\/produit\/trepied-equipe-dun-support\/","name":"TR\u00c9PIED EQUIP\u00c9 D'UN SUPPORT - Metrica","isPartOf":{"@id":"https:\/\/www.metrica.it\/fr\/#website"},"primaryImageOfPage":{"@id":"https:\/\/www.metrica.it\/fr\/produit\/trepied-equipe-dun-support\/#primaryimage"},"image":{"@id":"https:\/\/www.metrica.it\/fr\/produit\/trepied-equipe-dun-support\/#primaryimage"},"thumbnailUrl":"https:\/\/www.metrica.it\/wp-content\/uploads\/2025\/03\/60599.jpg","datePublished":"2025-03-03T10:42:22+00:00","dateModified":"2025-03-03T10:42:37+00:00","breadcrumb":{"@id":"https:\/\/www.metrica.it\/fr\/produit\/trepied-equipe-dun-support\/#breadcrumb"},"inLanguage":"fr-FR","potentialAction":[{"@type":"ReadAction","target":["https:\/\/www.metrica.it\/fr\/produit\/trepied-equipe-dun-support\/"]}]},{"@type":"ImageObject","inLanguage":"fr-FR","@id":"https:\/\/www.metrica.it\/fr\/produit\/trepied-equipe-dun-support\/#primaryimage","url":"https:\/\/www.metrica.it\/wp-content\/uploads\/2025\/03\/60599.jpg","contentUrl":"https:\/\/www.metrica.it\/wp-content\/uploads\/2025\/03\/60599.jpg","width":1200,"height":1200},{"@type":"BreadcrumbList","@id":"https:\/\/www.metrica.it\/fr\/produit\/trepied-equipe-dun-support\/#breadcrumb","itemListElement":[{"@type":"ListItem","position":1,"name":"Home","item":"https:\/\/www.metrica.it\/fr\/"},{"@type":"ListItem","position":2,"name":"Catalogue","item":"https:\/\/www.metrica.it\/fr\/catalogue\/"},{"@type":"ListItem","position":3,"name":"TR\u00c9PIED EQUIP\u00c9 D&#8217;UN SUPPORT"}]},{"@type":"WebSite","@id":"https:\/\/www.metrica.it\/fr\/#website","url":"https:\/\/www.metrica.it\/fr\/","name":"Metrica","description":"Made to measure","potentialAction":[{"@type":"SearchAction","target":{"@type":"EntryPoint","urlTemplate":"https:\/\/www.metrica.it\/fr\/?s={search_term_string}"},"query-input":{"@type":"PropertyValueSpecification","valueRequired":true,"valueName":"search_term_string"}}],"inLanguage":"fr-FR"}]}},"meta_box":{"awr_documentation":[],"awr_manuale":[],"awr_scheda_tecnica":"","awr_youtube_video":"","awr_classe_prodotto":"","awr_customize_product":"0","awr_custom_image":false,"awr_related_products":[{"awr_product_references":"ref:60599|ean:8001066605996|l_mm:53-145|pack:1"}],"awr_consumabili":"","awr_alternativi":"60596,60590,60598","awr_aliases":"60599","awr_skuid":"60599-it"},"_links":{"self":[{"href":"https:\/\/www.metrica.it\/fr\/wp-json\/wp\/v2\/product\/157682","targetHints":{"allow":["GET"]}}],"collection":[{"href":"https:\/\/www.metrica.it\/fr\/wp-json\/wp\/v2\/product"}],"about":[{"href":"https:\/\/www.metrica.it\/fr\/wp-json\/wp\/v2\/types\/product"}],"wp:featuredmedia":[{"embeddable":true,"href":"https:\/\/www.metrica.it\/fr\/wp-json\/wp\/v2\/media\/157675"}],"wp:attachment":[{"href":"https:\/\/www.metrica.it\/fr\/wp-json\/wp\/v2\/media?parent=157682"}],"wp:term":[{"taxonomy":"product_cat","embeddable":true,"href":"https:\/\/www.metrica.it\/fr\/wp-json\/wp\/v2\/product_cat?post=157682"},{"taxonomy":"product_tag","embeddable":true,"href":"https:\/\/www.metrica.it\/fr\/wp-json\/wp\/v2\/product_tag?post=157682"}],"curies":[{"name":"wp","href":"https:\/\/api.w.org\/{rel}","templated":true}]}}