{"id":157830,"date":"2025-03-09T13:23:44","date_gmt":"2025-03-09T12:23:44","guid":{"rendered":"https:\/\/www.metrica.it\/prodotto\/cutter-black-blade-pocket-size-18-mm-le-zebra\/"},"modified":"2025-03-09T13:24:15","modified_gmt":"2025-03-09T12:24:15","slug":"cutter-black-blade-pocket-size-18-mm-le-zebra","status":"publish","type":"product","link":"https:\/\/www.metrica.it\/fr\/produit\/cutter-black-blade-pocket-size-18-mm-le-zebra\/","title":{"rendered":"CUTTER BLACK BLADE POCKET SIZE 18 MM \u201cLE ZEBRA\u201d"},"content":{"rendered":"<ul>\n<li>Taille de poche<\/li>\n<li>Corps en ABS<\/li>\n<li>Guide-lame m\u00e9tallique<\/li>\n<li>Poign\u00e9e ergonomique antid\u00e9rapante caoutchout\u00e9e<\/li>\n<li>Dur\u00e9e de vie beaucoup plus longue (5 X)<\/li>\n<li>Lame noire ultra tranchante &#8211; SK2 &#8211; HRC > 67, \u00e9paisseur 18 x 0,7 mm<\/li>\n<li>ITEM 49064 49058 &#8211; Lames de remplacement &#8211; 85x18x0,7 mm<\/li>\n<\/ul>\n","protected":false},"excerpt":{"rendered":"<p>Taille de poche <br \/>Corps en ABS <br \/>Guide-lame m\u00e9tallique <br \/>Poign\u00e9e ergonomique antid\u00e9rapante caoutchout\u00e9e <br \/>Dur\u00e9e de vie beaucoup plus longue (5 X) <br \/>Lame noire ultra tranchante &#8211; SK2 &#8211; HRC > 67, \u00e9paisseur 18 x 0,7 mm <br \/>ITEM 49064 49058 &#8211; Lames de remplacement &#8211; 85x18x0,7 mm <\/p>\n","protected":false},"featured_media":157821,"template":"","meta":[],"product_cat":[681,673],"product_tag":[],"class_list":{"0":"post-157830","1":"product","2":"type-product","3":"status-publish","4":"has-post-thumbnail","6":"product_cat-couteaux","7":"product_cat-decoupe","9":"first","10":"instock","11":"sold-individually","12":"product-type-simple"},"yoast_head":"<title>CUTTER BLACK BLADE POCKET SIZE 18 MM \u201cLE ZEBRA\u201d - Metrica<\/title>\n<meta name=\"robots\" content=\"index, follow, max-snippet:-1, max-image-preview:large, max-video-preview:-1\" \/>\n<link rel=\"canonical\" href=\"https:\/\/www.metrica.it\/fr\/produit\/cutter-black-blade-pocket-size-18-mm-le-zebra\/\" \/>\n<meta property=\"og:locale\" content=\"fr_FR\" \/>\n<meta property=\"og:type\" content=\"article\" \/>\n<meta property=\"og:title\" content=\"CUTTER BLACK BLADE POCKET SIZE 18 MM \u201cLE ZEBRA\u201d - Metrica\" \/>\n<meta property=\"og:description\" content=\"Taille de poche Corps en ABS Guide-lame m\u00e9tallique Poign\u00e9e ergonomique antid\u00e9rapante caoutchout\u00e9e Dur\u00e9e de vie beaucoup plus longue (5 X) Lame noire ultra tranchante - SK2 - HRC &gt; 67, \u00e9paisseur 18 x 0,7 mm ITEM 49064 49058 - Lames de remplacement - 85x18x0,7 mm\" \/>\n<meta property=\"og:url\" content=\"https:\/\/www.metrica.it\/fr\/produit\/cutter-black-blade-pocket-size-18-mm-le-zebra\/\" \/>\n<meta property=\"og:site_name\" content=\"Metrica\" \/>\n<meta property=\"article:modified_time\" content=\"2025-03-09T12:24:15+00:00\" \/>\n<meta property=\"og:image\" content=\"https:\/\/www.metrica.it\/wp-content\/uploads\/2025\/03\/09025.jpg\" \/>\n\t<meta property=\"og:image:width\" content=\"1200\" \/>\n\t<meta property=\"og:image:height\" content=\"1200\" \/>\n\t<meta property=\"og:image:type\" content=\"image\/jpeg\" \/>\n<meta name=\"twitter:card\" content=\"summary_large_image\" \/>\n<script type=\"application\/ld+json\" class=\"yoast-schema-graph\">{\"@context\":\"https:\\\/\\\/schema.org\",\"@graph\":[{\"@type\":\"WebPage\",\"@id\":\"https:\\\/\\\/www.metrica.it\\\/fr\\\/produit\\\/cutter-black-blade-pocket-size-18-mm-le-zebra\\\/\",\"url\":\"https:\\\/\\\/www.metrica.it\\\/fr\\\/produit\\\/cutter-black-blade-pocket-size-18-mm-le-zebra\\\/\",\"name\":\"CUTTER BLACK BLADE POCKET SIZE 18 MM \u201cLE ZEBRA\u201d - Metrica\",\"isPartOf\":{\"@id\":\"https:\\\/\\\/www.metrica.it\\\/fr\\\/#website\"},\"primaryImageOfPage\":{\"@id\":\"https:\\\/\\\/www.metrica.it\\\/fr\\\/produit\\\/cutter-black-blade-pocket-size-18-mm-le-zebra\\\/#primaryimage\"},\"image\":{\"@id\":\"https:\\\/\\\/www.metrica.it\\\/fr\\\/produit\\\/cutter-black-blade-pocket-size-18-mm-le-zebra\\\/#primaryimage\"},\"thumbnailUrl\":\"https:\\\/\\\/www.metrica.it\\\/wp-content\\\/uploads\\\/2025\\\/03\\\/09025.jpg\",\"datePublished\":\"2025-03-09T12:23:44+00:00\",\"dateModified\":\"2025-03-09T12:24:15+00:00\",\"breadcrumb\":{\"@id\":\"https:\\\/\\\/www.metrica.it\\\/fr\\\/produit\\\/cutter-black-blade-pocket-size-18-mm-le-zebra\\\/#breadcrumb\"},\"inLanguage\":\"fr-FR\",\"potentialAction\":[{\"@type\":\"ReadAction\",\"target\":[\"https:\\\/\\\/www.metrica.it\\\/fr\\\/produit\\\/cutter-black-blade-pocket-size-18-mm-le-zebra\\\/\"]}]},{\"@type\":\"ImageObject\",\"inLanguage\":\"fr-FR\",\"@id\":\"https:\\\/\\\/www.metrica.it\\\/fr\\\/produit\\\/cutter-black-blade-pocket-size-18-mm-le-zebra\\\/#primaryimage\",\"url\":\"https:\\\/\\\/www.metrica.it\\\/wp-content\\\/uploads\\\/2025\\\/03\\\/09025.jpg\",\"contentUrl\":\"https:\\\/\\\/www.metrica.it\\\/wp-content\\\/uploads\\\/2025\\\/03\\\/09025.jpg\",\"width\":1200,\"height\":1200},{\"@type\":\"BreadcrumbList\",\"@id\":\"https:\\\/\\\/www.metrica.it\\\/fr\\\/produit\\\/cutter-black-blade-pocket-size-18-mm-le-zebra\\\/#breadcrumb\",\"itemListElement\":[{\"@type\":\"ListItem\",\"position\":1,\"name\":\"Home\",\"item\":\"https:\\\/\\\/www.metrica.it\\\/fr\\\/\"},{\"@type\":\"ListItem\",\"position\":2,\"name\":\"Catalogue\",\"item\":\"https:\\\/\\\/www.metrica.it\\\/fr\\\/catalogue\\\/\"},{\"@type\":\"ListItem\",\"position\":3,\"name\":\"CUTTER BLACK BLADE POCKET SIZE 18 MM \u201cLE ZEBRA\u201d\"}]},{\"@type\":\"WebSite\",\"@id\":\"https:\\\/\\\/www.metrica.it\\\/fr\\\/#website\",\"url\":\"https:\\\/\\\/www.metrica.it\\\/fr\\\/\",\"name\":\"Metrica\",\"description\":\"Made to measure\",\"potentialAction\":[{\"@type\":\"SearchAction\",\"target\":{\"@type\":\"EntryPoint\",\"urlTemplate\":\"https:\\\/\\\/www.metrica.it\\\/fr\\\/?s={search_term_string}\"},\"query-input\":{\"@type\":\"PropertyValueSpecification\",\"valueRequired\":true,\"valueName\":\"search_term_string\"}}],\"inLanguage\":\"fr-FR\"}]}<\/script>","yoast_head_json":{"title":"CUTTER BLACK BLADE POCKET SIZE 18 MM \u201cLE ZEBRA\u201d - Metrica","robots":{"index":"index","follow":"follow","max-snippet":"max-snippet:-1","max-image-preview":"max-image-preview:large","max-video-preview":"max-video-preview:-1"},"canonical":"https:\/\/www.metrica.it\/fr\/produit\/cutter-black-blade-pocket-size-18-mm-le-zebra\/","og_locale":"fr_FR","og_type":"article","og_title":"CUTTER BLACK BLADE POCKET SIZE 18 MM \u201cLE ZEBRA\u201d - Metrica","og_description":"Taille de poche Corps en ABS Guide-lame m\u00e9tallique Poign\u00e9e ergonomique antid\u00e9rapante caoutchout\u00e9e Dur\u00e9e de vie beaucoup plus longue (5 X) Lame noire ultra tranchante - SK2 - HRC > 67, \u00e9paisseur 18 x 0,7 mm ITEM 49064 49058 - Lames de remplacement - 85x18x0,7 mm","og_url":"https:\/\/www.metrica.it\/fr\/produit\/cutter-black-blade-pocket-size-18-mm-le-zebra\/","og_site_name":"Metrica","article_modified_time":"2025-03-09T12:24:15+00:00","og_image":[{"width":1200,"height":1200,"url":"https:\/\/www.metrica.it\/wp-content\/uploads\/2025\/03\/09025.jpg","type":"image\/jpeg"}],"twitter_card":"summary_large_image","schema":{"@context":"https:\/\/schema.org","@graph":[{"@type":"WebPage","@id":"https:\/\/www.metrica.it\/fr\/produit\/cutter-black-blade-pocket-size-18-mm-le-zebra\/","url":"https:\/\/www.metrica.it\/fr\/produit\/cutter-black-blade-pocket-size-18-mm-le-zebra\/","name":"CUTTER BLACK BLADE POCKET SIZE 18 MM \u201cLE ZEBRA\u201d - Metrica","isPartOf":{"@id":"https:\/\/www.metrica.it\/fr\/#website"},"primaryImageOfPage":{"@id":"https:\/\/www.metrica.it\/fr\/produit\/cutter-black-blade-pocket-size-18-mm-le-zebra\/#primaryimage"},"image":{"@id":"https:\/\/www.metrica.it\/fr\/produit\/cutter-black-blade-pocket-size-18-mm-le-zebra\/#primaryimage"},"thumbnailUrl":"https:\/\/www.metrica.it\/wp-content\/uploads\/2025\/03\/09025.jpg","datePublished":"2025-03-09T12:23:44+00:00","dateModified":"2025-03-09T12:24:15+00:00","breadcrumb":{"@id":"https:\/\/www.metrica.it\/fr\/produit\/cutter-black-blade-pocket-size-18-mm-le-zebra\/#breadcrumb"},"inLanguage":"fr-FR","potentialAction":[{"@type":"ReadAction","target":["https:\/\/www.metrica.it\/fr\/produit\/cutter-black-blade-pocket-size-18-mm-le-zebra\/"]}]},{"@type":"ImageObject","inLanguage":"fr-FR","@id":"https:\/\/www.metrica.it\/fr\/produit\/cutter-black-blade-pocket-size-18-mm-le-zebra\/#primaryimage","url":"https:\/\/www.metrica.it\/wp-content\/uploads\/2025\/03\/09025.jpg","contentUrl":"https:\/\/www.metrica.it\/wp-content\/uploads\/2025\/03\/09025.jpg","width":1200,"height":1200},{"@type":"BreadcrumbList","@id":"https:\/\/www.metrica.it\/fr\/produit\/cutter-black-blade-pocket-size-18-mm-le-zebra\/#breadcrumb","itemListElement":[{"@type":"ListItem","position":1,"name":"Home","item":"https:\/\/www.metrica.it\/fr\/"},{"@type":"ListItem","position":2,"name":"Catalogue","item":"https:\/\/www.metrica.it\/fr\/catalogue\/"},{"@type":"ListItem","position":3,"name":"CUTTER BLACK BLADE POCKET SIZE 18 MM \u201cLE ZEBRA\u201d"}]},{"@type":"WebSite","@id":"https:\/\/www.metrica.it\/fr\/#website","url":"https:\/\/www.metrica.it\/fr\/","name":"Metrica","description":"Made to measure","potentialAction":[{"@type":"SearchAction","target":{"@type":"EntryPoint","urlTemplate":"https:\/\/www.metrica.it\/fr\/?s={search_term_string}"},"query-input":{"@type":"PropertyValueSpecification","valueRequired":true,"valueName":"search_term_string"}}],"inLanguage":"fr-FR"}]}},"meta_box":{"awr_documentation":[],"awr_manuale":[],"awr_scheda_tecnica":"","awr_youtube_video":"","awr_classe_prodotto":"","awr_customize_product":"1","awr_custom_image":{"width":96,"height":96,"file":"2025\/03\/09025_07.jpg","filesize":731601,"sizes":{"hongo-product-icon-image":{"file":"09025_07-64x64.jpg","width":64,"height":64,"mime-type":"image\/jpeg","filesize":32535,"url":"https:\/\/www.metrica.it\/wp-content\/uploads\/2025\/03\/09025_07-64x64.jpg"},"hongo-product-small-image":{"file":"09025_07-84x84.jpg","width":84,"height":84,"mime-type":"image\/jpeg","filesize":33361,"url":"https:\/\/www.metrica.it\/wp-content\/uploads\/2025\/03\/09025_07-84x84.jpg"},"hongo-medium-image":{"file":"09025_07-450x450.jpg","width":450,"height":450,"mime-type":"image\/jpeg","filesize":67217,"url":"https:\/\/www.metrica.it\/wp-content\/uploads\/2025\/03\/09025_07-450x450.jpg"},"post-thumbnail":{"file":"09025_07-790x790.jpg","width":790,"height":790,"mime-type":"image\/jpeg","filesize":124503,"url":"https:\/\/www.metrica.it\/wp-content\/uploads\/2025\/03\/09025_07-790x790.jpg"},"dgwt-wcas-product-suggestion":{"file":"09025_07-64x64.jpg","width":64,"height":64,"mime-type":"image\/jpeg","filesize":32535,"url":"https:\/\/www.metrica.it\/wp-content\/uploads\/2025\/03\/09025_07-64x64.jpg"},"hongo-shop-image":{"file":"09025_07-660x660.jpg","width":660,"height":660,"mime-type":"image\/jpeg","filesize":99722,"url":"https:\/\/www.metrica.it\/wp-content\/uploads\/2025\/03\/09025_07-660x660.jpg"}},"image_meta":{"aperture":"0","credit":"","camera":"","caption":"","created_timestamp":"0","copyright":"","focal_length":"0","iso":"0","shutter_speed":"0","title":"","orientation":"1","keywords":[]},"ID":"157820","name":"09025_07.jpg","path":"\/var\/www\/html\/wp-content\/uploads\/2025\/03\/09025_07.jpg","url":"https:\/\/www.metrica.it\/wp-content\/uploads\/2025\/03\/09025_07.jpg","full_url":"https:\/\/www.metrica.it\/wp-content\/uploads\/2025\/03\/09025_07.jpg","title":"09025_07.jpg","caption":"","description":"","alt":"","srcset":"https:\/\/www.metrica.it\/wp-content\/uploads\/2025\/03\/09025_07.jpg 1200w, https:\/\/www.metrica.it\/wp-content\/uploads\/2025\/03\/09025_07-64x64.jpg 64w, https:\/\/www.metrica.it\/wp-content\/uploads\/2025\/03\/09025_07-84x84.jpg 84w, https:\/\/www.metrica.it\/wp-content\/uploads\/2025\/03\/09025_07-450x450.jpg 450w, https:\/\/www.metrica.it\/wp-content\/uploads\/2025\/03\/09025_07-790x790.jpg 790w, https:\/\/www.metrica.it\/wp-content\/uploads\/2025\/03\/09025_07-660x660.jpg 660w"},"awr_related_products":[{"awr_product_references":"ref:09025|ean:8001066090259|l_mm:140|num_pz_gdo:12"}],"awr_consumabili":"49064","awr_alternativi":"09031,09033,09039,09068","awr_aliases":"09025","awr_skuid":"09025-it"},"_links":{"self":[{"href":"https:\/\/www.metrica.it\/fr\/wp-json\/wp\/v2\/product\/157830","targetHints":{"allow":["GET"]}}],"collection":[{"href":"https:\/\/www.metrica.it\/fr\/wp-json\/wp\/v2\/product"}],"about":[{"href":"https:\/\/www.metrica.it\/fr\/wp-json\/wp\/v2\/types\/product"}],"wp:featuredmedia":[{"embeddable":true,"href":"https:\/\/www.metrica.it\/fr\/wp-json\/wp\/v2\/media\/157821"}],"wp:attachment":[{"href":"https:\/\/www.metrica.it\/fr\/wp-json\/wp\/v2\/media?parent=157830"}],"wp:term":[{"taxonomy":"product_cat","embeddable":true,"href":"https:\/\/www.metrica.it\/fr\/wp-json\/wp\/v2\/product_cat?post=157830"},{"taxonomy":"product_tag","embeddable":true,"href":"https:\/\/www.metrica.it\/fr\/wp-json\/wp\/v2\/product_tag?post=157830"}],"curies":[{"name":"wp","href":"https:\/\/api.w.org\/{rel}","templated":true}]}}