{"id":157855,"date":"2025-03-09T13:24:53","date_gmt":"2025-03-09T12:24:53","guid":{"rendered":"https:\/\/www.metrica.it\/prodotto\/black-bull-25-mm-avec-vis-de-blocage\/"},"modified":"2025-03-09T13:25:14","modified_gmt":"2025-03-09T12:25:14","slug":"black-bull-25-mm-avec-vis-de-blocage","status":"publish","type":"product","link":"https:\/\/www.metrica.it\/fr\/produit\/black-bull-25-mm-avec-vis-de-blocage\/","title":{"rendered":"BLACK BULL 25 MM AVEC VIS DE BLOCAGE"},"content":{"rendered":"<ul>\n<li>Corps en METAL<\/li>\n<li>Poign\u00e9e ergonomique antid\u00e9rapante caoutchout\u00e9e<\/li>\n<li>Guide-lame m\u00e9tallique<\/li>\n<li>AVEC VIS DE BLOCAGE<\/li>\n<li>PROFESSIONNEL HEAVY DUTY<\/li>\n<li>Dur\u00e9e de vie beaucoup plus longue (5 X)<\/li>\n<li>Lame noire ultra tranchante &#8211; SK2 &#8211; HRC > 67, \u00e9paisseur 25 x 0,7 mm<\/li>\n<li>ITEM 49039 &#8211; Lames de remplacement &#8211; 120x25x0,7 mm<\/li>\n<\/ul>\n","protected":false},"excerpt":{"rendered":"<p>Corps en METAL <br \/>Poign\u00e9e ergonomique antid\u00e9rapante caoutchout\u00e9e <br \/>Guide-lame m\u00e9tallique <br \/>AVEC VIS DE BLOCAGE <br \/>PROFESSIONNEL HEAVY DUTY <br \/>Dur\u00e9e de vie beaucoup plus longue (5 X) <br \/>Lame noire ultra tranchante &#8211; SK2 &#8211; HRC > 67, \u00e9paisseur 25 x 0,7 mm <br \/>ITEM 49039 &#8211; Lames de remplacement &#8211; 120x25x0,7 mm <\/p>\n","protected":false},"featured_media":157846,"template":"","meta":[],"product_cat":[681,673],"product_tag":[],"class_list":{"0":"post-157855","1":"product","2":"type-product","3":"status-publish","4":"has-post-thumbnail","6":"product_cat-couteaux","7":"product_cat-decoupe","9":"first","10":"instock","11":"sold-individually","12":"product-type-simple"},"yoast_head":"<title>BLACK BULL 25 MM AVEC VIS DE BLOCAGE - Metrica<\/title>\n<meta name=\"robots\" content=\"index, follow, max-snippet:-1, max-image-preview:large, max-video-preview:-1\" \/>\n<link rel=\"canonical\" href=\"https:\/\/www.metrica.it\/fr\/produit\/black-bull-25-mm-avec-vis-de-blocage\/\" \/>\n<meta property=\"og:locale\" content=\"fr_FR\" \/>\n<meta property=\"og:type\" content=\"article\" \/>\n<meta property=\"og:title\" content=\"BLACK BULL 25 MM AVEC VIS DE BLOCAGE - Metrica\" \/>\n<meta property=\"og:description\" content=\"Corps en METAL Poign\u00e9e ergonomique antid\u00e9rapante caoutchout\u00e9e Guide-lame m\u00e9tallique AVEC VIS DE BLOCAGE PROFESSIONNEL HEAVY DUTY Dur\u00e9e de vie beaucoup plus longue (5 X) Lame noire ultra tranchante - SK2 - HRC &gt; 67, \u00e9paisseur 25 x 0,7 mm ITEM 49039 - Lames de remplacement - 120x25x0,7 mm\" \/>\n<meta property=\"og:url\" content=\"https:\/\/www.metrica.it\/fr\/produit\/black-bull-25-mm-avec-vis-de-blocage\/\" \/>\n<meta property=\"og:site_name\" content=\"Metrica\" \/>\n<meta property=\"article:modified_time\" content=\"2025-03-09T12:25:14+00:00\" \/>\n<meta property=\"og:image\" content=\"https:\/\/www.metrica.it\/wp-content\/uploads\/2025\/03\/09037.jpg\" \/>\n\t<meta property=\"og:image:width\" content=\"1200\" \/>\n\t<meta property=\"og:image:height\" content=\"1200\" \/>\n\t<meta property=\"og:image:type\" content=\"image\/jpeg\" \/>\n<meta name=\"twitter:card\" content=\"summary_large_image\" \/>\n<script type=\"application\/ld+json\" class=\"yoast-schema-graph\">{\"@context\":\"https:\\\/\\\/schema.org\",\"@graph\":[{\"@type\":\"WebPage\",\"@id\":\"https:\\\/\\\/www.metrica.it\\\/fr\\\/produit\\\/black-bull-25-mm-avec-vis-de-blocage\\\/\",\"url\":\"https:\\\/\\\/www.metrica.it\\\/fr\\\/produit\\\/black-bull-25-mm-avec-vis-de-blocage\\\/\",\"name\":\"BLACK BULL 25 MM AVEC VIS DE BLOCAGE - Metrica\",\"isPartOf\":{\"@id\":\"https:\\\/\\\/www.metrica.it\\\/fr\\\/#website\"},\"primaryImageOfPage\":{\"@id\":\"https:\\\/\\\/www.metrica.it\\\/fr\\\/produit\\\/black-bull-25-mm-avec-vis-de-blocage\\\/#primaryimage\"},\"image\":{\"@id\":\"https:\\\/\\\/www.metrica.it\\\/fr\\\/produit\\\/black-bull-25-mm-avec-vis-de-blocage\\\/#primaryimage\"},\"thumbnailUrl\":\"https:\\\/\\\/www.metrica.it\\\/wp-content\\\/uploads\\\/2025\\\/03\\\/09037.jpg\",\"datePublished\":\"2025-03-09T12:24:53+00:00\",\"dateModified\":\"2025-03-09T12:25:14+00:00\",\"breadcrumb\":{\"@id\":\"https:\\\/\\\/www.metrica.it\\\/fr\\\/produit\\\/black-bull-25-mm-avec-vis-de-blocage\\\/#breadcrumb\"},\"inLanguage\":\"fr-FR\",\"potentialAction\":[{\"@type\":\"ReadAction\",\"target\":[\"https:\\\/\\\/www.metrica.it\\\/fr\\\/produit\\\/black-bull-25-mm-avec-vis-de-blocage\\\/\"]}]},{\"@type\":\"ImageObject\",\"inLanguage\":\"fr-FR\",\"@id\":\"https:\\\/\\\/www.metrica.it\\\/fr\\\/produit\\\/black-bull-25-mm-avec-vis-de-blocage\\\/#primaryimage\",\"url\":\"https:\\\/\\\/www.metrica.it\\\/wp-content\\\/uploads\\\/2025\\\/03\\\/09037.jpg\",\"contentUrl\":\"https:\\\/\\\/www.metrica.it\\\/wp-content\\\/uploads\\\/2025\\\/03\\\/09037.jpg\",\"width\":1200,\"height\":1200},{\"@type\":\"BreadcrumbList\",\"@id\":\"https:\\\/\\\/www.metrica.it\\\/fr\\\/produit\\\/black-bull-25-mm-avec-vis-de-blocage\\\/#breadcrumb\",\"itemListElement\":[{\"@type\":\"ListItem\",\"position\":1,\"name\":\"Home\",\"item\":\"https:\\\/\\\/www.metrica.it\\\/fr\\\/\"},{\"@type\":\"ListItem\",\"position\":2,\"name\":\"Catalogue\",\"item\":\"https:\\\/\\\/www.metrica.it\\\/fr\\\/catalogue\\\/\"},{\"@type\":\"ListItem\",\"position\":3,\"name\":\"BLACK BULL 25 MM AVEC VIS DE BLOCAGE\"}]},{\"@type\":\"WebSite\",\"@id\":\"https:\\\/\\\/www.metrica.it\\\/fr\\\/#website\",\"url\":\"https:\\\/\\\/www.metrica.it\\\/fr\\\/\",\"name\":\"Metrica\",\"description\":\"Made to measure\",\"potentialAction\":[{\"@type\":\"SearchAction\",\"target\":{\"@type\":\"EntryPoint\",\"urlTemplate\":\"https:\\\/\\\/www.metrica.it\\\/fr\\\/?s={search_term_string}\"},\"query-input\":{\"@type\":\"PropertyValueSpecification\",\"valueRequired\":true,\"valueName\":\"search_term_string\"}}],\"inLanguage\":\"fr-FR\"}]}<\/script>","yoast_head_json":{"title":"BLACK BULL 25 MM AVEC VIS DE BLOCAGE - Metrica","robots":{"index":"index","follow":"follow","max-snippet":"max-snippet:-1","max-image-preview":"max-image-preview:large","max-video-preview":"max-video-preview:-1"},"canonical":"https:\/\/www.metrica.it\/fr\/produit\/black-bull-25-mm-avec-vis-de-blocage\/","og_locale":"fr_FR","og_type":"article","og_title":"BLACK BULL 25 MM AVEC VIS DE BLOCAGE - Metrica","og_description":"Corps en METAL Poign\u00e9e ergonomique antid\u00e9rapante caoutchout\u00e9e Guide-lame m\u00e9tallique AVEC VIS DE BLOCAGE PROFESSIONNEL HEAVY DUTY Dur\u00e9e de vie beaucoup plus longue (5 X) Lame noire ultra tranchante - SK2 - HRC > 67, \u00e9paisseur 25 x 0,7 mm ITEM 49039 - Lames de remplacement - 120x25x0,7 mm","og_url":"https:\/\/www.metrica.it\/fr\/produit\/black-bull-25-mm-avec-vis-de-blocage\/","og_site_name":"Metrica","article_modified_time":"2025-03-09T12:25:14+00:00","og_image":[{"width":1200,"height":1200,"url":"https:\/\/www.metrica.it\/wp-content\/uploads\/2025\/03\/09037.jpg","type":"image\/jpeg"}],"twitter_card":"summary_large_image","schema":{"@context":"https:\/\/schema.org","@graph":[{"@type":"WebPage","@id":"https:\/\/www.metrica.it\/fr\/produit\/black-bull-25-mm-avec-vis-de-blocage\/","url":"https:\/\/www.metrica.it\/fr\/produit\/black-bull-25-mm-avec-vis-de-blocage\/","name":"BLACK BULL 25 MM AVEC VIS DE BLOCAGE - Metrica","isPartOf":{"@id":"https:\/\/www.metrica.it\/fr\/#website"},"primaryImageOfPage":{"@id":"https:\/\/www.metrica.it\/fr\/produit\/black-bull-25-mm-avec-vis-de-blocage\/#primaryimage"},"image":{"@id":"https:\/\/www.metrica.it\/fr\/produit\/black-bull-25-mm-avec-vis-de-blocage\/#primaryimage"},"thumbnailUrl":"https:\/\/www.metrica.it\/wp-content\/uploads\/2025\/03\/09037.jpg","datePublished":"2025-03-09T12:24:53+00:00","dateModified":"2025-03-09T12:25:14+00:00","breadcrumb":{"@id":"https:\/\/www.metrica.it\/fr\/produit\/black-bull-25-mm-avec-vis-de-blocage\/#breadcrumb"},"inLanguage":"fr-FR","potentialAction":[{"@type":"ReadAction","target":["https:\/\/www.metrica.it\/fr\/produit\/black-bull-25-mm-avec-vis-de-blocage\/"]}]},{"@type":"ImageObject","inLanguage":"fr-FR","@id":"https:\/\/www.metrica.it\/fr\/produit\/black-bull-25-mm-avec-vis-de-blocage\/#primaryimage","url":"https:\/\/www.metrica.it\/wp-content\/uploads\/2025\/03\/09037.jpg","contentUrl":"https:\/\/www.metrica.it\/wp-content\/uploads\/2025\/03\/09037.jpg","width":1200,"height":1200},{"@type":"BreadcrumbList","@id":"https:\/\/www.metrica.it\/fr\/produit\/black-bull-25-mm-avec-vis-de-blocage\/#breadcrumb","itemListElement":[{"@type":"ListItem","position":1,"name":"Home","item":"https:\/\/www.metrica.it\/fr\/"},{"@type":"ListItem","position":2,"name":"Catalogue","item":"https:\/\/www.metrica.it\/fr\/catalogue\/"},{"@type":"ListItem","position":3,"name":"BLACK BULL 25 MM AVEC VIS DE BLOCAGE"}]},{"@type":"WebSite","@id":"https:\/\/www.metrica.it\/fr\/#website","url":"https:\/\/www.metrica.it\/fr\/","name":"Metrica","description":"Made to measure","potentialAction":[{"@type":"SearchAction","target":{"@type":"EntryPoint","urlTemplate":"https:\/\/www.metrica.it\/fr\/?s={search_term_string}"},"query-input":{"@type":"PropertyValueSpecification","valueRequired":true,"valueName":"search_term_string"}}],"inLanguage":"fr-FR"}]}},"meta_box":{"awr_documentation":[],"awr_manuale":[],"awr_scheda_tecnica":"","awr_youtube_video":"","awr_classe_prodotto":"","awr_customize_product":"1","awr_custom_image":{"width":96,"height":96,"file":"2025\/03\/09037_07.jpg","filesize":569641,"sizes":{"hongo-product-icon-image":{"file":"09037_07-64x64.jpg","width":64,"height":64,"mime-type":"image\/jpeg","filesize":31649,"url":"https:\/\/www.metrica.it\/wp-content\/uploads\/2025\/03\/09037_07-64x64.jpg"},"hongo-product-small-image":{"file":"09037_07-84x84.jpg","width":84,"height":84,"mime-type":"image\/jpeg","filesize":32428,"url":"https:\/\/www.metrica.it\/wp-content\/uploads\/2025\/03\/09037_07-84x84.jpg"},"hongo-medium-image":{"file":"09037_07-450x450.jpg","width":450,"height":450,"mime-type":"image\/jpeg","filesize":58056,"url":"https:\/\/www.metrica.it\/wp-content\/uploads\/2025\/03\/09037_07-450x450.jpg"},"post-thumbnail":{"file":"09037_07-790x790.jpg","width":790,"height":790,"mime-type":"image\/jpeg","filesize":96273,"url":"https:\/\/www.metrica.it\/wp-content\/uploads\/2025\/03\/09037_07-790x790.jpg"},"dgwt-wcas-product-suggestion":{"file":"09037_07-64x64.jpg","width":64,"height":64,"mime-type":"image\/jpeg","filesize":31649,"url":"https:\/\/www.metrica.it\/wp-content\/uploads\/2025\/03\/09037_07-64x64.jpg"},"hongo-shop-image":{"file":"09037_07-660x660.jpg","width":660,"height":660,"mime-type":"image\/jpeg","filesize":80178,"url":"https:\/\/www.metrica.it\/wp-content\/uploads\/2025\/03\/09037_07-660x660.jpg"}},"image_meta":{"aperture":"0","credit":"","camera":"","caption":"","created_timestamp":"0","copyright":"","focal_length":"0","iso":"0","shutter_speed":"0","title":"","orientation":"1","keywords":[]},"ID":"157845","name":"09037_07.jpg","path":"\/var\/www\/html\/wp-content\/uploads\/2025\/03\/09037_07.jpg","url":"https:\/\/www.metrica.it\/wp-content\/uploads\/2025\/03\/09037_07.jpg","full_url":"https:\/\/www.metrica.it\/wp-content\/uploads\/2025\/03\/09037_07.jpg","title":"09037_07.jpg","caption":"","description":"","alt":"","srcset":"https:\/\/www.metrica.it\/wp-content\/uploads\/2025\/03\/09037_07.jpg 1200w, https:\/\/www.metrica.it\/wp-content\/uploads\/2025\/03\/09037_07-64x64.jpg 64w, https:\/\/www.metrica.it\/wp-content\/uploads\/2025\/03\/09037_07-84x84.jpg 84w, https:\/\/www.metrica.it\/wp-content\/uploads\/2025\/03\/09037_07-450x450.jpg 450w, https:\/\/www.metrica.it\/wp-content\/uploads\/2025\/03\/09037_07-790x790.jpg 790w, https:\/\/www.metrica.it\/wp-content\/uploads\/2025\/03\/09037_07-660x660.jpg 660w"},"awr_related_products":[{"awr_product_references":"ref:09039|ean:8001066090372|l_mm:210|num_pz_gdo:12"}],"awr_consumabili":"49039","awr_alternativi":"9036","awr_aliases":"09039","awr_skuid":"09037-it"},"_links":{"self":[{"href":"https:\/\/www.metrica.it\/fr\/wp-json\/wp\/v2\/product\/157855","targetHints":{"allow":["GET"]}}],"collection":[{"href":"https:\/\/www.metrica.it\/fr\/wp-json\/wp\/v2\/product"}],"about":[{"href":"https:\/\/www.metrica.it\/fr\/wp-json\/wp\/v2\/types\/product"}],"wp:featuredmedia":[{"embeddable":true,"href":"https:\/\/www.metrica.it\/fr\/wp-json\/wp\/v2\/media\/157846"}],"wp:attachment":[{"href":"https:\/\/www.metrica.it\/fr\/wp-json\/wp\/v2\/media?parent=157855"}],"wp:term":[{"taxonomy":"product_cat","embeddable":true,"href":"https:\/\/www.metrica.it\/fr\/wp-json\/wp\/v2\/product_cat?post=157855"},{"taxonomy":"product_tag","embeddable":true,"href":"https:\/\/www.metrica.it\/fr\/wp-json\/wp\/v2\/product_tag?post=157855"}],"curies":[{"name":"wp","href":"https:\/\/api.w.org\/{rel}","templated":true}]}}