{"id":158082,"date":"2025-03-22T15:00:36","date_gmt":"2025-03-22T14:00:36","guid":{"rendered":"https:\/\/www.metrica.it\/prodotto\/metrica-wing-shape-4\/"},"modified":"2025-03-22T15:00:51","modified_gmt":"2025-03-22T14:00:51","slug":"metrica-wing-shape-4","status":"publish","type":"product","link":"https:\/\/www.metrica.it\/fr\/produit\/metrica-wing-shape-4\/","title":{"rendered":"METRICA WING SHAPE"},"content":{"rendered":"<ul>\n<li>Bo\u00eetier en ABS caoutchout\u00e9 r\u00e9sistant aux chocs<\/li>\n<li>Ruban laqu\u00e9 :<br \/>\n Num\u00e9rotation horizontale noire \u00e0 l&rsquo;avant avec d\u00e9cimales jaunes \u00e0 haute visibilit\u00e9<br \/>\n Num\u00e9rotation verticale blanche \u00e0 l&rsquo;arri\u00e8re avec d\u00e9cimales rouges<\/li>\n<li>Ruban enduit de nylon avec couverture suppl\u00e9mentaire sur les 20 premiers centim\u00e8tres pour une protection augment\u00e9e<\/li>\n<li>Forme sp\u00e9ciale en W pour une plus grande extension au-del\u00e0 de 3,5 m<\/li>\n<\/ul>\n","protected":false},"excerpt":{"rendered":"<p>Bo\u00eetier en ABS caoutchout\u00e9 r\u00e9sistant aux chocs <br \/>Ruban laqu\u00e9 :<br \/>\n Num\u00e9rotation horizontale noire \u00e0 l&rsquo;avant avec d\u00e9cimales jaunes \u00e0 haute visibilit\u00e9<br \/>\n Num\u00e9rotation verticale blanche \u00e0 l&rsquo;arri\u00e8re avec d\u00e9cimales rouges <br \/>Ruban enduit de nylon avec couverture suppl\u00e9mentaire sur les 20 premiers centim\u00e8tres pour une protection augment\u00e9e <br \/>Forme sp\u00e9ciale en W pour une plus grande extension au-del\u00e0 de 3,5 m <\/p>\n","protected":false},"featured_media":158076,"template":"","meta":[],"product_cat":[49,590],"product_tag":[],"class_list":{"0":"post-158082","1":"product","2":"type-product","3":"status-publish","4":"has-post-thumbnail","6":"product_cat-mesures-de-longueur","7":"product_cat-metres-a-ruban","9":"first","10":"instock","11":"sold-individually","12":"product-type-simple"},"yoast_head":"<title>METRICA WING SHAPE - Metrica<\/title>\n<meta name=\"robots\" content=\"index, follow, max-snippet:-1, max-image-preview:large, max-video-preview:-1\" \/>\n<link rel=\"canonical\" href=\"https:\/\/www.metrica.it\/fr\/produit\/metrica-wing-shape-4\/\" \/>\n<meta property=\"og:locale\" content=\"fr_FR\" \/>\n<meta property=\"og:type\" content=\"article\" \/>\n<meta property=\"og:title\" content=\"METRICA WING SHAPE - Metrica\" \/>\n<meta property=\"og:description\" content=\"Bo\u00eetier en ABS caoutchout\u00e9 r\u00e9sistant aux chocs Ruban laqu\u00e9 : Num\u00e9rotation horizontale noire \u00e0 l&#039;avant avec d\u00e9cimales jaunes \u00e0 haute visibilit\u00e9 Num\u00e9rotation verticale blanche \u00e0 l&#039;arri\u00e8re avec d\u00e9cimales rouges Ruban enduit de nylon avec couverture suppl\u00e9mentaire sur les 20 premiers centim\u00e8tres pour une protection augment\u00e9e Forme sp\u00e9ciale en W pour une plus grande extension au-del\u00e0 de 3,5 m\" \/>\n<meta property=\"og:url\" content=\"https:\/\/www.metrica.it\/fr\/produit\/metrica-wing-shape-4\/\" \/>\n<meta property=\"og:site_name\" content=\"Metrica\" \/>\n<meta property=\"article:modified_time\" content=\"2025-03-22T14:00:51+00:00\" \/>\n<meta property=\"og:image\" content=\"https:\/\/www.metrica.it\/wp-content\/uploads\/2025\/03\/08037.jpg\" \/>\n\t<meta property=\"og:image:width\" content=\"1200\" \/>\n\t<meta property=\"og:image:height\" content=\"1200\" \/>\n\t<meta property=\"og:image:type\" content=\"image\/jpeg\" \/>\n<meta name=\"twitter:card\" content=\"summary_large_image\" \/>\n<script type=\"application\/ld+json\" class=\"yoast-schema-graph\">{\"@context\":\"https:\\\/\\\/schema.org\",\"@graph\":[{\"@type\":\"WebPage\",\"@id\":\"https:\\\/\\\/www.metrica.it\\\/fr\\\/produit\\\/metrica-wing-shape-4\\\/\",\"url\":\"https:\\\/\\\/www.metrica.it\\\/fr\\\/produit\\\/metrica-wing-shape-4\\\/\",\"name\":\"METRICA WING SHAPE - Metrica\",\"isPartOf\":{\"@id\":\"https:\\\/\\\/www.metrica.it\\\/fr\\\/#website\"},\"primaryImageOfPage\":{\"@id\":\"https:\\\/\\\/www.metrica.it\\\/fr\\\/produit\\\/metrica-wing-shape-4\\\/#primaryimage\"},\"image\":{\"@id\":\"https:\\\/\\\/www.metrica.it\\\/fr\\\/produit\\\/metrica-wing-shape-4\\\/#primaryimage\"},\"thumbnailUrl\":\"https:\\\/\\\/www.metrica.it\\\/wp-content\\\/uploads\\\/2025\\\/03\\\/08037.jpg\",\"datePublished\":\"2025-03-22T14:00:36+00:00\",\"dateModified\":\"2025-03-22T14:00:51+00:00\",\"breadcrumb\":{\"@id\":\"https:\\\/\\\/www.metrica.it\\\/fr\\\/produit\\\/metrica-wing-shape-4\\\/#breadcrumb\"},\"inLanguage\":\"fr-FR\",\"potentialAction\":[{\"@type\":\"ReadAction\",\"target\":[\"https:\\\/\\\/www.metrica.it\\\/fr\\\/produit\\\/metrica-wing-shape-4\\\/\"]}]},{\"@type\":\"ImageObject\",\"inLanguage\":\"fr-FR\",\"@id\":\"https:\\\/\\\/www.metrica.it\\\/fr\\\/produit\\\/metrica-wing-shape-4\\\/#primaryimage\",\"url\":\"https:\\\/\\\/www.metrica.it\\\/wp-content\\\/uploads\\\/2025\\\/03\\\/08037.jpg\",\"contentUrl\":\"https:\\\/\\\/www.metrica.it\\\/wp-content\\\/uploads\\\/2025\\\/03\\\/08037.jpg\",\"width\":1200,\"height\":1200},{\"@type\":\"BreadcrumbList\",\"@id\":\"https:\\\/\\\/www.metrica.it\\\/fr\\\/produit\\\/metrica-wing-shape-4\\\/#breadcrumb\",\"itemListElement\":[{\"@type\":\"ListItem\",\"position\":1,\"name\":\"Home\",\"item\":\"https:\\\/\\\/www.metrica.it\\\/fr\\\/\"},{\"@type\":\"ListItem\",\"position\":2,\"name\":\"Catalogue\",\"item\":\"https:\\\/\\\/www.metrica.it\\\/fr\\\/catalogue\\\/\"},{\"@type\":\"ListItem\",\"position\":3,\"name\":\"METRICA WING SHAPE\"}]},{\"@type\":\"WebSite\",\"@id\":\"https:\\\/\\\/www.metrica.it\\\/fr\\\/#website\",\"url\":\"https:\\\/\\\/www.metrica.it\\\/fr\\\/\",\"name\":\"Metrica\",\"description\":\"Made to measure\",\"potentialAction\":[{\"@type\":\"SearchAction\",\"target\":{\"@type\":\"EntryPoint\",\"urlTemplate\":\"https:\\\/\\\/www.metrica.it\\\/fr\\\/?s={search_term_string}\"},\"query-input\":{\"@type\":\"PropertyValueSpecification\",\"valueRequired\":true,\"valueName\":\"search_term_string\"}}],\"inLanguage\":\"fr-FR\"}]}<\/script>","yoast_head_json":{"title":"METRICA WING SHAPE - Metrica","robots":{"index":"index","follow":"follow","max-snippet":"max-snippet:-1","max-image-preview":"max-image-preview:large","max-video-preview":"max-video-preview:-1"},"canonical":"https:\/\/www.metrica.it\/fr\/produit\/metrica-wing-shape-4\/","og_locale":"fr_FR","og_type":"article","og_title":"METRICA WING SHAPE - Metrica","og_description":"Bo\u00eetier en ABS caoutchout\u00e9 r\u00e9sistant aux chocs Ruban laqu\u00e9 : Num\u00e9rotation horizontale noire \u00e0 l'avant avec d\u00e9cimales jaunes \u00e0 haute visibilit\u00e9 Num\u00e9rotation verticale blanche \u00e0 l'arri\u00e8re avec d\u00e9cimales rouges Ruban enduit de nylon avec couverture suppl\u00e9mentaire sur les 20 premiers centim\u00e8tres pour une protection augment\u00e9e Forme sp\u00e9ciale en W pour une plus grande extension au-del\u00e0 de 3,5 m","og_url":"https:\/\/www.metrica.it\/fr\/produit\/metrica-wing-shape-4\/","og_site_name":"Metrica","article_modified_time":"2025-03-22T14:00:51+00:00","og_image":[{"width":1200,"height":1200,"url":"https:\/\/www.metrica.it\/wp-content\/uploads\/2025\/03\/08037.jpg","type":"image\/jpeg"}],"twitter_card":"summary_large_image","schema":{"@context":"https:\/\/schema.org","@graph":[{"@type":"WebPage","@id":"https:\/\/www.metrica.it\/fr\/produit\/metrica-wing-shape-4\/","url":"https:\/\/www.metrica.it\/fr\/produit\/metrica-wing-shape-4\/","name":"METRICA WING SHAPE - Metrica","isPartOf":{"@id":"https:\/\/www.metrica.it\/fr\/#website"},"primaryImageOfPage":{"@id":"https:\/\/www.metrica.it\/fr\/produit\/metrica-wing-shape-4\/#primaryimage"},"image":{"@id":"https:\/\/www.metrica.it\/fr\/produit\/metrica-wing-shape-4\/#primaryimage"},"thumbnailUrl":"https:\/\/www.metrica.it\/wp-content\/uploads\/2025\/03\/08037.jpg","datePublished":"2025-03-22T14:00:36+00:00","dateModified":"2025-03-22T14:00:51+00:00","breadcrumb":{"@id":"https:\/\/www.metrica.it\/fr\/produit\/metrica-wing-shape-4\/#breadcrumb"},"inLanguage":"fr-FR","potentialAction":[{"@type":"ReadAction","target":["https:\/\/www.metrica.it\/fr\/produit\/metrica-wing-shape-4\/"]}]},{"@type":"ImageObject","inLanguage":"fr-FR","@id":"https:\/\/www.metrica.it\/fr\/produit\/metrica-wing-shape-4\/#primaryimage","url":"https:\/\/www.metrica.it\/wp-content\/uploads\/2025\/03\/08037.jpg","contentUrl":"https:\/\/www.metrica.it\/wp-content\/uploads\/2025\/03\/08037.jpg","width":1200,"height":1200},{"@type":"BreadcrumbList","@id":"https:\/\/www.metrica.it\/fr\/produit\/metrica-wing-shape-4\/#breadcrumb","itemListElement":[{"@type":"ListItem","position":1,"name":"Home","item":"https:\/\/www.metrica.it\/fr\/"},{"@type":"ListItem","position":2,"name":"Catalogue","item":"https:\/\/www.metrica.it\/fr\/catalogue\/"},{"@type":"ListItem","position":3,"name":"METRICA WING SHAPE"}]},{"@type":"WebSite","@id":"https:\/\/www.metrica.it\/fr\/#website","url":"https:\/\/www.metrica.it\/fr\/","name":"Metrica","description":"Made to measure","potentialAction":[{"@type":"SearchAction","target":{"@type":"EntryPoint","urlTemplate":"https:\/\/www.metrica.it\/fr\/?s={search_term_string}"},"query-input":{"@type":"PropertyValueSpecification","valueRequired":true,"valueName":"search_term_string"}}],"inLanguage":"fr-FR"}]}},"meta_box":{"awr_documentation":[],"awr_manuale":[],"awr_scheda_tecnica":"","awr_youtube_video":"","awr_classe_prodotto":"CE_2","awr_customize_product":"0","awr_custom_image":false,"awr_related_products":[{"awr_product_references":"ref:08037|ean:8001066080373|l:5m|larghezza:32mm|unit_misura:mm|b_mm:80|num_pz_gdo:6"},{"awr_product_references":"ref:08038|ean:8001066080380|l:8m|larghezza:32mm|unit_misura:mm|b_mm:90|num_pz_gdo:6"}],"awr_consumabili":"","awr_alternativi":"38143d,08075,08755","awr_aliases":"08037,08038","awr_skuid":"08037-it"},"_links":{"self":[{"href":"https:\/\/www.metrica.it\/fr\/wp-json\/wp\/v2\/product\/158082","targetHints":{"allow":["GET"]}}],"collection":[{"href":"https:\/\/www.metrica.it\/fr\/wp-json\/wp\/v2\/product"}],"about":[{"href":"https:\/\/www.metrica.it\/fr\/wp-json\/wp\/v2\/types\/product"}],"wp:featuredmedia":[{"embeddable":true,"href":"https:\/\/www.metrica.it\/fr\/wp-json\/wp\/v2\/media\/158076"}],"wp:attachment":[{"href":"https:\/\/www.metrica.it\/fr\/wp-json\/wp\/v2\/media?parent=158082"}],"wp:term":[{"taxonomy":"product_cat","embeddable":true,"href":"https:\/\/www.metrica.it\/fr\/wp-json\/wp\/v2\/product_cat?post=158082"},{"taxonomy":"product_tag","embeddable":true,"href":"https:\/\/www.metrica.it\/fr\/wp-json\/wp\/v2\/product_tag?post=158082"}],"curies":[{"name":"wp","href":"https:\/\/api.w.org\/{rel}","templated":true}]}}