{"id":158090,"date":"2025-03-22T15:00:54","date_gmt":"2025-03-22T14:00:54","guid":{"rendered":"https:\/\/www.metrica.it\/prodotto\/pied-a-coulisse-digital-chiffres-geants-11-mm\/"},"modified":"2025-03-29T13:25:35","modified_gmt":"2025-03-29T12:25:35","slug":"pied-a-coulisse-digital-chiffres-geants-11-mm-10026","status":"publish","type":"product","link":"https:\/\/www.metrica.it\/fr\/produit\/pied-a-coulisse-digital-chiffres-geants-11-mm-10026\/","title":{"rendered":"Pied \u00c0 Coulisse Digital &#8211; Chiffres G\u00e9ants (11 Mm)"},"content":{"rendered":"<ul>\n<li>En acier inox tremp\u00e9<\/li>\n<li>Tige \u00e0 haute sensibilit\u00e9 \u00ab\u00a0glass sensor\u00a0\u00bb<\/li>\n<li>Chiffres g\u00e9ants (11 mm)<\/li>\n<li>4 fonctions de mesure<\/li>\n<li>3 touches:<\/li>\n<li>&#8211; On\/Off (manuel)<\/li>\n<li>&#8211; mise \u00e0 z\u00e9ro pour des mesures de comparaison \u00b1<\/li>\n<li>&#8211; conversion mm\/inch<\/li>\n<li>Pr\u00e9cision \u00b1 0,02 mm<\/li>\n<li>R\u00e9p\u00e9tibilit\u00e9 0,01 mm<\/li>\n<\/ul>\n","protected":false},"excerpt":{"rendered":"<p>En acier inox tremp\u00e9<br \/>\nTige \u00e0 haute sensibilit\u00e9 \u00ab\u00a0glass sensor\u00a0\u00bb<br \/>\nChiffres g\u00e9ants (11 mm)<br \/>\n4 fonctions de mesure<br \/>\n3 touches:<br \/>\n&#8211; On\/Off (manuel)<br \/>\n&#8211; mise \u00e0 z\u00e9ro pour des mesures de comparaison \u00b1<br \/>\n&#8211; conversion mm\/inch<br \/>\nPr\u00e9cision \u00b1 0,02 mm<br \/>\nR\u00e9p\u00e9tibilit\u00e9 0,01 mm<\/p>\n","protected":false},"featured_media":158085,"template":"","meta":[],"product_cat":[641,649],"product_tag":[],"class_list":{"0":"post-158090","1":"product","2":"type-product","3":"status-publish","4":"has-post-thumbnail","6":"product_cat-mesures-mecaniques","7":"product_cat-pieds-a-coulisse","9":"first","10":"instock","11":"sold-individually","12":"product-type-simple"},"yoast_head":"<title>Pied \u00c0 Coulisse Digital - Chiffres G\u00e9ants (11 Mm) - Metrica<\/title>\n<meta name=\"robots\" content=\"index, follow, max-snippet:-1, max-image-preview:large, max-video-preview:-1\" \/>\n<link rel=\"canonical\" href=\"https:\/\/www.metrica.it\/fr\/produit\/pied-a-coulisse-digital-chiffres-geants-11-mm-10026\/\" \/>\n<meta property=\"og:locale\" content=\"fr_FR\" \/>\n<meta property=\"og:type\" content=\"article\" \/>\n<meta property=\"og:title\" content=\"Pied \u00c0 Coulisse Digital - Chiffres G\u00e9ants (11 Mm) - Metrica\" \/>\n<meta property=\"og:description\" content=\"En acier inox tremp\u00e9 Tige \u00e0 haute sensibilit\u00e9 &quot;glass sensor&quot; Chiffres g\u00e9ants (11 mm) 4 fonctions de mesure 3 touches: - On\/Off (manuel) - mise \u00e0 z\u00e9ro pour des mesures de comparaison \u00b1 - conversion mm\/inch Pr\u00e9cision \u00b1 0,02 mm R\u00e9p\u00e9tibilit\u00e9 0,01 mm\" \/>\n<meta property=\"og:url\" content=\"https:\/\/www.metrica.it\/fr\/produit\/pied-a-coulisse-digital-chiffres-geants-11-mm-10026\/\" \/>\n<meta property=\"og:site_name\" content=\"Metrica\" \/>\n<meta property=\"article:modified_time\" content=\"2025-03-29T12:25:35+00:00\" \/>\n<meta property=\"og:image\" content=\"https:\/\/www.metrica.it\/wp-content\/uploads\/2025\/03\/10026.jpg\" \/>\n\t<meta property=\"og:image:width\" content=\"1200\" \/>\n\t<meta property=\"og:image:height\" content=\"1200\" \/>\n\t<meta property=\"og:image:type\" content=\"image\/jpeg\" \/>\n<meta name=\"twitter:card\" content=\"summary_large_image\" \/>\n<meta name=\"twitter:label1\" content=\"Dur\u00e9e de lecture estim\u00e9e\" \/>\n\t<meta name=\"twitter:data1\" content=\"1 minute\" \/>\n<script type=\"application\/ld+json\" class=\"yoast-schema-graph\">{\"@context\":\"https:\\\/\\\/schema.org\",\"@graph\":[{\"@type\":\"WebPage\",\"@id\":\"https:\\\/\\\/www.metrica.it\\\/fr\\\/produit\\\/pied-a-coulisse-digital-chiffres-geants-11-mm-10026\\\/\",\"url\":\"https:\\\/\\\/www.metrica.it\\\/fr\\\/produit\\\/pied-a-coulisse-digital-chiffres-geants-11-mm-10026\\\/\",\"name\":\"Pied \u00c0 Coulisse Digital - Chiffres G\u00e9ants (11 Mm) - Metrica\",\"isPartOf\":{\"@id\":\"https:\\\/\\\/www.metrica.it\\\/fr\\\/#website\"},\"primaryImageOfPage\":{\"@id\":\"https:\\\/\\\/www.metrica.it\\\/fr\\\/produit\\\/pied-a-coulisse-digital-chiffres-geants-11-mm-10026\\\/#primaryimage\"},\"image\":{\"@id\":\"https:\\\/\\\/www.metrica.it\\\/fr\\\/produit\\\/pied-a-coulisse-digital-chiffres-geants-11-mm-10026\\\/#primaryimage\"},\"thumbnailUrl\":\"https:\\\/\\\/www.metrica.it\\\/wp-content\\\/uploads\\\/2025\\\/03\\\/10026.jpg\",\"datePublished\":\"2025-03-22T14:00:54+00:00\",\"dateModified\":\"2025-03-29T12:25:35+00:00\",\"breadcrumb\":{\"@id\":\"https:\\\/\\\/www.metrica.it\\\/fr\\\/produit\\\/pied-a-coulisse-digital-chiffres-geants-11-mm-10026\\\/#breadcrumb\"},\"inLanguage\":\"fr-FR\",\"potentialAction\":[{\"@type\":\"ReadAction\",\"target\":[\"https:\\\/\\\/www.metrica.it\\\/fr\\\/produit\\\/pied-a-coulisse-digital-chiffres-geants-11-mm-10026\\\/\"]}]},{\"@type\":\"ImageObject\",\"inLanguage\":\"fr-FR\",\"@id\":\"https:\\\/\\\/www.metrica.it\\\/fr\\\/produit\\\/pied-a-coulisse-digital-chiffres-geants-11-mm-10026\\\/#primaryimage\",\"url\":\"https:\\\/\\\/www.metrica.it\\\/wp-content\\\/uploads\\\/2025\\\/03\\\/10026.jpg\",\"contentUrl\":\"https:\\\/\\\/www.metrica.it\\\/wp-content\\\/uploads\\\/2025\\\/03\\\/10026.jpg\",\"width\":1200,\"height\":1200},{\"@type\":\"BreadcrumbList\",\"@id\":\"https:\\\/\\\/www.metrica.it\\\/fr\\\/produit\\\/pied-a-coulisse-digital-chiffres-geants-11-mm-10026\\\/#breadcrumb\",\"itemListElement\":[{\"@type\":\"ListItem\",\"position\":1,\"name\":\"Home\",\"item\":\"https:\\\/\\\/www.metrica.it\\\/fr\\\/\"},{\"@type\":\"ListItem\",\"position\":2,\"name\":\"Catalogue\",\"item\":\"https:\\\/\\\/www.metrica.it\\\/fr\\\/catalogue\\\/\"},{\"@type\":\"ListItem\",\"position\":3,\"name\":\"Pied \u00c0 Coulisse Digital &#8211; Chiffres G\u00e9ants (11 Mm)\"}]},{\"@type\":\"WebSite\",\"@id\":\"https:\\\/\\\/www.metrica.it\\\/fr\\\/#website\",\"url\":\"https:\\\/\\\/www.metrica.it\\\/fr\\\/\",\"name\":\"Metrica\",\"description\":\"Made to measure\",\"potentialAction\":[{\"@type\":\"SearchAction\",\"target\":{\"@type\":\"EntryPoint\",\"urlTemplate\":\"https:\\\/\\\/www.metrica.it\\\/fr\\\/?s={search_term_string}\"},\"query-input\":{\"@type\":\"PropertyValueSpecification\",\"valueRequired\":true,\"valueName\":\"search_term_string\"}}],\"inLanguage\":\"fr-FR\"}]}<\/script>","yoast_head_json":{"title":"Pied \u00c0 Coulisse Digital - Chiffres G\u00e9ants (11 Mm) - Metrica","robots":{"index":"index","follow":"follow","max-snippet":"max-snippet:-1","max-image-preview":"max-image-preview:large","max-video-preview":"max-video-preview:-1"},"canonical":"https:\/\/www.metrica.it\/fr\/produit\/pied-a-coulisse-digital-chiffres-geants-11-mm-10026\/","og_locale":"fr_FR","og_type":"article","og_title":"Pied \u00c0 Coulisse Digital - Chiffres G\u00e9ants (11 Mm) - Metrica","og_description":"En acier inox tremp\u00e9 Tige \u00e0 haute sensibilit\u00e9 \"glass sensor\" Chiffres g\u00e9ants (11 mm) 4 fonctions de mesure 3 touches: - On\/Off (manuel) - mise \u00e0 z\u00e9ro pour des mesures de comparaison \u00b1 - conversion mm\/inch Pr\u00e9cision \u00b1 0,02 mm R\u00e9p\u00e9tibilit\u00e9 0,01 mm","og_url":"https:\/\/www.metrica.it\/fr\/produit\/pied-a-coulisse-digital-chiffres-geants-11-mm-10026\/","og_site_name":"Metrica","article_modified_time":"2025-03-29T12:25:35+00:00","og_image":[{"width":1200,"height":1200,"url":"https:\/\/www.metrica.it\/wp-content\/uploads\/2025\/03\/10026.jpg","type":"image\/jpeg"}],"twitter_card":"summary_large_image","twitter_misc":{"Dur\u00e9e de lecture estim\u00e9e":"1 minute"},"schema":{"@context":"https:\/\/schema.org","@graph":[{"@type":"WebPage","@id":"https:\/\/www.metrica.it\/fr\/produit\/pied-a-coulisse-digital-chiffres-geants-11-mm-10026\/","url":"https:\/\/www.metrica.it\/fr\/produit\/pied-a-coulisse-digital-chiffres-geants-11-mm-10026\/","name":"Pied \u00c0 Coulisse Digital - Chiffres G\u00e9ants (11 Mm) - Metrica","isPartOf":{"@id":"https:\/\/www.metrica.it\/fr\/#website"},"primaryImageOfPage":{"@id":"https:\/\/www.metrica.it\/fr\/produit\/pied-a-coulisse-digital-chiffres-geants-11-mm-10026\/#primaryimage"},"image":{"@id":"https:\/\/www.metrica.it\/fr\/produit\/pied-a-coulisse-digital-chiffres-geants-11-mm-10026\/#primaryimage"},"thumbnailUrl":"https:\/\/www.metrica.it\/wp-content\/uploads\/2025\/03\/10026.jpg","datePublished":"2025-03-22T14:00:54+00:00","dateModified":"2025-03-29T12:25:35+00:00","breadcrumb":{"@id":"https:\/\/www.metrica.it\/fr\/produit\/pied-a-coulisse-digital-chiffres-geants-11-mm-10026\/#breadcrumb"},"inLanguage":"fr-FR","potentialAction":[{"@type":"ReadAction","target":["https:\/\/www.metrica.it\/fr\/produit\/pied-a-coulisse-digital-chiffres-geants-11-mm-10026\/"]}]},{"@type":"ImageObject","inLanguage":"fr-FR","@id":"https:\/\/www.metrica.it\/fr\/produit\/pied-a-coulisse-digital-chiffres-geants-11-mm-10026\/#primaryimage","url":"https:\/\/www.metrica.it\/wp-content\/uploads\/2025\/03\/10026.jpg","contentUrl":"https:\/\/www.metrica.it\/wp-content\/uploads\/2025\/03\/10026.jpg","width":1200,"height":1200},{"@type":"BreadcrumbList","@id":"https:\/\/www.metrica.it\/fr\/produit\/pied-a-coulisse-digital-chiffres-geants-11-mm-10026\/#breadcrumb","itemListElement":[{"@type":"ListItem","position":1,"name":"Home","item":"https:\/\/www.metrica.it\/fr\/"},{"@type":"ListItem","position":2,"name":"Catalogue","item":"https:\/\/www.metrica.it\/fr\/catalogue\/"},{"@type":"ListItem","position":3,"name":"Pied \u00c0 Coulisse Digital &#8211; Chiffres G\u00e9ants (11 Mm)"}]},{"@type":"WebSite","@id":"https:\/\/www.metrica.it\/fr\/#website","url":"https:\/\/www.metrica.it\/fr\/","name":"Metrica","description":"Made to measure","potentialAction":[{"@type":"SearchAction","target":{"@type":"EntryPoint","urlTemplate":"https:\/\/www.metrica.it\/fr\/?s={search_term_string}"},"query-input":{"@type":"PropertyValueSpecification","valueRequired":true,"valueName":"search_term_string"}}],"inLanguage":"fr-FR"}]}},"meta_box":{"awr_documentation":[],"awr_manuale":[],"awr_scheda_tecnica":"","awr_youtube_video":"","awr_classe_prodotto":"","awr_customize_product":"0","awr_custom_image":false,"awr_related_products":[{"awr_product_references":"ref:10026|ean:8001066100262|a_mm:150|b_mm:40|unit_misura_mm:0.01|unit_misura_inch:0.0005|pack:1"},{"awr_product_references":"ref:10027|ean:8001066100279|a_mm:200|b_mm:40|unit_misura_mm:0.01|unit_misura_inch:0.0005|pack:1"}],"awr_consumabili":"","awr_alternativi":"10081,10001,10018,10080,10029,","awr_aliases":"10026,10027","awr_skuid":"10026-it"},"_links":{"self":[{"href":"https:\/\/www.metrica.it\/fr\/wp-json\/wp\/v2\/product\/158090","targetHints":{"allow":["GET"]}}],"collection":[{"href":"https:\/\/www.metrica.it\/fr\/wp-json\/wp\/v2\/product"}],"about":[{"href":"https:\/\/www.metrica.it\/fr\/wp-json\/wp\/v2\/types\/product"}],"wp:featuredmedia":[{"embeddable":true,"href":"https:\/\/www.metrica.it\/fr\/wp-json\/wp\/v2\/media\/158085"}],"wp:attachment":[{"href":"https:\/\/www.metrica.it\/fr\/wp-json\/wp\/v2\/media?parent=158090"}],"wp:term":[{"taxonomy":"product_cat","embeddable":true,"href":"https:\/\/www.metrica.it\/fr\/wp-json\/wp\/v2\/product_cat?post=158090"},{"taxonomy":"product_tag","embeddable":true,"href":"https:\/\/www.metrica.it\/fr\/wp-json\/wp\/v2\/product_tag?post=158090"}],"curies":[{"name":"wp","href":"https:\/\/api.w.org\/{rel}","templated":true}]}}