{"id":158099,"date":"2025-03-22T15:01:12","date_gmt":"2025-03-22T14:01:12","guid":{"rendered":"https:\/\/www.metrica.it\/prodotto\/pied-a-couliss-a-cadran-digital\/"},"modified":"2025-03-22T15:01:24","modified_gmt":"2025-03-22T14:01:24","slug":"pied-a-couliss-a-cadran-digital","status":"publish","type":"product","link":"https:\/\/www.metrica.it\/fr\/produit\/pied-a-couliss-a-cadran-digital\/","title":{"rendered":"PIED A COULISS A CADRAN DIGITAL"},"content":{"rendered":"<ul>\n<li>Calibre combin\u00e9 digital et cadran <\/li>\n<li>R\u00e9sistant \u00e0 l&rsquo;eau (IP67), <\/li>\n<li>Capacit\u00e9 0-150MM\/0-6 \u00bb <\/li>\n<li>Lecture 0.01MM\/0.0005 \u00bb<\/li>\n<li>Acier inoxydable tremp\u00e9<\/li>\n<li>4 fonctions de mesure<\/li>\n<li>2 touches:<\/li>\n<li>&#8211; on\/off \/ \u00ab zero \u00bb <\/li>\n<li>&#8211; menu<\/li>\n<li>Pr\u00e9cision \u00b1 0,01 mm<\/li>\n<li>R\u00e9p\u00e9tibilit\u00e9 0,01 mm<\/li>\n<\/ul>\n","protected":false},"excerpt":{"rendered":"<p>Calibre combin\u00e9 digital et cadran <br \/>R\u00e9sistant \u00e0 l&rsquo;eau (IP67), <br \/>Capacit\u00e9 0-150MM\/0-6 \u00bb <br \/>Lecture 0.01MM\/0.0005 \u00bb <br \/>Acier inoxydable tremp\u00e9 <br \/>4 fonctions de mesure <br \/>2 touches: <br \/>&#8211; on\/off \/ \u00ab zero \u00bb <br \/>&#8211; menu <br \/>Pr\u00e9cision \u00b1 0,01 mm <br \/>R\u00e9p\u00e9tibilit\u00e9 0,01 mm <\/p>\n","protected":false},"featured_media":158094,"template":"","meta":[],"product_cat":[641,649],"product_tag":[],"class_list":{"0":"post-158099","1":"product","2":"type-product","3":"status-publish","4":"has-post-thumbnail","6":"product_cat-mesures-mecaniques","7":"product_cat-pieds-a-coulisse","9":"first","10":"instock","11":"sold-individually","12":"product-type-simple"},"yoast_head":"<title>PIED A COULISS A CADRAN DIGITAL - Metrica<\/title>\n<meta name=\"robots\" content=\"index, follow, max-snippet:-1, max-image-preview:large, max-video-preview:-1\" \/>\n<link rel=\"canonical\" href=\"https:\/\/www.metrica.it\/fr\/produit\/pied-a-couliss-a-cadran-digital\/\" \/>\n<meta property=\"og:locale\" content=\"fr_FR\" \/>\n<meta property=\"og:type\" content=\"article\" \/>\n<meta property=\"og:title\" content=\"PIED A COULISS A CADRAN DIGITAL - Metrica\" \/>\n<meta property=\"og:description\" content=\"Calibre combin\u00e9 digital et cadran R\u00e9sistant \u00e0 l&#039;eau (IP67), Capacit\u00e9 0-150MM\/0-6 \u00bb Lecture 0.01MM\/0.0005 \u00bb Acier inoxydable tremp\u00e9 4 fonctions de mesure 2 touches: - on\/off \/ \u00ab zero \u00bb - menu Pr\u00e9cision \u00b1 0,01 mm R\u00e9p\u00e9tibilit\u00e9 0,01 mm\" \/>\n<meta property=\"og:url\" content=\"https:\/\/www.metrica.it\/fr\/produit\/pied-a-couliss-a-cadran-digital\/\" \/>\n<meta property=\"og:site_name\" content=\"Metrica\" \/>\n<meta property=\"article:modified_time\" content=\"2025-03-22T14:01:24+00:00\" \/>\n<meta property=\"og:image\" content=\"https:\/\/www.metrica.it\/wp-content\/uploads\/2025\/03\/10029.jpg\" \/>\n\t<meta property=\"og:image:width\" content=\"1200\" \/>\n\t<meta property=\"og:image:height\" content=\"1200\" \/>\n\t<meta property=\"og:image:type\" content=\"image\/jpeg\" \/>\n<meta name=\"twitter:card\" content=\"summary_large_image\" \/>\n<script type=\"application\/ld+json\" class=\"yoast-schema-graph\">{\"@context\":\"https:\\\/\\\/schema.org\",\"@graph\":[{\"@type\":\"WebPage\",\"@id\":\"https:\\\/\\\/www.metrica.it\\\/fr\\\/produit\\\/pied-a-couliss-a-cadran-digital\\\/\",\"url\":\"https:\\\/\\\/www.metrica.it\\\/fr\\\/produit\\\/pied-a-couliss-a-cadran-digital\\\/\",\"name\":\"PIED A COULISS A CADRAN DIGITAL - Metrica\",\"isPartOf\":{\"@id\":\"https:\\\/\\\/www.metrica.it\\\/fr\\\/#website\"},\"primaryImageOfPage\":{\"@id\":\"https:\\\/\\\/www.metrica.it\\\/fr\\\/produit\\\/pied-a-couliss-a-cadran-digital\\\/#primaryimage\"},\"image\":{\"@id\":\"https:\\\/\\\/www.metrica.it\\\/fr\\\/produit\\\/pied-a-couliss-a-cadran-digital\\\/#primaryimage\"},\"thumbnailUrl\":\"https:\\\/\\\/www.metrica.it\\\/wp-content\\\/uploads\\\/2025\\\/03\\\/10029.jpg\",\"datePublished\":\"2025-03-22T14:01:12+00:00\",\"dateModified\":\"2025-03-22T14:01:24+00:00\",\"breadcrumb\":{\"@id\":\"https:\\\/\\\/www.metrica.it\\\/fr\\\/produit\\\/pied-a-couliss-a-cadran-digital\\\/#breadcrumb\"},\"inLanguage\":\"fr-FR\",\"potentialAction\":[{\"@type\":\"ReadAction\",\"target\":[\"https:\\\/\\\/www.metrica.it\\\/fr\\\/produit\\\/pied-a-couliss-a-cadran-digital\\\/\"]}]},{\"@type\":\"ImageObject\",\"inLanguage\":\"fr-FR\",\"@id\":\"https:\\\/\\\/www.metrica.it\\\/fr\\\/produit\\\/pied-a-couliss-a-cadran-digital\\\/#primaryimage\",\"url\":\"https:\\\/\\\/www.metrica.it\\\/wp-content\\\/uploads\\\/2025\\\/03\\\/10029.jpg\",\"contentUrl\":\"https:\\\/\\\/www.metrica.it\\\/wp-content\\\/uploads\\\/2025\\\/03\\\/10029.jpg\",\"width\":1200,\"height\":1200},{\"@type\":\"BreadcrumbList\",\"@id\":\"https:\\\/\\\/www.metrica.it\\\/fr\\\/produit\\\/pied-a-couliss-a-cadran-digital\\\/#breadcrumb\",\"itemListElement\":[{\"@type\":\"ListItem\",\"position\":1,\"name\":\"Home\",\"item\":\"https:\\\/\\\/www.metrica.it\\\/fr\\\/\"},{\"@type\":\"ListItem\",\"position\":2,\"name\":\"Catalogue\",\"item\":\"https:\\\/\\\/www.metrica.it\\\/fr\\\/catalogue\\\/\"},{\"@type\":\"ListItem\",\"position\":3,\"name\":\"PIED A COULISS A CADRAN DIGITAL\"}]},{\"@type\":\"WebSite\",\"@id\":\"https:\\\/\\\/www.metrica.it\\\/fr\\\/#website\",\"url\":\"https:\\\/\\\/www.metrica.it\\\/fr\\\/\",\"name\":\"Metrica\",\"description\":\"Made to measure\",\"potentialAction\":[{\"@type\":\"SearchAction\",\"target\":{\"@type\":\"EntryPoint\",\"urlTemplate\":\"https:\\\/\\\/www.metrica.it\\\/fr\\\/?s={search_term_string}\"},\"query-input\":{\"@type\":\"PropertyValueSpecification\",\"valueRequired\":true,\"valueName\":\"search_term_string\"}}],\"inLanguage\":\"fr-FR\"}]}<\/script>","yoast_head_json":{"title":"PIED A COULISS A CADRAN DIGITAL - Metrica","robots":{"index":"index","follow":"follow","max-snippet":"max-snippet:-1","max-image-preview":"max-image-preview:large","max-video-preview":"max-video-preview:-1"},"canonical":"https:\/\/www.metrica.it\/fr\/produit\/pied-a-couliss-a-cadran-digital\/","og_locale":"fr_FR","og_type":"article","og_title":"PIED A COULISS A CADRAN DIGITAL - Metrica","og_description":"Calibre combin\u00e9 digital et cadran R\u00e9sistant \u00e0 l'eau (IP67), Capacit\u00e9 0-150MM\/0-6 \u00bb Lecture 0.01MM\/0.0005 \u00bb Acier inoxydable tremp\u00e9 4 fonctions de mesure 2 touches: - on\/off \/ \u00ab zero \u00bb - menu Pr\u00e9cision \u00b1 0,01 mm R\u00e9p\u00e9tibilit\u00e9 0,01 mm","og_url":"https:\/\/www.metrica.it\/fr\/produit\/pied-a-couliss-a-cadran-digital\/","og_site_name":"Metrica","article_modified_time":"2025-03-22T14:01:24+00:00","og_image":[{"width":1200,"height":1200,"url":"https:\/\/www.metrica.it\/wp-content\/uploads\/2025\/03\/10029.jpg","type":"image\/jpeg"}],"twitter_card":"summary_large_image","schema":{"@context":"https:\/\/schema.org","@graph":[{"@type":"WebPage","@id":"https:\/\/www.metrica.it\/fr\/produit\/pied-a-couliss-a-cadran-digital\/","url":"https:\/\/www.metrica.it\/fr\/produit\/pied-a-couliss-a-cadran-digital\/","name":"PIED A COULISS A CADRAN DIGITAL - Metrica","isPartOf":{"@id":"https:\/\/www.metrica.it\/fr\/#website"},"primaryImageOfPage":{"@id":"https:\/\/www.metrica.it\/fr\/produit\/pied-a-couliss-a-cadran-digital\/#primaryimage"},"image":{"@id":"https:\/\/www.metrica.it\/fr\/produit\/pied-a-couliss-a-cadran-digital\/#primaryimage"},"thumbnailUrl":"https:\/\/www.metrica.it\/wp-content\/uploads\/2025\/03\/10029.jpg","datePublished":"2025-03-22T14:01:12+00:00","dateModified":"2025-03-22T14:01:24+00:00","breadcrumb":{"@id":"https:\/\/www.metrica.it\/fr\/produit\/pied-a-couliss-a-cadran-digital\/#breadcrumb"},"inLanguage":"fr-FR","potentialAction":[{"@type":"ReadAction","target":["https:\/\/www.metrica.it\/fr\/produit\/pied-a-couliss-a-cadran-digital\/"]}]},{"@type":"ImageObject","inLanguage":"fr-FR","@id":"https:\/\/www.metrica.it\/fr\/produit\/pied-a-couliss-a-cadran-digital\/#primaryimage","url":"https:\/\/www.metrica.it\/wp-content\/uploads\/2025\/03\/10029.jpg","contentUrl":"https:\/\/www.metrica.it\/wp-content\/uploads\/2025\/03\/10029.jpg","width":1200,"height":1200},{"@type":"BreadcrumbList","@id":"https:\/\/www.metrica.it\/fr\/produit\/pied-a-couliss-a-cadran-digital\/#breadcrumb","itemListElement":[{"@type":"ListItem","position":1,"name":"Home","item":"https:\/\/www.metrica.it\/fr\/"},{"@type":"ListItem","position":2,"name":"Catalogue","item":"https:\/\/www.metrica.it\/fr\/catalogue\/"},{"@type":"ListItem","position":3,"name":"PIED A COULISS A CADRAN DIGITAL"}]},{"@type":"WebSite","@id":"https:\/\/www.metrica.it\/fr\/#website","url":"https:\/\/www.metrica.it\/fr\/","name":"Metrica","description":"Made to measure","potentialAction":[{"@type":"SearchAction","target":{"@type":"EntryPoint","urlTemplate":"https:\/\/www.metrica.it\/fr\/?s={search_term_string}"},"query-input":{"@type":"PropertyValueSpecification","valueRequired":true,"valueName":"search_term_string"}}],"inLanguage":"fr-FR"}]}},"meta_box":{"awr_documentation":[{"filesize":9223779,"ID":"158093","name":"10029.pdf","path":"\/var\/www\/html\/wp-content\/uploads\/2025\/03\/10029.pdf","url":"https:\/\/www.metrica.it\/wp-content\/uploads\/2025\/03\/10029.pdf","title":"10029.pdf"}],"awr_manuale":[],"awr_scheda_tecnica":"","awr_youtube_video":"","awr_classe_prodotto":"","awr_customize_product":"0","awr_custom_image":false,"awr_related_products":[{"awr_product_references":"ref:10029|ean:8001066100293|a_mm:150|b_mm:40|unit_misura_mm:0.01|unit_misura_inch:0.0005|pack:1"}],"awr_consumabili":"","awr_alternativi":"10081,10001,10018,10080,10026","awr_aliases":"10029","awr_skuid":"10029-it"},"_links":{"self":[{"href":"https:\/\/www.metrica.it\/fr\/wp-json\/wp\/v2\/product\/158099","targetHints":{"allow":["GET"]}}],"collection":[{"href":"https:\/\/www.metrica.it\/fr\/wp-json\/wp\/v2\/product"}],"about":[{"href":"https:\/\/www.metrica.it\/fr\/wp-json\/wp\/v2\/types\/product"}],"wp:featuredmedia":[{"embeddable":true,"href":"https:\/\/www.metrica.it\/fr\/wp-json\/wp\/v2\/media\/158094"}],"wp:attachment":[{"href":"https:\/\/www.metrica.it\/fr\/wp-json\/wp\/v2\/media?parent=158099"}],"wp:term":[{"taxonomy":"product_cat","embeddable":true,"href":"https:\/\/www.metrica.it\/fr\/wp-json\/wp\/v2\/product_cat?post=158099"},{"taxonomy":"product_tag","embeddable":true,"href":"https:\/\/www.metrica.it\/fr\/wp-json\/wp\/v2\/product_tag?post=158099"}],"curies":[{"name":"wp","href":"https:\/\/api.w.org\/{rel}","templated":true}]}}