{"id":158123,"date":"2025-03-22T15:01:59","date_gmt":"2025-03-22T14:01:59","guid":{"rendered":"https:\/\/www.metrica.it\/prodotto\/niveau-2-fioles-20cm-all-black-edition\/"},"modified":"2025-03-22T15:02:12","modified_gmt":"2025-03-22T14:02:12","slug":"niveau-2-fioles-20cm-all-black-edition","status":"publish","type":"product","link":"https:\/\/www.metrica.it\/fr\/produit\/niveau-2-fioles-20cm-all-black-edition\/","title":{"rendered":"NIVEAU 2 FIOLES 20CM ALL BLACK EDITION"},"content":{"rendered":"<ul>\n<li> Deux fioles acryliques r\u00e9sistantes aux chocs<\/li>\n<li>20 cm<\/li>\n<li>Embouts en caoutchouc<\/li>\n<li>En aluminium profil\u00e9<\/li>\n<li>Base usin\u00e9e<\/li>\n<li>Pr\u00e9cision: 0,5 mm\/m<\/li>\n<li>R\u00e9f. 31028: base normale<\/li>\n<li>R\u00e9f. 31029: base aimant\u00e9e<\/li>\n<\/ul>\n","protected":false},"excerpt":{"rendered":"<p> Deux fioles acryliques r\u00e9sistantes aux chocs <br \/>20 cm <br \/>Embouts en caoutchouc <br \/>En aluminium profil\u00e9 <br \/>Base usin\u00e9e <br \/>Pr\u00e9cision: 0,5 mm\/m <br \/>R\u00e9f. 31028: base normale <br \/>R\u00e9f. 31029: base aimant\u00e9e <\/p>\n","protected":false},"featured_media":158119,"template":"","meta":[],"product_cat":[550,566],"product_tag":[],"class_list":{"0":"post-158123","1":"product","2":"type-product","3":"status-publish","4":"has-post-thumbnail","6":"product_cat-niveaux","7":"product_cat-niveaux-pour-la-construction","9":"first","10":"instock","11":"sold-individually","12":"product-type-simple"},"yoast_head":"<title>NIVEAU 2 FIOLES 20CM ALL BLACK EDITION - Metrica<\/title>\n<meta name=\"robots\" content=\"index, follow, max-snippet:-1, max-image-preview:large, max-video-preview:-1\" \/>\n<link rel=\"canonical\" href=\"https:\/\/www.metrica.it\/fr\/produit\/niveau-2-fioles-20cm-all-black-edition\/\" \/>\n<meta property=\"og:locale\" content=\"fr_FR\" \/>\n<meta property=\"og:type\" content=\"article\" \/>\n<meta property=\"og:title\" content=\"NIVEAU 2 FIOLES 20CM ALL BLACK EDITION - Metrica\" \/>\n<meta property=\"og:description\" content=\"Deux fioles acryliques r\u00e9sistantes aux chocs 20 cm Embouts en caoutchouc En aluminium profil\u00e9 Base usin\u00e9e Pr\u00e9cision: 0,5 mm\/m R\u00e9f. 31028: base normale R\u00e9f. 31029: base aimant\u00e9e\" \/>\n<meta property=\"og:url\" content=\"https:\/\/www.metrica.it\/fr\/produit\/niveau-2-fioles-20cm-all-black-edition\/\" \/>\n<meta property=\"og:site_name\" content=\"Metrica\" \/>\n<meta property=\"article:modified_time\" content=\"2025-03-22T14:02:12+00:00\" \/>\n<meta property=\"og:image\" content=\"https:\/\/www.metrica.it\/wp-content\/uploads\/2025\/03\/31028.jpg\" \/>\n\t<meta property=\"og:image:width\" content=\"1200\" \/>\n\t<meta property=\"og:image:height\" content=\"1200\" \/>\n\t<meta property=\"og:image:type\" content=\"image\/jpeg\" \/>\n<meta name=\"twitter:card\" content=\"summary_large_image\" \/>\n<script type=\"application\/ld+json\" class=\"yoast-schema-graph\">{\"@context\":\"https:\\\/\\\/schema.org\",\"@graph\":[{\"@type\":\"WebPage\",\"@id\":\"https:\\\/\\\/www.metrica.it\\\/fr\\\/produit\\\/niveau-2-fioles-20cm-all-black-edition\\\/\",\"url\":\"https:\\\/\\\/www.metrica.it\\\/fr\\\/produit\\\/niveau-2-fioles-20cm-all-black-edition\\\/\",\"name\":\"NIVEAU 2 FIOLES 20CM ALL BLACK EDITION - Metrica\",\"isPartOf\":{\"@id\":\"https:\\\/\\\/www.metrica.it\\\/fr\\\/#website\"},\"primaryImageOfPage\":{\"@id\":\"https:\\\/\\\/www.metrica.it\\\/fr\\\/produit\\\/niveau-2-fioles-20cm-all-black-edition\\\/#primaryimage\"},\"image\":{\"@id\":\"https:\\\/\\\/www.metrica.it\\\/fr\\\/produit\\\/niveau-2-fioles-20cm-all-black-edition\\\/#primaryimage\"},\"thumbnailUrl\":\"https:\\\/\\\/www.metrica.it\\\/wp-content\\\/uploads\\\/2025\\\/03\\\/31028.jpg\",\"datePublished\":\"2025-03-22T14:01:59+00:00\",\"dateModified\":\"2025-03-22T14:02:12+00:00\",\"breadcrumb\":{\"@id\":\"https:\\\/\\\/www.metrica.it\\\/fr\\\/produit\\\/niveau-2-fioles-20cm-all-black-edition\\\/#breadcrumb\"},\"inLanguage\":\"fr-FR\",\"potentialAction\":[{\"@type\":\"ReadAction\",\"target\":[\"https:\\\/\\\/www.metrica.it\\\/fr\\\/produit\\\/niveau-2-fioles-20cm-all-black-edition\\\/\"]}]},{\"@type\":\"ImageObject\",\"inLanguage\":\"fr-FR\",\"@id\":\"https:\\\/\\\/www.metrica.it\\\/fr\\\/produit\\\/niveau-2-fioles-20cm-all-black-edition\\\/#primaryimage\",\"url\":\"https:\\\/\\\/www.metrica.it\\\/wp-content\\\/uploads\\\/2025\\\/03\\\/31028.jpg\",\"contentUrl\":\"https:\\\/\\\/www.metrica.it\\\/wp-content\\\/uploads\\\/2025\\\/03\\\/31028.jpg\",\"width\":1200,\"height\":1200},{\"@type\":\"BreadcrumbList\",\"@id\":\"https:\\\/\\\/www.metrica.it\\\/fr\\\/produit\\\/niveau-2-fioles-20cm-all-black-edition\\\/#breadcrumb\",\"itemListElement\":[{\"@type\":\"ListItem\",\"position\":1,\"name\":\"Home\",\"item\":\"https:\\\/\\\/www.metrica.it\\\/fr\\\/\"},{\"@type\":\"ListItem\",\"position\":2,\"name\":\"Catalogue\",\"item\":\"https:\\\/\\\/www.metrica.it\\\/fr\\\/catalogue\\\/\"},{\"@type\":\"ListItem\",\"position\":3,\"name\":\"NIVEAU 2 FIOLES 20CM ALL BLACK EDITION\"}]},{\"@type\":\"WebSite\",\"@id\":\"https:\\\/\\\/www.metrica.it\\\/fr\\\/#website\",\"url\":\"https:\\\/\\\/www.metrica.it\\\/fr\\\/\",\"name\":\"Metrica\",\"description\":\"Made to measure\",\"potentialAction\":[{\"@type\":\"SearchAction\",\"target\":{\"@type\":\"EntryPoint\",\"urlTemplate\":\"https:\\\/\\\/www.metrica.it\\\/fr\\\/?s={search_term_string}\"},\"query-input\":{\"@type\":\"PropertyValueSpecification\",\"valueRequired\":true,\"valueName\":\"search_term_string\"}}],\"inLanguage\":\"fr-FR\"}]}<\/script>","yoast_head_json":{"title":"NIVEAU 2 FIOLES 20CM ALL BLACK EDITION - Metrica","robots":{"index":"index","follow":"follow","max-snippet":"max-snippet:-1","max-image-preview":"max-image-preview:large","max-video-preview":"max-video-preview:-1"},"canonical":"https:\/\/www.metrica.it\/fr\/produit\/niveau-2-fioles-20cm-all-black-edition\/","og_locale":"fr_FR","og_type":"article","og_title":"NIVEAU 2 FIOLES 20CM ALL BLACK EDITION - Metrica","og_description":"Deux fioles acryliques r\u00e9sistantes aux chocs 20 cm Embouts en caoutchouc En aluminium profil\u00e9 Base usin\u00e9e Pr\u00e9cision: 0,5 mm\/m R\u00e9f. 31028: base normale R\u00e9f. 31029: base aimant\u00e9e","og_url":"https:\/\/www.metrica.it\/fr\/produit\/niveau-2-fioles-20cm-all-black-edition\/","og_site_name":"Metrica","article_modified_time":"2025-03-22T14:02:12+00:00","og_image":[{"width":1200,"height":1200,"url":"https:\/\/www.metrica.it\/wp-content\/uploads\/2025\/03\/31028.jpg","type":"image\/jpeg"}],"twitter_card":"summary_large_image","schema":{"@context":"https:\/\/schema.org","@graph":[{"@type":"WebPage","@id":"https:\/\/www.metrica.it\/fr\/produit\/niveau-2-fioles-20cm-all-black-edition\/","url":"https:\/\/www.metrica.it\/fr\/produit\/niveau-2-fioles-20cm-all-black-edition\/","name":"NIVEAU 2 FIOLES 20CM ALL BLACK EDITION - Metrica","isPartOf":{"@id":"https:\/\/www.metrica.it\/fr\/#website"},"primaryImageOfPage":{"@id":"https:\/\/www.metrica.it\/fr\/produit\/niveau-2-fioles-20cm-all-black-edition\/#primaryimage"},"image":{"@id":"https:\/\/www.metrica.it\/fr\/produit\/niveau-2-fioles-20cm-all-black-edition\/#primaryimage"},"thumbnailUrl":"https:\/\/www.metrica.it\/wp-content\/uploads\/2025\/03\/31028.jpg","datePublished":"2025-03-22T14:01:59+00:00","dateModified":"2025-03-22T14:02:12+00:00","breadcrumb":{"@id":"https:\/\/www.metrica.it\/fr\/produit\/niveau-2-fioles-20cm-all-black-edition\/#breadcrumb"},"inLanguage":"fr-FR","potentialAction":[{"@type":"ReadAction","target":["https:\/\/www.metrica.it\/fr\/produit\/niveau-2-fioles-20cm-all-black-edition\/"]}]},{"@type":"ImageObject","inLanguage":"fr-FR","@id":"https:\/\/www.metrica.it\/fr\/produit\/niveau-2-fioles-20cm-all-black-edition\/#primaryimage","url":"https:\/\/www.metrica.it\/wp-content\/uploads\/2025\/03\/31028.jpg","contentUrl":"https:\/\/www.metrica.it\/wp-content\/uploads\/2025\/03\/31028.jpg","width":1200,"height":1200},{"@type":"BreadcrumbList","@id":"https:\/\/www.metrica.it\/fr\/produit\/niveau-2-fioles-20cm-all-black-edition\/#breadcrumb","itemListElement":[{"@type":"ListItem","position":1,"name":"Home","item":"https:\/\/www.metrica.it\/fr\/"},{"@type":"ListItem","position":2,"name":"Catalogue","item":"https:\/\/www.metrica.it\/fr\/catalogue\/"},{"@type":"ListItem","position":3,"name":"NIVEAU 2 FIOLES 20CM ALL BLACK EDITION"}]},{"@type":"WebSite","@id":"https:\/\/www.metrica.it\/fr\/#website","url":"https:\/\/www.metrica.it\/fr\/","name":"Metrica","description":"Made to measure","potentialAction":[{"@type":"SearchAction","target":{"@type":"EntryPoint","urlTemplate":"https:\/\/www.metrica.it\/fr\/?s={search_term_string}"},"query-input":{"@type":"PropertyValueSpecification","valueRequired":true,"valueName":"search_term_string"}}],"inLanguage":"fr-FR"}]}},"meta_box":{"awr_documentation":[],"awr_manuale":[],"awr_scheda_tecnica":"","awr_youtube_video":"","awr_classe_prodotto":"","awr_customize_product":"0","awr_custom_image":false,"awr_related_products":[{"awr_product_references":"ref:31028|l_cm:20|h_mm:50|ean:80010660310289|pack:1"},{"awr_product_references":"ref:31029|l_cm:20|h_mm:50|ean:80010660310296|pack:1"}],"awr_consumabili":"","awr_alternativi":"31027.33.00","awr_aliases":"31028,31029","awr_skuid":"31028-it"},"_links":{"self":[{"href":"https:\/\/www.metrica.it\/fr\/wp-json\/wp\/v2\/product\/158123","targetHints":{"allow":["GET"]}}],"collection":[{"href":"https:\/\/www.metrica.it\/fr\/wp-json\/wp\/v2\/product"}],"about":[{"href":"https:\/\/www.metrica.it\/fr\/wp-json\/wp\/v2\/types\/product"}],"wp:featuredmedia":[{"embeddable":true,"href":"https:\/\/www.metrica.it\/fr\/wp-json\/wp\/v2\/media\/158119"}],"wp:attachment":[{"href":"https:\/\/www.metrica.it\/fr\/wp-json\/wp\/v2\/media?parent=158123"}],"wp:term":[{"taxonomy":"product_cat","embeddable":true,"href":"https:\/\/www.metrica.it\/fr\/wp-json\/wp\/v2\/product_cat?post=158123"},{"taxonomy":"product_tag","embeddable":true,"href":"https:\/\/www.metrica.it\/fr\/wp-json\/wp\/v2\/product_tag?post=158123"}],"curies":[{"name":"wp","href":"https:\/\/api.w.org\/{rel}","templated":true}]}}