{"id":158129,"date":"2025-03-22T15:02:15","date_gmt":"2025-03-22T14:02:15","guid":{"rendered":"https:\/\/www.metrica.it\/prodotto\/modele-de-poche\/"},"modified":"2025-03-22T15:02:22","modified_gmt":"2025-03-22T14:02:22","slug":"modele-de-poche","status":"publish","type":"product","link":"https:\/\/www.metrica.it\/fr\/produit\/modele-de-poche\/","title":{"rendered":"Mod\u00e8le De Poche"},"content":{"rendered":"<ul>\n<li>Bo\u00eetier noir en ABS \u00e0 forme \u00e9rgonomique<\/li>\n<li>Blocage et rentr\u00e9e automatique du ruban<\/li>\n<li>Avec clip<\/li>\n<\/ul>\n","protected":false},"excerpt":{"rendered":"<p>Bo\u00eetier noir en ABS \u00e0 forme \u00e9rgonomique <br \/>Blocage et rentr\u00e9e automatique du ruban <br \/>Avec clip <\/p>\n","protected":false},"featured_media":158126,"template":"","meta":[],"product_cat":[49,590],"product_tag":[],"class_list":{"0":"post-158129","1":"product","2":"type-product","3":"status-publish","4":"has-post-thumbnail","6":"product_cat-mesures-de-longueur","7":"product_cat-metres-a-ruban","9":"first","10":"instock","11":"sold-individually","12":"product-type-simple"},"yoast_head":"<title>Mod\u00e8le De Poche - Metrica<\/title>\n<meta name=\"robots\" content=\"index, follow, max-snippet:-1, max-image-preview:large, max-video-preview:-1\" \/>\n<link rel=\"canonical\" href=\"https:\/\/www.metrica.it\/fr\/produit\/modele-de-poche\/\" \/>\n<meta property=\"og:locale\" content=\"fr_FR\" \/>\n<meta property=\"og:type\" content=\"article\" \/>\n<meta property=\"og:title\" content=\"Mod\u00e8le De Poche - Metrica\" \/>\n<meta property=\"og:description\" content=\"Bo\u00eetier noir en ABS \u00e0 forme \u00e9rgonomique Blocage et rentr\u00e9e automatique du ruban Avec clip\" \/>\n<meta property=\"og:url\" content=\"https:\/\/www.metrica.it\/fr\/produit\/modele-de-poche\/\" \/>\n<meta property=\"og:site_name\" content=\"Metrica\" \/>\n<meta property=\"article:modified_time\" content=\"2025-03-22T14:02:22+00:00\" \/>\n<meta property=\"og:image\" content=\"https:\/\/www.metrica.it\/wp-content\/uploads\/2025\/03\/38042.jpg\" \/>\n\t<meta property=\"og:image:width\" content=\"1200\" \/>\n\t<meta property=\"og:image:height\" content=\"1200\" \/>\n\t<meta property=\"og:image:type\" content=\"image\/jpeg\" \/>\n<meta name=\"twitter:card\" content=\"summary_large_image\" \/>\n<script type=\"application\/ld+json\" class=\"yoast-schema-graph\">{\"@context\":\"https:\\\/\\\/schema.org\",\"@graph\":[{\"@type\":\"WebPage\",\"@id\":\"https:\\\/\\\/www.metrica.it\\\/fr\\\/produit\\\/modele-de-poche\\\/\",\"url\":\"https:\\\/\\\/www.metrica.it\\\/fr\\\/produit\\\/modele-de-poche\\\/\",\"name\":\"Mod\u00e8le De Poche - Metrica\",\"isPartOf\":{\"@id\":\"https:\\\/\\\/www.metrica.it\\\/fr\\\/#website\"},\"primaryImageOfPage\":{\"@id\":\"https:\\\/\\\/www.metrica.it\\\/fr\\\/produit\\\/modele-de-poche\\\/#primaryimage\"},\"image\":{\"@id\":\"https:\\\/\\\/www.metrica.it\\\/fr\\\/produit\\\/modele-de-poche\\\/#primaryimage\"},\"thumbnailUrl\":\"https:\\\/\\\/www.metrica.it\\\/wp-content\\\/uploads\\\/2025\\\/03\\\/38042.jpg\",\"datePublished\":\"2025-03-22T14:02:15+00:00\",\"dateModified\":\"2025-03-22T14:02:22+00:00\",\"breadcrumb\":{\"@id\":\"https:\\\/\\\/www.metrica.it\\\/fr\\\/produit\\\/modele-de-poche\\\/#breadcrumb\"},\"inLanguage\":\"fr-FR\",\"potentialAction\":[{\"@type\":\"ReadAction\",\"target\":[\"https:\\\/\\\/www.metrica.it\\\/fr\\\/produit\\\/modele-de-poche\\\/\"]}]},{\"@type\":\"ImageObject\",\"inLanguage\":\"fr-FR\",\"@id\":\"https:\\\/\\\/www.metrica.it\\\/fr\\\/produit\\\/modele-de-poche\\\/#primaryimage\",\"url\":\"https:\\\/\\\/www.metrica.it\\\/wp-content\\\/uploads\\\/2025\\\/03\\\/38042.jpg\",\"contentUrl\":\"https:\\\/\\\/www.metrica.it\\\/wp-content\\\/uploads\\\/2025\\\/03\\\/38042.jpg\",\"width\":1200,\"height\":1200},{\"@type\":\"BreadcrumbList\",\"@id\":\"https:\\\/\\\/www.metrica.it\\\/fr\\\/produit\\\/modele-de-poche\\\/#breadcrumb\",\"itemListElement\":[{\"@type\":\"ListItem\",\"position\":1,\"name\":\"Home\",\"item\":\"https:\\\/\\\/www.metrica.it\\\/fr\\\/\"},{\"@type\":\"ListItem\",\"position\":2,\"name\":\"Catalogue\",\"item\":\"https:\\\/\\\/www.metrica.it\\\/fr\\\/catalogue\\\/\"},{\"@type\":\"ListItem\",\"position\":3,\"name\":\"Mod\u00e8le De Poche\"}]},{\"@type\":\"WebSite\",\"@id\":\"https:\\\/\\\/www.metrica.it\\\/fr\\\/#website\",\"url\":\"https:\\\/\\\/www.metrica.it\\\/fr\\\/\",\"name\":\"Metrica\",\"description\":\"Made to measure\",\"potentialAction\":[{\"@type\":\"SearchAction\",\"target\":{\"@type\":\"EntryPoint\",\"urlTemplate\":\"https:\\\/\\\/www.metrica.it\\\/fr\\\/?s={search_term_string}\"},\"query-input\":{\"@type\":\"PropertyValueSpecification\",\"valueRequired\":true,\"valueName\":\"search_term_string\"}}],\"inLanguage\":\"fr-FR\"}]}<\/script>","yoast_head_json":{"title":"Mod\u00e8le De Poche - Metrica","robots":{"index":"index","follow":"follow","max-snippet":"max-snippet:-1","max-image-preview":"max-image-preview:large","max-video-preview":"max-video-preview:-1"},"canonical":"https:\/\/www.metrica.it\/fr\/produit\/modele-de-poche\/","og_locale":"fr_FR","og_type":"article","og_title":"Mod\u00e8le De Poche - Metrica","og_description":"Bo\u00eetier noir en ABS \u00e0 forme \u00e9rgonomique Blocage et rentr\u00e9e automatique du ruban Avec clip","og_url":"https:\/\/www.metrica.it\/fr\/produit\/modele-de-poche\/","og_site_name":"Metrica","article_modified_time":"2025-03-22T14:02:22+00:00","og_image":[{"width":1200,"height":1200,"url":"https:\/\/www.metrica.it\/wp-content\/uploads\/2025\/03\/38042.jpg","type":"image\/jpeg"}],"twitter_card":"summary_large_image","schema":{"@context":"https:\/\/schema.org","@graph":[{"@type":"WebPage","@id":"https:\/\/www.metrica.it\/fr\/produit\/modele-de-poche\/","url":"https:\/\/www.metrica.it\/fr\/produit\/modele-de-poche\/","name":"Mod\u00e8le De Poche - Metrica","isPartOf":{"@id":"https:\/\/www.metrica.it\/fr\/#website"},"primaryImageOfPage":{"@id":"https:\/\/www.metrica.it\/fr\/produit\/modele-de-poche\/#primaryimage"},"image":{"@id":"https:\/\/www.metrica.it\/fr\/produit\/modele-de-poche\/#primaryimage"},"thumbnailUrl":"https:\/\/www.metrica.it\/wp-content\/uploads\/2025\/03\/38042.jpg","datePublished":"2025-03-22T14:02:15+00:00","dateModified":"2025-03-22T14:02:22+00:00","breadcrumb":{"@id":"https:\/\/www.metrica.it\/fr\/produit\/modele-de-poche\/#breadcrumb"},"inLanguage":"fr-FR","potentialAction":[{"@type":"ReadAction","target":["https:\/\/www.metrica.it\/fr\/produit\/modele-de-poche\/"]}]},{"@type":"ImageObject","inLanguage":"fr-FR","@id":"https:\/\/www.metrica.it\/fr\/produit\/modele-de-poche\/#primaryimage","url":"https:\/\/www.metrica.it\/wp-content\/uploads\/2025\/03\/38042.jpg","contentUrl":"https:\/\/www.metrica.it\/wp-content\/uploads\/2025\/03\/38042.jpg","width":1200,"height":1200},{"@type":"BreadcrumbList","@id":"https:\/\/www.metrica.it\/fr\/produit\/modele-de-poche\/#breadcrumb","itemListElement":[{"@type":"ListItem","position":1,"name":"Home","item":"https:\/\/www.metrica.it\/fr\/"},{"@type":"ListItem","position":2,"name":"Catalogue","item":"https:\/\/www.metrica.it\/fr\/catalogue\/"},{"@type":"ListItem","position":3,"name":"Mod\u00e8le De Poche"}]},{"@type":"WebSite","@id":"https:\/\/www.metrica.it\/fr\/#website","url":"https:\/\/www.metrica.it\/fr\/","name":"Metrica","description":"Made to measure","potentialAction":[{"@type":"SearchAction","target":{"@type":"EntryPoint","urlTemplate":"https:\/\/www.metrica.it\/fr\/?s={search_term_string}"},"query-input":{"@type":"PropertyValueSpecification","valueRequired":true,"valueName":"search_term_string"}}],"inLanguage":"fr-FR"}]}},"meta_box":{"awr_documentation":[],"awr_manuale":[],"awr_scheda_tecnica":"","awr_youtube_video":"","awr_classe_prodotto":"CE_2","awr_customize_product":"1","awr_custom_image":{"width":96,"height":96,"file":"2025\/03\/98044.jpg","filesize":497065,"sizes":{"hongo-product-icon-image":{"file":"98044-64x64.jpg","width":64,"height":64,"mime-type":"image\/jpeg","filesize":31872,"url":"https:\/\/www.metrica.it\/wp-content\/uploads\/2025\/03\/98044-64x64.jpg"},"hongo-product-small-image":{"file":"98044-84x84.jpg","width":84,"height":84,"mime-type":"image\/jpeg","filesize":32646,"url":"https:\/\/www.metrica.it\/wp-content\/uploads\/2025\/03\/98044-84x84.jpg"},"hongo-medium-image":{"file":"98044-450x450.jpg","width":450,"height":450,"mime-type":"image\/jpeg","filesize":62572,"url":"https:\/\/www.metrica.it\/wp-content\/uploads\/2025\/03\/98044-450x450.jpg"},"post-thumbnail":{"file":"98044-790x790.jpg","width":790,"height":790,"mime-type":"image\/jpeg","filesize":108560,"url":"https:\/\/www.metrica.it\/wp-content\/uploads\/2025\/03\/98044-790x790.jpg"},"dgwt-wcas-product-suggestion":{"file":"98044-64x64.jpg","width":64,"height":64,"mime-type":"image\/jpeg","filesize":31872,"url":"https:\/\/www.metrica.it\/wp-content\/uploads\/2025\/03\/98044-64x64.jpg"},"hongo-shop-image":{"file":"98044-660x660.jpg","width":660,"height":660,"mime-type":"image\/jpeg","filesize":89036,"url":"https:\/\/www.metrica.it\/wp-content\/uploads\/2025\/03\/98044-660x660.jpg"}},"image_meta":{"aperture":"0","credit":"","camera":"","caption":"","created_timestamp":"0","copyright":"","focal_length":"0","iso":"0","shutter_speed":"0","title":"","orientation":"1","keywords":[]},"ID":"244089","name":"98044.jpg","path":"\/var\/www\/html\/wp-content\/uploads\/2025\/03\/98044.jpg","url":"https:\/\/www.metrica.it\/wp-content\/uploads\/2025\/03\/98044.jpg","full_url":"https:\/\/www.metrica.it\/wp-content\/uploads\/2025\/03\/98044.jpg","title":"98044","caption":"","description":"","alt":"","srcset":"https:\/\/www.metrica.it\/wp-content\/uploads\/2025\/03\/98044.jpg 1200w, https:\/\/www.metrica.it\/wp-content\/uploads\/2025\/03\/98044-64x64.jpg 64w, https:\/\/www.metrica.it\/wp-content\/uploads\/2025\/03\/98044-84x84.jpg 84w, https:\/\/www.metrica.it\/wp-content\/uploads\/2025\/03\/98044-450x450.jpg 450w, https:\/\/www.metrica.it\/wp-content\/uploads\/2025\/03\/98044-790x790.jpg 790w, https:\/\/www.metrica.it\/wp-content\/uploads\/2025\/03\/98044-660x660.jpg 660w"},"awr_related_products":[{"awr_product_references":"ref:38042|ean:8001066380428|l:2m|larghezza:13mm|unit_misura:mm|b_mm:55|pack:12"},{"awr_product_references":"ref:38043|ean: 8001066380435|l:3m|larghezza:16mm|unit_misura:mm|b_mm:55|pack:12"},{"awr_product_references":"ref:38044|ean: 8001066380442|l:5m|larghezza:19mm|unit_misura:mm|b_mm:64|pack:12"},{"awr_product_references":"ref:08042|ean: 8001066080427|l:2m|larghezza:13mm|unit_misura:mm|b_mm:55|num_pz_gdo:12"},{"awr_product_references":"ref:08043|ean: 8001066080434|l:3m|larghezza:16mm|unit_misura:mm|b_mm:55|num_pz_gdo:12"},{"awr_product_references":"ref:08044|ean: 8001066080441|l:5m|larghezza:19mm|unit_misura:mm|b_mm:64|num_pz_gdo:12"}],"awr_consumabili":"","awr_alternativi":"38362H","awr_aliases":"38042,38043,38044,08042,08043,08044","awr_skuid":"38042-it"},"_links":{"self":[{"href":"https:\/\/www.metrica.it\/fr\/wp-json\/wp\/v2\/product\/158129","targetHints":{"allow":["GET"]}}],"collection":[{"href":"https:\/\/www.metrica.it\/fr\/wp-json\/wp\/v2\/product"}],"about":[{"href":"https:\/\/www.metrica.it\/fr\/wp-json\/wp\/v2\/types\/product"}],"wp:featuredmedia":[{"embeddable":true,"href":"https:\/\/www.metrica.it\/fr\/wp-json\/wp\/v2\/media\/158126"}],"wp:attachment":[{"href":"https:\/\/www.metrica.it\/fr\/wp-json\/wp\/v2\/media?parent=158129"}],"wp:term":[{"taxonomy":"product_cat","embeddable":true,"href":"https:\/\/www.metrica.it\/fr\/wp-json\/wp\/v2\/product_cat?post=158129"},{"taxonomy":"product_tag","embeddable":true,"href":"https:\/\/www.metrica.it\/fr\/wp-json\/wp\/v2\/product_tag?post=158129"}],"curies":[{"name":"wp","href":"https:\/\/api.w.org\/{rel}","templated":true}]}}