{"id":158161,"date":"2025-03-22T15:03:12","date_gmt":"2025-03-22T14:03:12","guid":{"rendered":"https:\/\/www.metrica.it\/prodotto\/incligrad-mini\/"},"modified":"2025-03-22T15:03:28","modified_gmt":"2025-03-22T14:03:28","slug":"incligrad-mini","status":"publish","type":"product","link":"https:\/\/www.metrica.it\/fr\/produit\/incligrad-mini\/","title":{"rendered":"INCLIGRAD MINI"},"content":{"rendered":"<ul>\n<li>\u00c9cran LCD avec chiffres g\u00e9ants et r\u00e9tro\u00e9clair\u00e9<\/li>\n<li>Rotation automatique de l&rsquo;\u00e9cran \u00e0 180\u00b0 et indication par fl\u00e8ches pour trouver le point 0 (niveau plus facilement)<\/li>\n<li>Mesure 4 x 90\u00b0 avec une pr\u00e9cision de \u00b1 0,2\u00b0<\/li>\n<li>Fonction mesure absolue<\/li>\n<li>Valeurs de mesure en \u00b0 ou en %<\/li>\n<li>\u00c9quip\u00e9 d&rsquo;aimants sur le 4 c\u00f4t\u00e9s<\/li>\n<li>Accu Li-ion rechargeable sur port USB-C<\/li>\n<\/ul>\n","protected":false},"excerpt":{"rendered":"<p>\u00c9cran LCD avec chiffres g\u00e9ants et r\u00e9tro\u00e9clair\u00e9 <br \/>Rotation automatique de l&rsquo;\u00e9cran \u00e0 180\u00b0 et indication par fl\u00e8ches pour trouver le point 0 (niveau plus facilement) <br \/>Mesure 4 x 90\u00b0 avec une pr\u00e9cision de \u00b1 0,2\u00b0 <br \/>Fonction mesure absolue <br \/>Valeurs de mesure en \u00b0 ou en % <br \/>\u00c9quip\u00e9 d&rsquo;aimants sur le 4 c\u00f4t\u00e9s <br \/>Accu Li-ion rechargeable sur port USB-C <\/p>\n","protected":false},"featured_media":158155,"template":"","meta":[],"product_cat":[621,629],"product_tag":[],"class_list":{"0":"post-158161","1":"product","2":"type-product","3":"status-publish","4":"has-post-thumbnail","6":"product_cat-mesures-dangles","7":"product_cat-rapporteurs-dangle-fr","9":"first","10":"instock","11":"sold-individually","12":"product-type-simple"},"yoast_head":"<title>INCLIGRAD MINI - Metrica<\/title>\n<meta name=\"robots\" content=\"index, follow, max-snippet:-1, max-image-preview:large, max-video-preview:-1\" \/>\n<link rel=\"canonical\" href=\"https:\/\/www.metrica.it\/fr\/produit\/incligrad-mini\/\" \/>\n<meta property=\"og:locale\" content=\"fr_FR\" \/>\n<meta property=\"og:type\" content=\"article\" \/>\n<meta property=\"og:title\" content=\"INCLIGRAD MINI - Metrica\" \/>\n<meta property=\"og:description\" content=\"\u00c9cran LCD avec chiffres g\u00e9ants et r\u00e9tro\u00e9clair\u00e9 Rotation automatique de l&#039;\u00e9cran \u00e0 180\u00b0 et indication par fl\u00e8ches pour trouver le point 0 (niveau plus facilement) Mesure 4 x 90\u00b0 avec une pr\u00e9cision de \u00b1 0,2\u00b0 Fonction mesure absolue Valeurs de mesure en \u00b0 ou en % \u00c9quip\u00e9 d&#039;aimants sur le 4 c\u00f4t\u00e9s Accu Li-ion rechargeable sur port USB-C\" \/>\n<meta property=\"og:url\" content=\"https:\/\/www.metrica.it\/fr\/produit\/incligrad-mini\/\" \/>\n<meta property=\"og:site_name\" content=\"Metrica\" \/>\n<meta property=\"article:modified_time\" content=\"2025-03-22T14:03:28+00:00\" \/>\n<meta property=\"og:image\" content=\"https:\/\/www.metrica.it\/wp-content\/uploads\/2025\/03\/60295.jpg\" \/>\n\t<meta property=\"og:image:width\" content=\"1200\" \/>\n\t<meta property=\"og:image:height\" content=\"1200\" \/>\n\t<meta property=\"og:image:type\" content=\"image\/jpeg\" \/>\n<meta name=\"twitter:card\" content=\"summary_large_image\" \/>\n<script type=\"application\/ld+json\" class=\"yoast-schema-graph\">{\"@context\":\"https:\\\/\\\/schema.org\",\"@graph\":[{\"@type\":\"WebPage\",\"@id\":\"https:\\\/\\\/www.metrica.it\\\/fr\\\/produit\\\/incligrad-mini\\\/\",\"url\":\"https:\\\/\\\/www.metrica.it\\\/fr\\\/produit\\\/incligrad-mini\\\/\",\"name\":\"INCLIGRAD MINI - Metrica\",\"isPartOf\":{\"@id\":\"https:\\\/\\\/www.metrica.it\\\/fr\\\/#website\"},\"primaryImageOfPage\":{\"@id\":\"https:\\\/\\\/www.metrica.it\\\/fr\\\/produit\\\/incligrad-mini\\\/#primaryimage\"},\"image\":{\"@id\":\"https:\\\/\\\/www.metrica.it\\\/fr\\\/produit\\\/incligrad-mini\\\/#primaryimage\"},\"thumbnailUrl\":\"https:\\\/\\\/www.metrica.it\\\/wp-content\\\/uploads\\\/2025\\\/03\\\/60295.jpg\",\"datePublished\":\"2025-03-22T14:03:12+00:00\",\"dateModified\":\"2025-03-22T14:03:28+00:00\",\"breadcrumb\":{\"@id\":\"https:\\\/\\\/www.metrica.it\\\/fr\\\/produit\\\/incligrad-mini\\\/#breadcrumb\"},\"inLanguage\":\"fr-FR\",\"potentialAction\":[{\"@type\":\"ReadAction\",\"target\":[\"https:\\\/\\\/www.metrica.it\\\/fr\\\/produit\\\/incligrad-mini\\\/\"]}]},{\"@type\":\"ImageObject\",\"inLanguage\":\"fr-FR\",\"@id\":\"https:\\\/\\\/www.metrica.it\\\/fr\\\/produit\\\/incligrad-mini\\\/#primaryimage\",\"url\":\"https:\\\/\\\/www.metrica.it\\\/wp-content\\\/uploads\\\/2025\\\/03\\\/60295.jpg\",\"contentUrl\":\"https:\\\/\\\/www.metrica.it\\\/wp-content\\\/uploads\\\/2025\\\/03\\\/60295.jpg\",\"width\":1200,\"height\":1200},{\"@type\":\"BreadcrumbList\",\"@id\":\"https:\\\/\\\/www.metrica.it\\\/fr\\\/produit\\\/incligrad-mini\\\/#breadcrumb\",\"itemListElement\":[{\"@type\":\"ListItem\",\"position\":1,\"name\":\"Home\",\"item\":\"https:\\\/\\\/www.metrica.it\\\/fr\\\/\"},{\"@type\":\"ListItem\",\"position\":2,\"name\":\"Catalogue\",\"item\":\"https:\\\/\\\/www.metrica.it\\\/fr\\\/catalogue\\\/\"},{\"@type\":\"ListItem\",\"position\":3,\"name\":\"INCLIGRAD MINI\"}]},{\"@type\":\"WebSite\",\"@id\":\"https:\\\/\\\/www.metrica.it\\\/fr\\\/#website\",\"url\":\"https:\\\/\\\/www.metrica.it\\\/fr\\\/\",\"name\":\"Metrica\",\"description\":\"Made to measure\",\"potentialAction\":[{\"@type\":\"SearchAction\",\"target\":{\"@type\":\"EntryPoint\",\"urlTemplate\":\"https:\\\/\\\/www.metrica.it\\\/fr\\\/?s={search_term_string}\"},\"query-input\":{\"@type\":\"PropertyValueSpecification\",\"valueRequired\":true,\"valueName\":\"search_term_string\"}}],\"inLanguage\":\"fr-FR\"}]}<\/script>","yoast_head_json":{"title":"INCLIGRAD MINI - Metrica","robots":{"index":"index","follow":"follow","max-snippet":"max-snippet:-1","max-image-preview":"max-image-preview:large","max-video-preview":"max-video-preview:-1"},"canonical":"https:\/\/www.metrica.it\/fr\/produit\/incligrad-mini\/","og_locale":"fr_FR","og_type":"article","og_title":"INCLIGRAD MINI - Metrica","og_description":"\u00c9cran LCD avec chiffres g\u00e9ants et r\u00e9tro\u00e9clair\u00e9 Rotation automatique de l'\u00e9cran \u00e0 180\u00b0 et indication par fl\u00e8ches pour trouver le point 0 (niveau plus facilement) Mesure 4 x 90\u00b0 avec une pr\u00e9cision de \u00b1 0,2\u00b0 Fonction mesure absolue Valeurs de mesure en \u00b0 ou en % \u00c9quip\u00e9 d'aimants sur le 4 c\u00f4t\u00e9s Accu Li-ion rechargeable sur port USB-C","og_url":"https:\/\/www.metrica.it\/fr\/produit\/incligrad-mini\/","og_site_name":"Metrica","article_modified_time":"2025-03-22T14:03:28+00:00","og_image":[{"width":1200,"height":1200,"url":"https:\/\/www.metrica.it\/wp-content\/uploads\/2025\/03\/60295.jpg","type":"image\/jpeg"}],"twitter_card":"summary_large_image","schema":{"@context":"https:\/\/schema.org","@graph":[{"@type":"WebPage","@id":"https:\/\/www.metrica.it\/fr\/produit\/incligrad-mini\/","url":"https:\/\/www.metrica.it\/fr\/produit\/incligrad-mini\/","name":"INCLIGRAD MINI - Metrica","isPartOf":{"@id":"https:\/\/www.metrica.it\/fr\/#website"},"primaryImageOfPage":{"@id":"https:\/\/www.metrica.it\/fr\/produit\/incligrad-mini\/#primaryimage"},"image":{"@id":"https:\/\/www.metrica.it\/fr\/produit\/incligrad-mini\/#primaryimage"},"thumbnailUrl":"https:\/\/www.metrica.it\/wp-content\/uploads\/2025\/03\/60295.jpg","datePublished":"2025-03-22T14:03:12+00:00","dateModified":"2025-03-22T14:03:28+00:00","breadcrumb":{"@id":"https:\/\/www.metrica.it\/fr\/produit\/incligrad-mini\/#breadcrumb"},"inLanguage":"fr-FR","potentialAction":[{"@type":"ReadAction","target":["https:\/\/www.metrica.it\/fr\/produit\/incligrad-mini\/"]}]},{"@type":"ImageObject","inLanguage":"fr-FR","@id":"https:\/\/www.metrica.it\/fr\/produit\/incligrad-mini\/#primaryimage","url":"https:\/\/www.metrica.it\/wp-content\/uploads\/2025\/03\/60295.jpg","contentUrl":"https:\/\/www.metrica.it\/wp-content\/uploads\/2025\/03\/60295.jpg","width":1200,"height":1200},{"@type":"BreadcrumbList","@id":"https:\/\/www.metrica.it\/fr\/produit\/incligrad-mini\/#breadcrumb","itemListElement":[{"@type":"ListItem","position":1,"name":"Home","item":"https:\/\/www.metrica.it\/fr\/"},{"@type":"ListItem","position":2,"name":"Catalogue","item":"https:\/\/www.metrica.it\/fr\/catalogue\/"},{"@type":"ListItem","position":3,"name":"INCLIGRAD MINI"}]},{"@type":"WebSite","@id":"https:\/\/www.metrica.it\/fr\/#website","url":"https:\/\/www.metrica.it\/fr\/","name":"Metrica","description":"Made to measure","potentialAction":[{"@type":"SearchAction","target":{"@type":"EntryPoint","urlTemplate":"https:\/\/www.metrica.it\/fr\/?s={search_term_string}"},"query-input":{"@type":"PropertyValueSpecification","valueRequired":true,"valueName":"search_term_string"}}],"inLanguage":"fr-FR"}]}},"meta_box":{"awr_documentation":[{"filesize":16865153,"ID":"158154","name":"60295.pdf","path":"\/var\/www\/html\/wp-content\/uploads\/2025\/03\/60295.pdf","url":"https:\/\/www.metrica.it\/wp-content\/uploads\/2025\/03\/60295.pdf","title":"60295.pdf"}],"awr_manuale":[],"awr_scheda_tecnica":"","awr_youtube_video":"","awr_classe_prodotto":"","awr_customize_product":"0","awr_custom_image":false,"awr_related_products":[{"awr_product_references":"ref:60295|a_mm:62|b_mm:62|ean:80010660602957|pack:1"}],"awr_consumabili":"","awr_alternativi":"60296","awr_aliases":"60295","awr_skuid":"60295-it"},"_links":{"self":[{"href":"https:\/\/www.metrica.it\/fr\/wp-json\/wp\/v2\/product\/158161","targetHints":{"allow":["GET"]}}],"collection":[{"href":"https:\/\/www.metrica.it\/fr\/wp-json\/wp\/v2\/product"}],"about":[{"href":"https:\/\/www.metrica.it\/fr\/wp-json\/wp\/v2\/types\/product"}],"wp:featuredmedia":[{"embeddable":true,"href":"https:\/\/www.metrica.it\/fr\/wp-json\/wp\/v2\/media\/158155"}],"wp:attachment":[{"href":"https:\/\/www.metrica.it\/fr\/wp-json\/wp\/v2\/media?parent=158161"}],"wp:term":[{"taxonomy":"product_cat","embeddable":true,"href":"https:\/\/www.metrica.it\/fr\/wp-json\/wp\/v2\/product_cat?post=158161"},{"taxonomy":"product_tag","embeddable":true,"href":"https:\/\/www.metrica.it\/fr\/wp-json\/wp\/v2\/product_tag?post=158161"}],"curies":[{"name":"wp","href":"https:\/\/api.w.org\/{rel}","templated":true}]}}