{"id":158169,"date":"2025-03-22T15:03:31","date_gmt":"2025-03-22T14:03:31","guid":{"rendered":"https:\/\/www.metrica.it\/prodotto\/detecteur-mural-multifonctions\/"},"modified":"2025-03-22T15:05:15","modified_gmt":"2025-03-22T14:05:15","slug":"detecteur-mural-multifonctions","status":"publish","type":"product","link":"https:\/\/www.metrica.it\/fr\/produit\/detecteur-mural-multifonctions\/","title":{"rendered":"D\u00c9TECTEUR MURAL MULTIFONCTIONS"},"content":{"rendered":"<ul>\n<li>D\u00e9tecteur de m\u00e9taux, bois et c\u00e2bles \u00e9lectriques<\/li>\n<li>Indication de la profondeur de d\u00e9tection: jusqu\u2019\u00e0 8 cm pour le m\u00e9tal, 2 cm pour le bois et 5 cm pour les c\u00e2bles sous tension<\/li>\n<li>Affichage de la profondeur du point central<\/li>\n<li>Fonction de d\u00e9tection \u00e0 haute sensibilit\u00e9<\/li>\n<li>Calibrage automatique<\/li>\n<li>\u00c9cran retro-illumin\u00e9<\/li>\n<\/ul>\n","protected":false},"excerpt":{"rendered":"<p>D\u00e9tecteur de m\u00e9taux, bois et c\u00e2bles \u00e9lectriques <br \/>Indication de la profondeur de d\u00e9tection: jusqu\u2019\u00e0 8 cm pour le m\u00e9tal, 2 cm pour le bois et 5 cm pour les c\u00e2bles sous tension <br \/>Affichage de la profondeur du point central <br \/>Fonction de d\u00e9tection \u00e0 haute sensibilit\u00e9 <br \/>Calibrage automatique <br \/>\u00c9cran retro-illumin\u00e9 <\/p>\n","protected":false},"featured_media":158165,"template":"","meta":[],"product_cat":[515,534],"product_tag":[],"class_list":{"0":"post-158169","1":"product","2":"type-product","3":"status-publish","4":"has-post-thumbnail","6":"product_cat-laser-et-cameras-thermiques","7":"product_cat-mesureurs","9":"first","10":"instock","11":"sold-individually","12":"product-type-simple"},"yoast_head":"<title>D\u00c9TECTEUR MURAL MULTIFONCTIONS - Metrica<\/title>\n<meta name=\"robots\" content=\"index, follow, max-snippet:-1, max-image-preview:large, max-video-preview:-1\" \/>\n<link rel=\"canonical\" href=\"https:\/\/www.metrica.it\/fr\/produit\/detecteur-mural-multifonctions\/\" \/>\n<meta property=\"og:locale\" content=\"fr_FR\" \/>\n<meta property=\"og:type\" content=\"article\" \/>\n<meta property=\"og:title\" content=\"D\u00c9TECTEUR MURAL MULTIFONCTIONS - Metrica\" \/>\n<meta property=\"og:description\" content=\"D\u00e9tecteur de m\u00e9taux, bois et c\u00e2bles \u00e9lectriques Indication de la profondeur de d\u00e9tection: jusqu\u2019\u00e0 8 cm pour le m\u00e9tal, 2 cm pour le bois et 5 cm pour les c\u00e2bles sous tension Affichage de la profondeur du point central Fonction de d\u00e9tection \u00e0 haute sensibilit\u00e9 Calibrage automatique \u00c9cran retro-illumin\u00e9\" \/>\n<meta property=\"og:url\" content=\"https:\/\/www.metrica.it\/fr\/produit\/detecteur-mural-multifonctions\/\" \/>\n<meta property=\"og:site_name\" content=\"Metrica\" \/>\n<meta property=\"article:modified_time\" content=\"2025-03-22T14:05:15+00:00\" \/>\n<meta property=\"og:image\" content=\"https:\/\/www.metrica.it\/wp-content\/uploads\/2025\/03\/61532.jpg\" \/>\n\t<meta property=\"og:image:width\" content=\"1200\" \/>\n\t<meta property=\"og:image:height\" content=\"1200\" \/>\n\t<meta property=\"og:image:type\" content=\"image\/jpeg\" \/>\n<meta name=\"twitter:card\" content=\"summary_large_image\" \/>\n<script type=\"application\/ld+json\" class=\"yoast-schema-graph\">{\"@context\":\"https:\\\/\\\/schema.org\",\"@graph\":[{\"@type\":\"WebPage\",\"@id\":\"https:\\\/\\\/www.metrica.it\\\/fr\\\/produit\\\/detecteur-mural-multifonctions\\\/\",\"url\":\"https:\\\/\\\/www.metrica.it\\\/fr\\\/produit\\\/detecteur-mural-multifonctions\\\/\",\"name\":\"D\u00c9TECTEUR MURAL MULTIFONCTIONS - Metrica\",\"isPartOf\":{\"@id\":\"https:\\\/\\\/www.metrica.it\\\/fr\\\/#website\"},\"primaryImageOfPage\":{\"@id\":\"https:\\\/\\\/www.metrica.it\\\/fr\\\/produit\\\/detecteur-mural-multifonctions\\\/#primaryimage\"},\"image\":{\"@id\":\"https:\\\/\\\/www.metrica.it\\\/fr\\\/produit\\\/detecteur-mural-multifonctions\\\/#primaryimage\"},\"thumbnailUrl\":\"https:\\\/\\\/www.metrica.it\\\/wp-content\\\/uploads\\\/2025\\\/03\\\/61532.jpg\",\"datePublished\":\"2025-03-22T14:03:31+00:00\",\"dateModified\":\"2025-03-22T14:05:15+00:00\",\"breadcrumb\":{\"@id\":\"https:\\\/\\\/www.metrica.it\\\/fr\\\/produit\\\/detecteur-mural-multifonctions\\\/#breadcrumb\"},\"inLanguage\":\"fr-FR\",\"potentialAction\":[{\"@type\":\"ReadAction\",\"target\":[\"https:\\\/\\\/www.metrica.it\\\/fr\\\/produit\\\/detecteur-mural-multifonctions\\\/\"]}]},{\"@type\":\"ImageObject\",\"inLanguage\":\"fr-FR\",\"@id\":\"https:\\\/\\\/www.metrica.it\\\/fr\\\/produit\\\/detecteur-mural-multifonctions\\\/#primaryimage\",\"url\":\"https:\\\/\\\/www.metrica.it\\\/wp-content\\\/uploads\\\/2025\\\/03\\\/61532.jpg\",\"contentUrl\":\"https:\\\/\\\/www.metrica.it\\\/wp-content\\\/uploads\\\/2025\\\/03\\\/61532.jpg\",\"width\":1200,\"height\":1200},{\"@type\":\"BreadcrumbList\",\"@id\":\"https:\\\/\\\/www.metrica.it\\\/fr\\\/produit\\\/detecteur-mural-multifonctions\\\/#breadcrumb\",\"itemListElement\":[{\"@type\":\"ListItem\",\"position\":1,\"name\":\"Home\",\"item\":\"https:\\\/\\\/www.metrica.it\\\/fr\\\/\"},{\"@type\":\"ListItem\",\"position\":2,\"name\":\"Catalogue\",\"item\":\"https:\\\/\\\/www.metrica.it\\\/fr\\\/catalogue\\\/\"},{\"@type\":\"ListItem\",\"position\":3,\"name\":\"D\u00c9TECTEUR MURAL MULTIFONCTIONS\"}]},{\"@type\":\"WebSite\",\"@id\":\"https:\\\/\\\/www.metrica.it\\\/fr\\\/#website\",\"url\":\"https:\\\/\\\/www.metrica.it\\\/fr\\\/\",\"name\":\"Metrica\",\"description\":\"Made to measure\",\"potentialAction\":[{\"@type\":\"SearchAction\",\"target\":{\"@type\":\"EntryPoint\",\"urlTemplate\":\"https:\\\/\\\/www.metrica.it\\\/fr\\\/?s={search_term_string}\"},\"query-input\":{\"@type\":\"PropertyValueSpecification\",\"valueRequired\":true,\"valueName\":\"search_term_string\"}}],\"inLanguage\":\"fr-FR\"}]}<\/script>","yoast_head_json":{"title":"D\u00c9TECTEUR MURAL MULTIFONCTIONS - Metrica","robots":{"index":"index","follow":"follow","max-snippet":"max-snippet:-1","max-image-preview":"max-image-preview:large","max-video-preview":"max-video-preview:-1"},"canonical":"https:\/\/www.metrica.it\/fr\/produit\/detecteur-mural-multifonctions\/","og_locale":"fr_FR","og_type":"article","og_title":"D\u00c9TECTEUR MURAL MULTIFONCTIONS - Metrica","og_description":"D\u00e9tecteur de m\u00e9taux, bois et c\u00e2bles \u00e9lectriques Indication de la profondeur de d\u00e9tection: jusqu\u2019\u00e0 8 cm pour le m\u00e9tal, 2 cm pour le bois et 5 cm pour les c\u00e2bles sous tension Affichage de la profondeur du point central Fonction de d\u00e9tection \u00e0 haute sensibilit\u00e9 Calibrage automatique \u00c9cran retro-illumin\u00e9","og_url":"https:\/\/www.metrica.it\/fr\/produit\/detecteur-mural-multifonctions\/","og_site_name":"Metrica","article_modified_time":"2025-03-22T14:05:15+00:00","og_image":[{"width":1200,"height":1200,"url":"https:\/\/www.metrica.it\/wp-content\/uploads\/2025\/03\/61532.jpg","type":"image\/jpeg"}],"twitter_card":"summary_large_image","schema":{"@context":"https:\/\/schema.org","@graph":[{"@type":"WebPage","@id":"https:\/\/www.metrica.it\/fr\/produit\/detecteur-mural-multifonctions\/","url":"https:\/\/www.metrica.it\/fr\/produit\/detecteur-mural-multifonctions\/","name":"D\u00c9TECTEUR MURAL MULTIFONCTIONS - Metrica","isPartOf":{"@id":"https:\/\/www.metrica.it\/fr\/#website"},"primaryImageOfPage":{"@id":"https:\/\/www.metrica.it\/fr\/produit\/detecteur-mural-multifonctions\/#primaryimage"},"image":{"@id":"https:\/\/www.metrica.it\/fr\/produit\/detecteur-mural-multifonctions\/#primaryimage"},"thumbnailUrl":"https:\/\/www.metrica.it\/wp-content\/uploads\/2025\/03\/61532.jpg","datePublished":"2025-03-22T14:03:31+00:00","dateModified":"2025-03-22T14:05:15+00:00","breadcrumb":{"@id":"https:\/\/www.metrica.it\/fr\/produit\/detecteur-mural-multifonctions\/#breadcrumb"},"inLanguage":"fr-FR","potentialAction":[{"@type":"ReadAction","target":["https:\/\/www.metrica.it\/fr\/produit\/detecteur-mural-multifonctions\/"]}]},{"@type":"ImageObject","inLanguage":"fr-FR","@id":"https:\/\/www.metrica.it\/fr\/produit\/detecteur-mural-multifonctions\/#primaryimage","url":"https:\/\/www.metrica.it\/wp-content\/uploads\/2025\/03\/61532.jpg","contentUrl":"https:\/\/www.metrica.it\/wp-content\/uploads\/2025\/03\/61532.jpg","width":1200,"height":1200},{"@type":"BreadcrumbList","@id":"https:\/\/www.metrica.it\/fr\/produit\/detecteur-mural-multifonctions\/#breadcrumb","itemListElement":[{"@type":"ListItem","position":1,"name":"Home","item":"https:\/\/www.metrica.it\/fr\/"},{"@type":"ListItem","position":2,"name":"Catalogue","item":"https:\/\/www.metrica.it\/fr\/catalogue\/"},{"@type":"ListItem","position":3,"name":"D\u00c9TECTEUR MURAL MULTIFONCTIONS"}]},{"@type":"WebSite","@id":"https:\/\/www.metrica.it\/fr\/#website","url":"https:\/\/www.metrica.it\/fr\/","name":"Metrica","description":"Made to measure","potentialAction":[{"@type":"SearchAction","target":{"@type":"EntryPoint","urlTemplate":"https:\/\/www.metrica.it\/fr\/?s={search_term_string}"},"query-input":{"@type":"PropertyValueSpecification","valueRequired":true,"valueName":"search_term_string"}}],"inLanguage":"fr-FR"}]}},"meta_box":{"awr_documentation":[{"filesize":1434179,"ID":"158164","name":"61532.pdf","path":"\/var\/www\/html\/wp-content\/uploads\/2025\/03\/61532.pdf","url":"https:\/\/www.metrica.it\/wp-content\/uploads\/2025\/03\/61532.pdf","title":"61532.pdf"}],"awr_manuale":[],"awr_scheda_tecnica":"","awr_youtube_video":"","awr_classe_prodotto":"","awr_customize_product":"0","awr_custom_image":false,"awr_related_products":[{"awr_product_references":"ref:61532|ean:800106615322|pack:1"}],"awr_consumabili":"","awr_alternativi":"","awr_aliases":"61532","awr_skuid":"61532-it"},"_links":{"self":[{"href":"https:\/\/www.metrica.it\/fr\/wp-json\/wp\/v2\/product\/158169","targetHints":{"allow":["GET"]}}],"collection":[{"href":"https:\/\/www.metrica.it\/fr\/wp-json\/wp\/v2\/product"}],"about":[{"href":"https:\/\/www.metrica.it\/fr\/wp-json\/wp\/v2\/types\/product"}],"wp:featuredmedia":[{"embeddable":true,"href":"https:\/\/www.metrica.it\/fr\/wp-json\/wp\/v2\/media\/158165"}],"wp:attachment":[{"href":"https:\/\/www.metrica.it\/fr\/wp-json\/wp\/v2\/media?parent=158169"}],"wp:term":[{"taxonomy":"product_cat","embeddable":true,"href":"https:\/\/www.metrica.it\/fr\/wp-json\/wp\/v2\/product_cat?post=158169"},{"taxonomy":"product_tag","embeddable":true,"href":"https:\/\/www.metrica.it\/fr\/wp-json\/wp\/v2\/product_tag?post=158169"}],"curies":[{"name":"wp","href":"https:\/\/api.w.org\/{rel}","templated":true}]}}