{"id":243979,"date":"2025-06-10T15:22:00","date_gmt":"2025-06-10T13:22:00","guid":{"rendered":"https:\/\/www.metrica.it\/?post_type=product&#038;p=243979"},"modified":"2025-06-10T16:02:07","modified_gmt":"2025-06-10T14:02:07","slug":"metrica-forte-classe-ii-copia","status":"publish","type":"product","link":"https:\/\/www.metrica.it\/fr\/produit\/metrica-forte-classe-ii-copia\/","title":{"rendered":"Metrica Forte &#8211; Classe III"},"content":{"rendered":"<ul>\n<li>Syst\u00e8me exclusif d&rsquo;enroulement rapide (vitesse\u00a03x)<\/li>\n<li>Dispositif amortisseur du ruban \u00e0 fin de course<\/li>\n<li>C\u00f4t\u00e9s caoutchout\u00e9s<\/li>\n<li>Poign\u00e9e avec rev\u00eatement caoutchout\u00e9 ail\u00e9e antiglissement<\/li>\n<li>Blocage magn\u00e9tique<\/li>\n<li>Crochet en m\u00e9tal<\/li>\n<li>Ruban bi-colore: recto jaune, verso blanc<\/li>\n<li>Ruban 19 mm de large avec 50 fils de renfort<\/li>\n<\/ul>\n","protected":false},"excerpt":{"rendered":"<p>Syst\u00e8me exclusif d&rsquo;enroulement rapide (vitesse 3x)<br \/>\nDispositif amortisseur du ruban \u00e0 fin de course<br \/>\nC\u00f4t\u00e9s caoutchout\u00e9s<br \/>\nPoign\u00e9e avec rev\u00eatement caoutchout\u00e9 ail\u00e9e antiglissement<br \/>\nBlocage magn\u00e9tique<br \/>\nCrochet en m\u00e9tal<br \/>\nRuban bi-colore: recto jaune, verso blanc<br \/>\nRuban 19 mm de large avec 50 fils de renfort<\/p>\n","protected":false},"featured_media":243985,"template":"","meta":[],"product_cat":[49,613],"product_tag":[],"class_list":{"0":"post-243979","1":"product","2":"type-product","3":"status-publish","4":"has-post-thumbnail","6":"product_cat-mesures-de-longueur","7":"product_cat-mesures-longues","9":"first","10":"instock","11":"sold-individually","12":"product-type-simple"},"yoast_head":"<title>Metrica Forte - Classe Ii | Mesures Longues | Mesures de Longueur - Metrica<\/title>\n<meta name=\"description\" content=\"D\u00e9couvrez la collection de produits., Metrica Forte - Classe Ii - Mesures Longues.Esclusivo sistema di riavvolgimento rapido 3X a,velocit\u00e0 triplicata,Sistema ammortizzatore del nastro a fi n . Consultez le catalogue sur le site officiel de Metrica\" \/>\n<meta name=\"robots\" content=\"index, follow, max-snippet:-1, max-image-preview:large, max-video-preview:-1\" \/>\n<link rel=\"canonical\" href=\"https:\/\/www.metrica.it\/fr\/produit\/metrica-forte-classe-ii-copia\/\" \/>\n<meta property=\"og:locale\" content=\"fr_FR\" \/>\n<meta property=\"og:type\" content=\"article\" \/>\n<meta property=\"og:title\" content=\"Metrica Forte - Classe Ii | Mesures Longues | Mesures de Longueur - Metrica\" \/>\n<meta property=\"og:description\" content=\"D\u00e9couvrez la collection de produits., Metrica Forte - Classe Ii - Mesures Longues.Esclusivo sistema di riavvolgimento rapido 3X a,velocit\u00e0 triplicata,Sistema ammortizzatore del nastro a fi n . Consultez le catalogue sur le site officiel de Metrica\" \/>\n<meta property=\"og:url\" content=\"https:\/\/www.metrica.it\/fr\/produit\/metrica-forte-classe-ii-copia\/\" \/>\n<meta property=\"og:site_name\" content=\"Metrica\" \/>\n<meta property=\"article:modified_time\" content=\"2025-06-10T14:02:07+00:00\" \/>\n<meta property=\"og:image\" content=\"https:\/\/www.metrica.it\/wp-content\/uploads\/2025\/06\/40313-2.jpg\" \/>\n\t<meta property=\"og:image:width\" content=\"1200\" \/>\n\t<meta property=\"og:image:height\" content=\"1200\" \/>\n\t<meta property=\"og:image:type\" content=\"image\/jpeg\" \/>\n<meta name=\"twitter:card\" content=\"summary_large_image\" \/>\n<meta name=\"twitter:label1\" content=\"Dur\u00e9e de lecture estim\u00e9e\" \/>\n\t<meta name=\"twitter:data1\" content=\"1 minute\" \/>\n<script type=\"application\/ld+json\" class=\"yoast-schema-graph\">{\"@context\":\"https:\\\/\\\/schema.org\",\"@graph\":[{\"@type\":\"WebPage\",\"@id\":\"https:\\\/\\\/www.metrica.it\\\/fr\\\/produit\\\/metrica-forte-classe-ii-copia\\\/\",\"url\":\"https:\\\/\\\/www.metrica.it\\\/fr\\\/produit\\\/metrica-forte-classe-ii-copia\\\/\",\"name\":\"Metrica Forte - Classe Ii | Mesures Longues | Mesures de Longueur - Metrica\",\"isPartOf\":{\"@id\":\"https:\\\/\\\/www.metrica.it\\\/fr\\\/#website\"},\"primaryImageOfPage\":{\"@id\":\"https:\\\/\\\/www.metrica.it\\\/fr\\\/produit\\\/metrica-forte-classe-ii-copia\\\/#primaryimage\"},\"image\":{\"@id\":\"https:\\\/\\\/www.metrica.it\\\/fr\\\/produit\\\/metrica-forte-classe-ii-copia\\\/#primaryimage\"},\"thumbnailUrl\":\"https:\\\/\\\/www.metrica.it\\\/wp-content\\\/uploads\\\/2025\\\/06\\\/40313-2.jpg\",\"datePublished\":\"2025-06-10T13:22:00+00:00\",\"dateModified\":\"2025-06-10T14:02:07+00:00\",\"description\":\"D\u00e9couvrez la collection de produits., Metrica Forte - Classe Ii - Mesures Longues.Esclusivo sistema di riavvolgimento rapido 3X a,velocit\u00e0 triplicata,Sistema ammortizzatore del nastro a fi n . Consultez le catalogue sur le site officiel de Metrica\",\"breadcrumb\":{\"@id\":\"https:\\\/\\\/www.metrica.it\\\/fr\\\/produit\\\/metrica-forte-classe-ii-copia\\\/#breadcrumb\"},\"inLanguage\":\"fr-FR\",\"potentialAction\":[{\"@type\":\"ReadAction\",\"target\":[\"https:\\\/\\\/www.metrica.it\\\/fr\\\/produit\\\/metrica-forte-classe-ii-copia\\\/\"]}]},{\"@type\":\"ImageObject\",\"inLanguage\":\"fr-FR\",\"@id\":\"https:\\\/\\\/www.metrica.it\\\/fr\\\/produit\\\/metrica-forte-classe-ii-copia\\\/#primaryimage\",\"url\":\"https:\\\/\\\/www.metrica.it\\\/wp-content\\\/uploads\\\/2025\\\/06\\\/40313-2.jpg\",\"contentUrl\":\"https:\\\/\\\/www.metrica.it\\\/wp-content\\\/uploads\\\/2025\\\/06\\\/40313-2.jpg\",\"width\":1200,\"height\":1200},{\"@type\":\"BreadcrumbList\",\"@id\":\"https:\\\/\\\/www.metrica.it\\\/fr\\\/produit\\\/metrica-forte-classe-ii-copia\\\/#breadcrumb\",\"itemListElement\":[{\"@type\":\"ListItem\",\"position\":1,\"name\":\"Home\",\"item\":\"https:\\\/\\\/www.metrica.it\\\/fr\\\/\"},{\"@type\":\"ListItem\",\"position\":2,\"name\":\"Catalogue\",\"item\":\"https:\\\/\\\/www.metrica.it\\\/fr\\\/catalogue\\\/\"},{\"@type\":\"ListItem\",\"position\":3,\"name\":\"Metrica Forte &#8211; Classe III\"}]},{\"@type\":\"WebSite\",\"@id\":\"https:\\\/\\\/www.metrica.it\\\/fr\\\/#website\",\"url\":\"https:\\\/\\\/www.metrica.it\\\/fr\\\/\",\"name\":\"Metrica\",\"description\":\"Made to measure\",\"potentialAction\":[{\"@type\":\"SearchAction\",\"target\":{\"@type\":\"EntryPoint\",\"urlTemplate\":\"https:\\\/\\\/www.metrica.it\\\/fr\\\/?s={search_term_string}\"},\"query-input\":{\"@type\":\"PropertyValueSpecification\",\"valueRequired\":true,\"valueName\":\"search_term_string\"}}],\"inLanguage\":\"fr-FR\"}]}<\/script>","yoast_head_json":{"title":"Metrica Forte - Classe Ii | Mesures Longues | Mesures de Longueur - Metrica","description":"D\u00e9couvrez la collection de produits., Metrica Forte - Classe Ii - Mesures Longues.Esclusivo sistema di riavvolgimento rapido 3X a,velocit\u00e0 triplicata,Sistema ammortizzatore del nastro a fi n . Consultez le catalogue sur le site officiel de Metrica","robots":{"index":"index","follow":"follow","max-snippet":"max-snippet:-1","max-image-preview":"max-image-preview:large","max-video-preview":"max-video-preview:-1"},"canonical":"https:\/\/www.metrica.it\/fr\/produit\/metrica-forte-classe-ii-copia\/","og_locale":"fr_FR","og_type":"article","og_title":"Metrica Forte - Classe Ii | Mesures Longues | Mesures de Longueur - Metrica","og_description":"D\u00e9couvrez la collection de produits., Metrica Forte - Classe Ii - Mesures Longues.Esclusivo sistema di riavvolgimento rapido 3X a,velocit\u00e0 triplicata,Sistema ammortizzatore del nastro a fi n . Consultez le catalogue sur le site officiel de Metrica","og_url":"https:\/\/www.metrica.it\/fr\/produit\/metrica-forte-classe-ii-copia\/","og_site_name":"Metrica","article_modified_time":"2025-06-10T14:02:07+00:00","og_image":[{"width":1200,"height":1200,"url":"https:\/\/www.metrica.it\/wp-content\/uploads\/2025\/06\/40313-2.jpg","type":"image\/jpeg"}],"twitter_card":"summary_large_image","twitter_misc":{"Dur\u00e9e de lecture estim\u00e9e":"1 minute"},"schema":{"@context":"https:\/\/schema.org","@graph":[{"@type":"WebPage","@id":"https:\/\/www.metrica.it\/fr\/produit\/metrica-forte-classe-ii-copia\/","url":"https:\/\/www.metrica.it\/fr\/produit\/metrica-forte-classe-ii-copia\/","name":"Metrica Forte - Classe Ii | Mesures Longues | Mesures de Longueur - Metrica","isPartOf":{"@id":"https:\/\/www.metrica.it\/fr\/#website"},"primaryImageOfPage":{"@id":"https:\/\/www.metrica.it\/fr\/produit\/metrica-forte-classe-ii-copia\/#primaryimage"},"image":{"@id":"https:\/\/www.metrica.it\/fr\/produit\/metrica-forte-classe-ii-copia\/#primaryimage"},"thumbnailUrl":"https:\/\/www.metrica.it\/wp-content\/uploads\/2025\/06\/40313-2.jpg","datePublished":"2025-06-10T13:22:00+00:00","dateModified":"2025-06-10T14:02:07+00:00","description":"D\u00e9couvrez la collection de produits., Metrica Forte - Classe Ii - Mesures Longues.Esclusivo sistema di riavvolgimento rapido 3X a,velocit\u00e0 triplicata,Sistema ammortizzatore del nastro a fi n . Consultez le catalogue sur le site officiel de Metrica","breadcrumb":{"@id":"https:\/\/www.metrica.it\/fr\/produit\/metrica-forte-classe-ii-copia\/#breadcrumb"},"inLanguage":"fr-FR","potentialAction":[{"@type":"ReadAction","target":["https:\/\/www.metrica.it\/fr\/produit\/metrica-forte-classe-ii-copia\/"]}]},{"@type":"ImageObject","inLanguage":"fr-FR","@id":"https:\/\/www.metrica.it\/fr\/produit\/metrica-forte-classe-ii-copia\/#primaryimage","url":"https:\/\/www.metrica.it\/wp-content\/uploads\/2025\/06\/40313-2.jpg","contentUrl":"https:\/\/www.metrica.it\/wp-content\/uploads\/2025\/06\/40313-2.jpg","width":1200,"height":1200},{"@type":"BreadcrumbList","@id":"https:\/\/www.metrica.it\/fr\/produit\/metrica-forte-classe-ii-copia\/#breadcrumb","itemListElement":[{"@type":"ListItem","position":1,"name":"Home","item":"https:\/\/www.metrica.it\/fr\/"},{"@type":"ListItem","position":2,"name":"Catalogue","item":"https:\/\/www.metrica.it\/fr\/catalogue\/"},{"@type":"ListItem","position":3,"name":"Metrica Forte &#8211; Classe III"}]},{"@type":"WebSite","@id":"https:\/\/www.metrica.it\/fr\/#website","url":"https:\/\/www.metrica.it\/fr\/","name":"Metrica","description":"Made to measure","potentialAction":[{"@type":"SearchAction","target":{"@type":"EntryPoint","urlTemplate":"https:\/\/www.metrica.it\/fr\/?s={search_term_string}"},"query-input":{"@type":"PropertyValueSpecification","valueRequired":true,"valueName":"search_term_string"}}],"inLanguage":"fr-FR"}]}},"meta_box":{"awr_documentation":[],"awr_manuale":[],"awr_scheda_tecnica":"","awr_youtube_video":"","awr_classe_prodotto":"CE_3","awr_customize_product":"0","awr_custom_image":false,"awr_related_products":[{"awr_product_name":"Metrica Forte - Classe Ii","awr_product_references":"ref:40313|ean:8001066403134|l:30 m|larghezza:19 mm|unit_misura:mm|pack:1"},{"awr_product_name":"Metrica Forte - Classe Ii","awr_product_references":"ref:40315|ean:8001066403158|l:50 m|larghezza:19 mm|unit_misura:mm|pack:1"}],"awr_consumabili":"","awr_alternativi":"","awr_aliases":"40313,40315","awr_skuid":"40113-it"},"_links":{"self":[{"href":"https:\/\/www.metrica.it\/fr\/wp-json\/wp\/v2\/product\/243979","targetHints":{"allow":["GET"]}}],"collection":[{"href":"https:\/\/www.metrica.it\/fr\/wp-json\/wp\/v2\/product"}],"about":[{"href":"https:\/\/www.metrica.it\/fr\/wp-json\/wp\/v2\/types\/product"}],"wp:featuredmedia":[{"embeddable":true,"href":"https:\/\/www.metrica.it\/fr\/wp-json\/wp\/v2\/media\/243985"}],"wp:attachment":[{"href":"https:\/\/www.metrica.it\/fr\/wp-json\/wp\/v2\/media?parent=243979"}],"wp:term":[{"taxonomy":"product_cat","embeddable":true,"href":"https:\/\/www.metrica.it\/fr\/wp-json\/wp\/v2\/product_cat?post=243979"},{"taxonomy":"product_tag","embeddable":true,"href":"https:\/\/www.metrica.it\/fr\/wp-json\/wp\/v2\/product_tag?post=243979"}],"curies":[{"name":"wp","href":"https:\/\/api.w.org\/{rel}","templated":true}]}}