{"id":244626,"date":"2025-09-23T15:41:12","date_gmt":"2025-09-23T13:41:12","guid":{"rendered":"https:\/\/www.metrica.it\/?post_type=product&#038;p=244626"},"modified":"2026-01-07T18:48:18","modified_gmt":"2026-01-07T17:48:18","slug":"metrica-4d","status":"publish","type":"product","link":"https:\/\/www.metrica.it\/fr\/produit\/metrica-4d\/","title":{"rendered":"METRICA 4D"},"content":{"rendered":"<ul>\n<li>Niveau automatique laser vert. Projette 4 plans laser \u00e0 360\u00b0: deux plans horizontal et deux plans verticaux \u00e0 90 \u00b0 les uns des autres.<\/li>\n<li>Possibilit\u00e9 de bloquer les faisceaux laser pour les positions inclin\u00e9es<\/li>\n<li>4 \u00e9querrages aux murs<\/li>\n<li>2 croix, une au plafond et une sur le sol externe \u00e0 la base de la structure pour le fil \u00e0 plomb toujours visible<\/li>\n<li>Vitres optiques<\/li>\n<li>Haute visibilit\u00e9<\/li>\n<li>Positionnement facile au plafond (&lt; 2 cm)<\/li>\n<li>Positionnement facile \u00e0 fil du sol (&lt; 2 cm)<\/li>\n<li>Utilisation int\u00e9rieure et ext\u00e9rieure (avec r\u00e9cepteur non inclus)<\/li>\n<li>Clignotement automatique du laser et avertissement sonore si l\u2019appareil est hors de la plage d\u2019auto-nivellement<\/li>\n<li>Syst\u00e8me de blocage int\u00e9gr\u00e9e pour \u00e9viter les vibrations lors du transport, possibilit\u00e9 de projeter les plans laser \u00e9galement dans une position inclin\u00e9e fixe<\/li>\n<li>Forme compacte, rev\u00eatement en caoutchouc antid\u00e9rapant pare-chocs<\/li>\n<li>Pile rechargeable Li-ion pour une longue dur\u00e9e ainsi qu&rsquo;une pile de rechange et un chargeur pour la charge externe<\/li>\n<li>Port USB-C int\u00e9gr\u00e9 \u00e0 l&rsquo;instrument<\/li>\n<li>Indicateur LED de charge de la batterie<\/li>\n<li>T\u00e9l\u00e9commande (ref. 61465)<\/li>\n<li>Livr\u00e9 avec support mural magn\u00e9tique pour plaquistes en mallette rigide<\/li>\n<\/ul>\n","protected":false},"excerpt":{"rendered":"<p>Niveau automatique laser vert. Projette 4 plans laser \u00e0 360\u00b0: deux plans horizontal et deux plans verticaux \u00e0 90 \u00b0 les uns des autres.<br \/>\nPossibilit\u00e9 de bloquer les faisceaux laser pour les positions inclin\u00e9es<br \/>\n4 \u00e9querrages aux murs<br \/>\n2 croix, une au plafond et une sur le sol externe \u00e0 la base de la structure pour le fil \u00e0 plomb toujours visible<br \/>\nVitres optiques<br \/>\nHaute visibilit\u00e9<br \/>\nPositionnement facile au plafond (&lt; 2 cm)<br \/>\nPositionnement facile \u00e0 fil du sol (&lt; 2 cm)<br \/>\nUtilisation int\u00e9rieure et ext\u00e9rieure (avec r\u00e9cepteur non inclus)<br \/>\nClignotement automatique du laser et avertissement sonore si l\u2019appareil est hors de la plage d\u2019auto-nivellement<br \/>\nSyst\u00e8me de blocage int\u00e9gr\u00e9e pour \u00e9viter les vibrations lors du transport, possibilit\u00e9 de projeter les plans laser \u00e9galement dans une position inclin\u00e9e fixe<br \/>\nForme compacte, rev\u00eatement en caoutchouc antid\u00e9rapant pare-chocs<br \/>\nPile rechargeable Li-ion pour une longue dur\u00e9e ainsi qu&rsquo;une pile de rechange et un chargeur pour la charge externe<br \/>\nPort USB-C int\u00e9gr\u00e9 \u00e0 l&rsquo;instrument<br \/>\nIndicateur LED de charge de la batterie<br \/>\nT\u00e9l\u00e9commande (ref. 61465)<br \/>\nLivr\u00e9 avec support mural magn\u00e9tique pour plaquistes en mallette rigide<\/p>\n","protected":false},"featured_media":245066,"template":"","meta":[],"product_cat":[515,522],"product_tag":[],"class_list":{"0":"post-244626","1":"product","2":"type-product","3":"status-publish","4":"has-post-thumbnail","6":"product_cat-laser-et-cameras-thermiques","7":"product_cat-lasers-rotatifs","9":"first","10":"instock","11":"sold-individually","12":"product-type-simple"},"yoast_head":"<title>METRICA 4D - Metrica<\/title>\n<meta name=\"robots\" content=\"index, follow, max-snippet:-1, max-image-preview:large, max-video-preview:-1\" \/>\n<link rel=\"canonical\" href=\"https:\/\/www.metrica.it\/fr\/produit\/metrica-4d\/\" \/>\n<meta property=\"og:locale\" content=\"fr_FR\" \/>\n<meta property=\"og:type\" content=\"article\" \/>\n<meta property=\"og:title\" content=\"METRICA 4D - Metrica\" \/>\n<meta property=\"og:description\" content=\"Niveau automatique laser vert. Projette 4 plans laser \u00e0 360\u00b0: deux plans horizontal et deux plans verticaux \u00e0 90 \u00b0 les uns des autres. Possibilit\u00e9 de bloquer les faisceaux laser pour les positions inclin\u00e9es 4 \u00e9querrages aux murs 2 croix, une au plafond et une sur le sol externe \u00e0 la base de la structure pour le fil \u00e0 plomb toujours visible Vitres optiques Haute visibilit\u00e9 Positionnement facile au plafond (&lt; 2 cm) Positionnement facile \u00e0 fil du sol (&lt; 2 cm) Utilisation int\u00e9rieure et ext\u00e9rieure (avec r\u00e9cepteur non inclus) Clignotement automatique du laser et avertissement sonore si l\u2019appareil est hors de la plage d\u2019auto-nivellement Syst\u00e8me de blocage int\u00e9gr\u00e9e pour \u00e9viter les vibrations lors du transport, possibilit\u00e9 de projeter les plans laser \u00e9galement dans une position inclin\u00e9e fixe Forme compacte, rev\u00eatement en caoutchouc antid\u00e9rapant pare-chocs Pile rechargeable Li-ion pour une longue dur\u00e9e ainsi qu&#039;une pile de rechange et un chargeur pour la charge externe Port USB-C int\u00e9gr\u00e9 \u00e0 l&#039;instrument Indicateur LED de charge de la batterie T\u00e9l\u00e9commande (ref. 61465) Livr\u00e9 avec support mural magn\u00e9tique pour plaquistes en mallette rigide\" \/>\n<meta property=\"og:url\" content=\"https:\/\/www.metrica.it\/fr\/produit\/metrica-4d\/\" \/>\n<meta property=\"og:site_name\" content=\"Metrica\" \/>\n<meta property=\"article:modified_time\" content=\"2026-01-07T17:48:18+00:00\" \/>\n<meta property=\"og:image\" content=\"https:\/\/www.metrica.it\/wp-content\/uploads\/2025\/09\/61470-1-scaled.jpg\" \/>\n\t<meta property=\"og:image:width\" content=\"2560\" \/>\n\t<meta property=\"og:image:height\" content=\"2560\" \/>\n\t<meta property=\"og:image:type\" content=\"image\/jpeg\" \/>\n<meta name=\"twitter:card\" content=\"summary_large_image\" \/>\n<meta name=\"twitter:label1\" content=\"Dur\u00e9e de lecture estim\u00e9e\" \/>\n\t<meta name=\"twitter:data1\" content=\"2 minutes\" \/>\n<script type=\"application\/ld+json\" class=\"yoast-schema-graph\">{\"@context\":\"https:\\\/\\\/schema.org\",\"@graph\":[{\"@type\":\"WebPage\",\"@id\":\"https:\\\/\\\/www.metrica.it\\\/fr\\\/produit\\\/metrica-4d\\\/\",\"url\":\"https:\\\/\\\/www.metrica.it\\\/fr\\\/produit\\\/metrica-4d\\\/\",\"name\":\"METRICA 4D - Metrica\",\"isPartOf\":{\"@id\":\"https:\\\/\\\/www.metrica.it\\\/fr\\\/#website\"},\"primaryImageOfPage\":{\"@id\":\"https:\\\/\\\/www.metrica.it\\\/fr\\\/produit\\\/metrica-4d\\\/#primaryimage\"},\"image\":{\"@id\":\"https:\\\/\\\/www.metrica.it\\\/fr\\\/produit\\\/metrica-4d\\\/#primaryimage\"},\"thumbnailUrl\":\"https:\\\/\\\/www.metrica.it\\\/wp-content\\\/uploads\\\/2025\\\/09\\\/61470-1-scaled.jpg\",\"datePublished\":\"2025-09-23T13:41:12+00:00\",\"dateModified\":\"2026-01-07T17:48:18+00:00\",\"breadcrumb\":{\"@id\":\"https:\\\/\\\/www.metrica.it\\\/fr\\\/produit\\\/metrica-4d\\\/#breadcrumb\"},\"inLanguage\":\"fr-FR\",\"potentialAction\":[{\"@type\":\"ReadAction\",\"target\":[\"https:\\\/\\\/www.metrica.it\\\/fr\\\/produit\\\/metrica-4d\\\/\"]}]},{\"@type\":\"ImageObject\",\"inLanguage\":\"fr-FR\",\"@id\":\"https:\\\/\\\/www.metrica.it\\\/fr\\\/produit\\\/metrica-4d\\\/#primaryimage\",\"url\":\"https:\\\/\\\/www.metrica.it\\\/wp-content\\\/uploads\\\/2025\\\/09\\\/61470-1-scaled.jpg\",\"contentUrl\":\"https:\\\/\\\/www.metrica.it\\\/wp-content\\\/uploads\\\/2025\\\/09\\\/61470-1-scaled.jpg\",\"width\":2560,\"height\":2560},{\"@type\":\"BreadcrumbList\",\"@id\":\"https:\\\/\\\/www.metrica.it\\\/fr\\\/produit\\\/metrica-4d\\\/#breadcrumb\",\"itemListElement\":[{\"@type\":\"ListItem\",\"position\":1,\"name\":\"Home\",\"item\":\"https:\\\/\\\/www.metrica.it\\\/fr\\\/\"},{\"@type\":\"ListItem\",\"position\":2,\"name\":\"Catalogue\",\"item\":\"https:\\\/\\\/www.metrica.it\\\/fr\\\/catalogue\\\/\"},{\"@type\":\"ListItem\",\"position\":3,\"name\":\"METRICA 4D\"}]},{\"@type\":\"WebSite\",\"@id\":\"https:\\\/\\\/www.metrica.it\\\/fr\\\/#website\",\"url\":\"https:\\\/\\\/www.metrica.it\\\/fr\\\/\",\"name\":\"Metrica\",\"description\":\"Made to measure\",\"potentialAction\":[{\"@type\":\"SearchAction\",\"target\":{\"@type\":\"EntryPoint\",\"urlTemplate\":\"https:\\\/\\\/www.metrica.it\\\/fr\\\/?s={search_term_string}\"},\"query-input\":{\"@type\":\"PropertyValueSpecification\",\"valueRequired\":true,\"valueName\":\"search_term_string\"}}],\"inLanguage\":\"fr-FR\"}]}<\/script>","yoast_head_json":{"title":"METRICA 4D - Metrica","robots":{"index":"index","follow":"follow","max-snippet":"max-snippet:-1","max-image-preview":"max-image-preview:large","max-video-preview":"max-video-preview:-1"},"canonical":"https:\/\/www.metrica.it\/fr\/produit\/metrica-4d\/","og_locale":"fr_FR","og_type":"article","og_title":"METRICA 4D - Metrica","og_description":"Niveau automatique laser vert. Projette 4 plans laser \u00e0 360\u00b0: deux plans horizontal et deux plans verticaux \u00e0 90 \u00b0 les uns des autres. Possibilit\u00e9 de bloquer les faisceaux laser pour les positions inclin\u00e9es 4 \u00e9querrages aux murs 2 croix, une au plafond et une sur le sol externe \u00e0 la base de la structure pour le fil \u00e0 plomb toujours visible Vitres optiques Haute visibilit\u00e9 Positionnement facile au plafond (&lt; 2 cm) Positionnement facile \u00e0 fil du sol (&lt; 2 cm) Utilisation int\u00e9rieure et ext\u00e9rieure (avec r\u00e9cepteur non inclus) Clignotement automatique du laser et avertissement sonore si l\u2019appareil est hors de la plage d\u2019auto-nivellement Syst\u00e8me de blocage int\u00e9gr\u00e9e pour \u00e9viter les vibrations lors du transport, possibilit\u00e9 de projeter les plans laser \u00e9galement dans une position inclin\u00e9e fixe Forme compacte, rev\u00eatement en caoutchouc antid\u00e9rapant pare-chocs Pile rechargeable Li-ion pour une longue dur\u00e9e ainsi qu'une pile de rechange et un chargeur pour la charge externe Port USB-C int\u00e9gr\u00e9 \u00e0 l'instrument Indicateur LED de charge de la batterie T\u00e9l\u00e9commande (ref. 61465) Livr\u00e9 avec support mural magn\u00e9tique pour plaquistes en mallette rigide","og_url":"https:\/\/www.metrica.it\/fr\/produit\/metrica-4d\/","og_site_name":"Metrica","article_modified_time":"2026-01-07T17:48:18+00:00","og_image":[{"width":2560,"height":2560,"url":"https:\/\/www.metrica.it\/wp-content\/uploads\/2025\/09\/61470-1-scaled.jpg","type":"image\/jpeg"}],"twitter_card":"summary_large_image","twitter_misc":{"Dur\u00e9e de lecture estim\u00e9e":"2 minutes"},"schema":{"@context":"https:\/\/schema.org","@graph":[{"@type":"WebPage","@id":"https:\/\/www.metrica.it\/fr\/produit\/metrica-4d\/","url":"https:\/\/www.metrica.it\/fr\/produit\/metrica-4d\/","name":"METRICA 4D - Metrica","isPartOf":{"@id":"https:\/\/www.metrica.it\/fr\/#website"},"primaryImageOfPage":{"@id":"https:\/\/www.metrica.it\/fr\/produit\/metrica-4d\/#primaryimage"},"image":{"@id":"https:\/\/www.metrica.it\/fr\/produit\/metrica-4d\/#primaryimage"},"thumbnailUrl":"https:\/\/www.metrica.it\/wp-content\/uploads\/2025\/09\/61470-1-scaled.jpg","datePublished":"2025-09-23T13:41:12+00:00","dateModified":"2026-01-07T17:48:18+00:00","breadcrumb":{"@id":"https:\/\/www.metrica.it\/fr\/produit\/metrica-4d\/#breadcrumb"},"inLanguage":"fr-FR","potentialAction":[{"@type":"ReadAction","target":["https:\/\/www.metrica.it\/fr\/produit\/metrica-4d\/"]}]},{"@type":"ImageObject","inLanguage":"fr-FR","@id":"https:\/\/www.metrica.it\/fr\/produit\/metrica-4d\/#primaryimage","url":"https:\/\/www.metrica.it\/wp-content\/uploads\/2025\/09\/61470-1-scaled.jpg","contentUrl":"https:\/\/www.metrica.it\/wp-content\/uploads\/2025\/09\/61470-1-scaled.jpg","width":2560,"height":2560},{"@type":"BreadcrumbList","@id":"https:\/\/www.metrica.it\/fr\/produit\/metrica-4d\/#breadcrumb","itemListElement":[{"@type":"ListItem","position":1,"name":"Home","item":"https:\/\/www.metrica.it\/fr\/"},{"@type":"ListItem","position":2,"name":"Catalogue","item":"https:\/\/www.metrica.it\/fr\/catalogue\/"},{"@type":"ListItem","position":3,"name":"METRICA 4D"}]},{"@type":"WebSite","@id":"https:\/\/www.metrica.it\/fr\/#website","url":"https:\/\/www.metrica.it\/fr\/","name":"Metrica","description":"Made to measure","potentialAction":[{"@type":"SearchAction","target":{"@type":"EntryPoint","urlTemplate":"https:\/\/www.metrica.it\/fr\/?s={search_term_string}"},"query-input":{"@type":"PropertyValueSpecification","valueRequired":true,"valueName":"search_term_string"}}],"inLanguage":"fr-FR"}]}},"meta_box":{"awr_documentation":[{"filesize":1114179,"ID":"244636","name":"61470.pdf","path":"\/var\/www\/html\/wp-content\/uploads\/2025\/09\/61470.pdf","url":"https:\/\/www.metrica.it\/wp-content\/uploads\/2025\/09\/61470.pdf","title":"61470"}],"awr_manuale":[],"awr_scheda_tecnica":"<table>\n<tbody>\n<tr>\n<td>Port\u00e9e (en fonction de l\u2019\u00e9clairage)<\/td>\n<td>30 m (\u00d8 60 m)<\/td>\n<\/tr>\n<tr>\n<td>Port\u00e9e avec r\u00e9cepteur<\/td>\n<td>50 m (\u00d8 100 m)<\/td>\n<\/tr>\n<tr>\n<td>Pr\u00e9cision de nivellement<\/td>\n<td>\u00b1 2 mm \/ 10 m<\/td>\n<\/tr>\n<tr>\n<td>Plage d\u2019auto-nivellement<\/td>\n<td>\u00b1 4\u00b0<\/td>\n<\/tr>\n<tr>\n<td>Signal hors auto-nivellement<\/td>\n<td>oui<\/td>\n<\/tr>\n<tr>\n<td>Type de laser<\/td>\n<td>520 nm &lt;1mw<\/td>\n<\/tr>\n<tr>\n<td>Puissance du laser<\/td>\n<td>Classe II<\/td>\n<\/tr>\n<tr>\n<td>Piles<\/td>\n<td>7.4V 2600 mAh<\/td>\n<\/tr>\n<tr>\n<td>Dimensions<\/td>\n<td>140 x 160 x 85<\/td>\n<\/tr>\n<tr>\n<td>Poids (sans piles)<\/td>\n<td>0,65 Kg<\/td>\n<\/tr>\n<tr>\n<td>\u00c9tanch\u00e9it\u00e9<\/td>\n<td>IP 54<\/td>\n<\/tr>\n<tr>\n<td>Filetage pour tr\u00e9pied<\/td>\n<td>1\/4\u201d - 5\/8\u201d<\/td>\n<\/tr>\n<\/tbody>\n<\/table>\n","awr_youtube_video":"","awr_classe_prodotto":"","awr_customize_product":"0","awr_custom_image":false,"awr_related_products":[{"awr_product_references":"ref:61470|ean:8001066614707|pack:1"}],"awr_consumabili":"61447,60866,61453,61454,61450,61451,61465,60749","awr_alternativi":"61410MPLUS,61415MPLUS,60845,61438,","awr_aliases":"61470","awr_skuid":"61410MPLUS-it"},"_links":{"self":[{"href":"https:\/\/www.metrica.it\/fr\/wp-json\/wp\/v2\/product\/244626","targetHints":{"allow":["GET"]}}],"collection":[{"href":"https:\/\/www.metrica.it\/fr\/wp-json\/wp\/v2\/product"}],"about":[{"href":"https:\/\/www.metrica.it\/fr\/wp-json\/wp\/v2\/types\/product"}],"wp:featuredmedia":[{"embeddable":true,"href":"https:\/\/www.metrica.it\/fr\/wp-json\/wp\/v2\/media\/245066"}],"wp:attachment":[{"href":"https:\/\/www.metrica.it\/fr\/wp-json\/wp\/v2\/media?parent=244626"}],"wp:term":[{"taxonomy":"product_cat","embeddable":true,"href":"https:\/\/www.metrica.it\/fr\/wp-json\/wp\/v2\/product_cat?post=244626"},{"taxonomy":"product_tag","embeddable":true,"href":"https:\/\/www.metrica.it\/fr\/wp-json\/wp\/v2\/product_tag?post=244626"}],"curies":[{"name":"wp","href":"https:\/\/api.w.org\/{rel}","templated":true}]}}